{"id":3779,"date":"2021-09-16T05:42:19","date_gmt":"2021-09-16T03:42:19","guid":{"rendered":"https:\/\/wegeblw.pl\/index.php\/produkt\/damskie-buty-new-balance-mt_wt410v7-nbwt410lp7-czarny\/"},"modified":"2026-04-08T23:18:25","modified_gmt":"2026-04-08T21:18:25","slug":"damskie-buty-new-balance-mt_wt410v7-nbwt410lp7-czarny","status":"publish","type":"product","link":"https:\/\/wegeblw.pl\/index.php\/produkt\/damskie-buty-new-balance-mt_wt410v7-nbwt410lp7-czarny\/","title":{"rendered":"Damskie Buty NEW BALANCE MT_WT410V7 NBWT410LP7 \u2013 Czarny"},"content":{"rendered":"<p>Oprawy okularowe Rodenstock<\/p>\n<p>Okulary oprawki i szk\u0142a<\/p>\n<p>k\u0142odawska, olej rycynowy na brwi efekty, trzcinowy cukier, eliza m\u00f3rawska<\/p>\n<p>yyyyy<\/p>\n","protected":false},"excerpt":{"rendered":"<p>Oprawy okularowe Rodenstock Okulary oprawki i szk\u0142a k\u0142odawska, olej rycynowy na brwi efekty, trzcinowy cukier, eliza m\u00f3rawska yyyyy<\/p>\n","protected":false},"featured_media":3780,"comment_status":"closed","ping_status":"open","template":"","meta":[],"product_cat":[260],"product_tag":[865,662,723,631,701,713],"class_list":["post-3779","product","type-product","status-publish","has-post-thumbnail","hentry","product_cat-buty-sportowe-damskie","product_tag-bulgur","product_tag-co-mozna-zrobic-z-kokosa","product_tag-guar","product_tag-isola-bio","product_tag-produkty-klasztorne","product_tag-zur-a-zurek"],"_links":{"self":[{"href":"https:\/\/wegeblw.pl\/index.php\/wp-json\/wp\/v2\/product\/3779","targetHints":{"allow":["GET"]}}],"collection":[{"href":"https:\/\/wegeblw.pl\/index.php\/wp-json\/wp\/v2\/product"}],"about":[{"href":"https:\/\/wegeblw.pl\/index.php\/wp-json\/wp\/v2\/types\/product"}],"replies":[{"embeddable":true,"href":"https:\/\/wegeblw.pl\/index.php\/wp-json\/wp\/v2\/comments?post=3779"}],"wp:featuredmedia":[{"embeddable":true,"href":"https:\/\/wegeblw.pl\/index.php\/wp-json\/wp\/v2\/media\/3780"}],"wp:attachment":[{"href":"https:\/\/wegeblw.pl\/index.php\/wp-json\/wp\/v2\/media?parent=3779"}],"wp:term":[{"taxonomy":"product_cat","embeddable":true,"href":"https:\/\/wegeblw.pl\/index.php\/wp-json\/wp\/v2\/product_cat?post=3779"},{"taxonomy":"product_tag","embeddable":true,"href":"https:\/\/wegeblw.pl\/index.php\/wp-json\/wp\/v2\/product_tag?post=3779"}],"curies":[{"name":"wp","href":"https:\/\/api.w.org\/{rel}","templated":true}]}}