{"id":3791,"date":"2017-11-10T22:28:39","date_gmt":"2017-11-10T21:28:39","guid":{"rendered":"https:\/\/wegeblw.pl\/index.php\/produkt\/damskie-sneakersy-skechers-uno-on-air\/"},"modified":"2026-04-08T07:31:40","modified_gmt":"2026-04-08T05:31:40","slug":"damskie-sneakersy-skechers-uno-on-air","status":"publish","type":"product","link":"https:\/\/wegeblw.pl\/index.php\/produkt\/damskie-sneakersy-skechers-uno-on-air\/","title":{"rendered":"Damskie sneakersy SKECHERS UNO ON AIR"},"content":{"rendered":"<p>ANIMAL STAR jest specjalnie przygotowan\u0105 formu\u0142\u0105 wspieraj\u0105c\u0105 wzrost i rozw\u00f3j organizmu dziecka.Materia\u0142y zawarte na stronach www.dmgmedical.eu, a w szczeg\u00f3lno\u015bci katalog, nie stanowi\u0105 oferty w rozumieniu przepis\u00f3w Kodeksu Cywilnego i maj\u0105 jedynie charakter informacyjny.Pomimo do\u0142o\u017cenia wszelkich stara\u0144, nie gwarantujemy, \u017ce publikowane dane nie zawieraj\u0105 uchybie\u0144 lub b\u0142\u0119d\u00f3w, kt\u00f3re nie mog\u0105 jednak by\u0107 podstaw\u0105 do reklamacji.Materia\u0142 przeznaczony jest dla os\u00f3b posiadaj\u0105cych kwalifikacje w zakresie medycyny, farmacji lub \u017cywienia.Zestawienia produkt\u00f3w zawarte w tym katalogu s\u0105 wy\u0142\u0105cznie propozycjami i mog\u0105 by\u0107 modyfikowane zgodnie z zaleceniami lekarza czy w\u0142asnymi do\u015bwiadczeniami.Opisy produkt\u00f3w zawarte na stronach www.dmgmedical.eu stanowi\u0105 uzupe\u0142nienie tre\u015bci etykiety ka\u017cdego z preparat\u00f3w.Zalecane dzienne spo\u017cycie1 tabletka 2\u00d7 dziennie.Sk\u0142adniki  (2 tabletek): Mieszanka z suszonych owoc\u00f3w i warzyw; substancja s\u0142odz\u0105ca: sacharoza; wap\u0144 (w\u0119glan wapnia, sole wapniowe kwasu cytrynowego L-askorbinian wapnia) 250 mg (31,2 % RWS*); witamina C (L askorbinian sodu) 120 mg (150% RWS*); substancja s\u0142odz\u0105ca: fruktoza; regulator kwasowo\u015bci: kwas jab\u0142kowy; witamina E (bursztynian D-alfa-tokoferylu) 20 mg (166 % RWS*); witamina B3-niacyna (kwas nikotynowy) 20 mg (125 % RWS*); substancja s\u0142odz\u0105ca:mannitol; aromat malinowy; substancja przeciwzbrylaj\u0105ca: dwutlenek krzemu; substancja przeciwzbrylaj\u0105ca &#8211; sole magnezowe kwas\u00f3w t\u0142uszczowych (stearynian magnezu); witamina B5-kwas pantotenowy (D-pantotenian wapnia) 10 mg (166,6 % RWS*); witamina B6 (chlorowodorek pirydoksyny) 2 mg (142,8 % RWS*); witamina B2 (ryboflawina) 1,7 mg (121,4 % RWS*); witamina B1 (monoazotan tiaminy) 1,5 mg (136,4 % RWS*); witamina A (palmitynian retinylu) 750 \u00b5g (93,7 % RWS*); beta- karoten 1.500 \u00b5g; barwnik: czerwie\u0144 buraczana; kwas foliowy (kwas pteroilomonoglutaminowy) 400 \u00b5g (200 % RWS*); biotyna (D-biotyna) 100 \u00b5g (200 % RWS*); witamina D (cholekalcyferol) 10 \u00b5g (200 % RWS*), witamina B12 (cyjanokobalamina) 6 \u00b5g (240 % RWS*). RWS* = Referencyjna Warto\u015b\u0107 Spo\u017cyciaW celu szybszej orientacji w ilo\u015bci substancji aktywnych, w ekstraktach wykazane zosta\u0142y ich rzeczywiste (pierwotne) ilo\u015bci.Zawarto\u015b\u0107: 60 tblUWAGA:  Utrzymanie prawid\u0142owego stanu zdrowia wymaga zr\u00f3\u017cnicowanego od\u017cywiania i prowadzenia zdrowego trybu \u017cycia. Suplement diety nie mo\u017ce by\u0107 stosowany, jako substytut zr\u00f3\u017cnicowanej diety. Produkt nie jest przeznaczony dla dzieci, kobiet w ci\u0105\u017cy i karmi\u0105cych. Nie nale\u017cy przekracza\u0107 zalecanej porcji do spo\u017cycia w ci\u0105gu dnia. Przechowywa\u0107 w miejscu suchym i ciemnym w spos\u00f3b niedost\u0119pny dla ma\u0142ych dzieci.Najlepiej spo\u017cy\u0107 przed: Data minimalnej trwa\u0142o\u015bci, b\u0119d\u0105ca jednocze\u015bnie numerem partii, znajduje si\u0119 w g\u00f3rnej cz\u0119\u015bci opakowania.<\/p>\n<p>Suplementy dla dzieci<\/p>\n<p>bombila, moring\u0119, g\u00f3rskie p\u0142atki owsiane, nacjos<\/p>\n<p>yyyyy<\/p>\n","protected":false},"excerpt":{"rendered":"<p>ANIMAL STAR jest specjalnie przygotowan\u0105 formu\u0142\u0105 wspieraj\u0105c\u0105 wzrost i rozw\u00f3j organizmu dziecka.Materia\u0142y zawarte na stronach www.dmgmedical.eu, a w szczeg\u00f3lno\u015bci katalog,&hellip;<\/p>\n","protected":false},"featured_media":3792,"comment_status":"closed","ping_status":"open","template":"","meta":[],"product_cat":[260],"product_tag":[852,876,870,842],"class_list":["post-3791","product","type-product","status-publish","has-post-thumbnail","hentry","product_cat-buty-sportowe-damskie","product_tag-fenkul","product_tag-herbaty-bio","product_tag-oliwa-z-oliwek","product_tag-weganskie-slodycze"],"_links":{"self":[{"href":"https:\/\/wegeblw.pl\/index.php\/wp-json\/wp\/v2\/product\/3791","targetHints":{"allow":["GET"]}}],"collection":[{"href":"https:\/\/wegeblw.pl\/index.php\/wp-json\/wp\/v2\/product"}],"about":[{"href":"https:\/\/wegeblw.pl\/index.php\/wp-json\/wp\/v2\/types\/product"}],"replies":[{"embeddable":true,"href":"https:\/\/wegeblw.pl\/index.php\/wp-json\/wp\/v2\/comments?post=3791"}],"wp:featuredmedia":[{"embeddable":true,"href":"https:\/\/wegeblw.pl\/index.php\/wp-json\/wp\/v2\/media\/3792"}],"wp:attachment":[{"href":"https:\/\/wegeblw.pl\/index.php\/wp-json\/wp\/v2\/media?parent=3791"}],"wp:term":[{"taxonomy":"product_cat","embeddable":true,"href":"https:\/\/wegeblw.pl\/index.php\/wp-json\/wp\/v2\/product_cat?post=3791"},{"taxonomy":"product_tag","embeddable":true,"href":"https:\/\/wegeblw.pl\/index.php\/wp-json\/wp\/v2\/product_tag?post=3791"}],"curies":[{"name":"wp","href":"https:\/\/api.w.org\/{rel}","templated":true}]}}