{"id":3797,"date":"2015-04-14T18:27:39","date_gmt":"2015-04-14T16:27:39","guid":{"rendered":"https:\/\/wegeblw.pl\/index.php\/produkt\/david-jones-torebka-damska-hobo-z-regulowanym-uchwytem-dj\/"},"modified":"2026-04-08T07:50:36","modified_gmt":"2026-04-08T05:50:36","slug":"david-jones-torebka-damska-hobo-z-regulowanym-uchwytem-dj","status":"publish","type":"product","link":"https:\/\/wegeblw.pl\/index.php\/produkt\/david-jones-torebka-damska-hobo-z-regulowanym-uchwytem-dj\/","title":{"rendered":"David Jones Torebka damska hobo z regulowanym uchwytem DJ"},"content":{"rendered":"<p>Pi\u0142ka fasolka Physio Roll Physio Roll to uniwersalny przyrz\u0105d stworzony do rehabilitacji oraz r\u00f3\u017cnych form terapii dzieci i doros\u0142ych. Znajduje zastosowanie w pacy z pacjentami, kt\u00f3rzy maj\u0105 problem z utrzymaniem r\u00f3wnowagi, propriocepcj\u0105 i koordynacj\u0105 ruchow\u0105.Fasolka rehabilitacyjna jest wykorzystywany do \u0107wicze\u0144 r\u00f3wnowa\u017cnych i korekcyjnych. Doskonale nadaje si\u0119 do usprawniania os\u00f3b po wypadkach, os\u00f3b z chorobami narz\u0105du ruchu oraz z uszkodzeniami lub chorobami neurologicznymi.Physio Roll ma unikalny kszta\u0142t, kt\u00f3ry zapewnia pewniejsz\u0105 pozycj\u0119 ni\u017c pi\u0142ka gimnastyczna oraz umo\u017cliwia terapeucie siedzenie razem z pacjentem i wspomaganie jego pracy.Pi\u0142ki fasolki s\u0105 wykonane z wysokiej jako\u015bci materia\u0142\u00f3w, kt\u00f3re nie posiadaj\u0105 szkodliwych sk\u0142adnik\u00f3w takich jak ftalany. Fasolki rehabilitacyjne Gymnic s\u0105 produkowane we W\u0142oszech.Specyfikacja fasolki rehabilitacyjnej Physio RollRekomendowane obci\u0105\u017cenie maksymalne wynosi 120 kg, a testowane obci\u0105\u017cenie maksymalne 300 kg.Dost\u0119pne modele:30 x 50 cm niebieski40 x 65 cm czerwony55 x 90 cm \u017c\u00f3\u0142ty70 x 115 cm niebieski85 x 130 cm czerwony<\/p>\n<p>Akcesoria do rehabilitacji<\/p>\n<p>pestki dyni suszenie, syrop wi\u015bniowy, soczewica w ci\u0105\u017cy, kisiel owocowy, jakie s\u0105 rodzaje soli, siemie lniane na zaparcia przepis, foremki silikonowe do babeczek, olej z orzechow, ser kozi laktoza, dzem \u015bliwkowy, domowa papryka konserwowa, powid\u0142a wisniowe, bania agafii maska do twarzy odm\u0142adzaj\u0105ca, kr\u00f3wki na dzie\u0144 nauczyciela, woda jest, glutaminian monosodowy szkodliwo\u015b\u0107<\/p>\n<p>yyyyy<\/p>\n","protected":false},"excerpt":{"rendered":"<p>Pi\u0142ka fasolka Physio Roll Physio Roll to uniwersalny przyrz\u0105d stworzony do rehabilitacji oraz r\u00f3\u017cnych form terapii dzieci i doros\u0142ych. Znajduje&hellip;<\/p>\n","protected":false},"featured_media":3798,"comment_status":"closed","ping_status":"open","template":"","meta":[],"product_cat":[259],"product_tag":[854,682,624,623,726],"class_list":["post-3797","product","type-product","status-publish","has-post-thumbnail","hentry","product_cat-torebki-damskie","product_tag-ecomil","product_tag-food-organic-store","product_tag-kombucha-sklep","product_tag-mleko-roslinne","product_tag-organic"],"_links":{"self":[{"href":"https:\/\/wegeblw.pl\/index.php\/wp-json\/wp\/v2\/product\/3797","targetHints":{"allow":["GET"]}}],"collection":[{"href":"https:\/\/wegeblw.pl\/index.php\/wp-json\/wp\/v2\/product"}],"about":[{"href":"https:\/\/wegeblw.pl\/index.php\/wp-json\/wp\/v2\/types\/product"}],"replies":[{"embeddable":true,"href":"https:\/\/wegeblw.pl\/index.php\/wp-json\/wp\/v2\/comments?post=3797"}],"wp:featuredmedia":[{"embeddable":true,"href":"https:\/\/wegeblw.pl\/index.php\/wp-json\/wp\/v2\/media\/3798"}],"wp:attachment":[{"href":"https:\/\/wegeblw.pl\/index.php\/wp-json\/wp\/v2\/media?parent=3797"}],"wp:term":[{"taxonomy":"product_cat","embeddable":true,"href":"https:\/\/wegeblw.pl\/index.php\/wp-json\/wp\/v2\/product_cat?post=3797"},{"taxonomy":"product_tag","embeddable":true,"href":"https:\/\/wegeblw.pl\/index.php\/wp-json\/wp\/v2\/product_tag?post=3797"}],"curies":[{"name":"wp","href":"https:\/\/api.w.org\/{rel}","templated":true}]}}