{"id":3817,"date":"2013-03-10T07:41:16","date_gmt":"2013-03-10T06:41:16","guid":{"rendered":"https:\/\/wegeblw.pl\/index.php\/produkt\/oprawki-damskie-guess-gu2603-brazowe-fioletowe\/"},"modified":"2026-04-07T08:16:45","modified_gmt":"2026-04-07T06:16:45","slug":"oprawki-damskie-guess-gu2603-brazowe-fioletowe","status":"publish","type":"product","link":"https:\/\/wegeblw.pl\/index.php\/produkt\/oprawki-damskie-guess-gu2603-brazowe-fioletowe\/","title":{"rendered":"Oprawki damskie Guess GU2603 Br\u0105zowe Fioletowe"},"content":{"rendered":"<p>Stan produktuNowy z metk\u0105KolekcjaTestKolor kopertyDwukolorowy\u015arednica koperty (od-do)46 &#8211; 50 mmSzeroko\u015b\u0107 paska26\u015arednica koperty (dok\u0142adnie)46 mmGrubo\u015b\u0107 koperty13 mmRodzaj kopertyStal nierdzewnaKolor tarczyCzarnyFunkcjeTarcza 24-godzinna,Chronograf,DataRodzajM\u0119skiSzkie\u0142koMineralneMechanizmKwarcowyKolor paskaCzarnyMateria\u0142 paskaTworzywo sztuczneWodoszczelno\u015b\u01075 ATMTyp mechanizmuKwarcowyWy\u015bwietlaczAnalogowyTyp kalendarzaDzie\u0144 miesi\u0105ca, dzie\u0144 tygodnia,Zapi\u0119cieKlamerka<\/p>\n<p>Zegarki<\/p>\n<p>arachidowe, wega\u0144ski ser \u017c\u00f3\u0142ty, matcha wroc\u0142aw, soft gel, mieszanka do wypieku chleba, syrop z li\u015bci laurowych i cytryny<\/p>\n<p><a href=\"https:\/\/ktclinic.pl\/zabiegi\/\">https:\/\/ktclinic.pl\/zabiegi\/<\/a><\/p>\n","protected":false},"excerpt":{"rendered":"<p>Stan produktuNowy z metk\u0105KolekcjaTestKolor kopertyDwukolorowy\u015arednica koperty (od-do)46 &#8211; 50 mmSzeroko\u015b\u0107 paska26\u015arednica koperty (dok\u0142adnie)46 mmGrubo\u015b\u0107 koperty13 mmRodzaj kopertyStal nierdzewnaKolor tarczyCzarnyFunkcjeTarcza 24-godzinna,Chronograf,DataRodzajM\u0119skiSzkie\u0142koMineralneMechanizmKwarcowyKolor&hellip;<\/p>\n","protected":false},"featured_media":3818,"comment_status":"closed","ping_status":"open","template":"","meta":[],"product_cat":[249],"product_tag":[751,793,821,666,660,700],"class_list":["post-3817","product","type-product","status-publish","has-post-thumbnail","hentry","product_cat-okulary-oprawki-i-szkla","product_tag-24-organic","product_tag-bio-planet-sklep","product_tag-gotowanie-komosy-ryzowej","product_tag-lody-haagen-dazs","product_tag-olej-ryzowy","product_tag-przepis-na-sekacza"],"_links":{"self":[{"href":"https:\/\/wegeblw.pl\/index.php\/wp-json\/wp\/v2\/product\/3817","targetHints":{"allow":["GET"]}}],"collection":[{"href":"https:\/\/wegeblw.pl\/index.php\/wp-json\/wp\/v2\/product"}],"about":[{"href":"https:\/\/wegeblw.pl\/index.php\/wp-json\/wp\/v2\/types\/product"}],"replies":[{"embeddable":true,"href":"https:\/\/wegeblw.pl\/index.php\/wp-json\/wp\/v2\/comments?post=3817"}],"wp:featuredmedia":[{"embeddable":true,"href":"https:\/\/wegeblw.pl\/index.php\/wp-json\/wp\/v2\/media\/3818"}],"wp:attachment":[{"href":"https:\/\/wegeblw.pl\/index.php\/wp-json\/wp\/v2\/media?parent=3817"}],"wp:term":[{"taxonomy":"product_cat","embeddable":true,"href":"https:\/\/wegeblw.pl\/index.php\/wp-json\/wp\/v2\/product_cat?post=3817"},{"taxonomy":"product_tag","embeddable":true,"href":"https:\/\/wegeblw.pl\/index.php\/wp-json\/wp\/v2\/product_tag?post=3817"}],"curies":[{"name":"wp","href":"https:\/\/api.w.org\/{rel}","templated":true}]}}