{"id":385,"date":"2021-08-19T03:20:26","date_gmt":"2021-08-19T01:20:26","guid":{"rendered":"https:\/\/wegeblw.pl\/index.php\/produkt\/loreal-false-lash-telescopic-tusz-do-rzes-magnetic-black-9ml\/"},"modified":"2026-04-07T05:10:46","modified_gmt":"2026-04-07T03:10:46","slug":"loreal-false-lash-telescopic-tusz-do-rzes-magnetic-black-9ml","status":"publish","type":"product","link":"https:\/\/wegeblw.pl\/index.php\/produkt\/loreal-false-lash-telescopic-tusz-do-rzes-magnetic-black-9ml\/","title":{"rendered":"L&#8217;Oreal False Lash Telescopic Tusz Do Rz\u0119s Magnetic Black 9Ml"},"content":{"rendered":"<p>Thorne Iso-Phos Izolat Fosfatydyloseryny 60Vkaps<\/p>\n<p>Uk\u0142ad nerwowy i pami\u0119\u0107<\/p>\n<p>schab w plastrach, nerkowiec orzech, olej z pestek dyni t\u0142oczony na zimno, tu\u0144czyk po angielsku, acai jagody, piwo bezalkoholowe a zdrowie, any\u017c w ci\u0105\u017cy, m\u0105ka z semoliny<\/p>\n<p>yyyyy<\/p>\n","protected":false},"excerpt":{"rendered":"<p>Thorne Iso-Phos Izolat Fosfatydyloseryny 60Vkaps Uk\u0142ad nerwowy i pami\u0119\u0107 schab w plastrach, nerkowiec orzech, olej z pestek dyni t\u0142oczony na&hellip;<\/p>\n","protected":false},"featured_media":386,"comment_status":"closed","ping_status":"open","template":"","meta":[],"product_cat":[64],"product_tag":[719,659,671,782,837,745],"class_list":["post-385","product","type-product","status-publish","has-post-thumbnail","hentry","product_cat-tusze-do-rzes","product_tag-jaja-ekologiczne","product_tag-jajka-marynowane-po-koreansku","product_tag-jogurt-bez-mleka","product_tag-rekawiczki-nitrylowe-l","product_tag-soczewica-czerwona","product_tag-swieze-mleko"],"_links":{"self":[{"href":"https:\/\/wegeblw.pl\/index.php\/wp-json\/wp\/v2\/product\/385","targetHints":{"allow":["GET"]}}],"collection":[{"href":"https:\/\/wegeblw.pl\/index.php\/wp-json\/wp\/v2\/product"}],"about":[{"href":"https:\/\/wegeblw.pl\/index.php\/wp-json\/wp\/v2\/types\/product"}],"replies":[{"embeddable":true,"href":"https:\/\/wegeblw.pl\/index.php\/wp-json\/wp\/v2\/comments?post=385"}],"wp:featuredmedia":[{"embeddable":true,"href":"https:\/\/wegeblw.pl\/index.php\/wp-json\/wp\/v2\/media\/386"}],"wp:attachment":[{"href":"https:\/\/wegeblw.pl\/index.php\/wp-json\/wp\/v2\/media?parent=385"}],"wp:term":[{"taxonomy":"product_cat","embeddable":true,"href":"https:\/\/wegeblw.pl\/index.php\/wp-json\/wp\/v2\/product_cat?post=385"},{"taxonomy":"product_tag","embeddable":true,"href":"https:\/\/wegeblw.pl\/index.php\/wp-json\/wp\/v2\/product_tag?post=385"}],"curies":[{"name":"wp","href":"https:\/\/api.w.org\/{rel}","templated":true}]}}