{"id":3853,"date":"2012-10-10T22:22:58","date_gmt":"2012-10-10T20:22:58","guid":{"rendered":"https:\/\/wegeblw.pl\/index.php\/produkt\/versace-pour-femme-dylan-turquoise-woda-toaletowa-50ml\/"},"modified":"2026-04-07T01:10:45","modified_gmt":"2026-04-06T23:10:45","slug":"versace-pour-femme-dylan-turquoise-woda-toaletowa-50ml","status":"publish","type":"product","link":"https:\/\/wegeblw.pl\/index.php\/produkt\/versace-pour-femme-dylan-turquoise-woda-toaletowa-50ml\/","title":{"rendered":"Versace Pour Femme Dylan Turquoise Woda Toaletowa 50Ml"},"content":{"rendered":"<p>ostr\u00f3\u017ceczka. Wyst\u0119puje dziko w \u015brodkowej Europie. W Polsce jest powszechny na wszystkich r\u00f3wninach. Jest we florze Polski ro\u015blin\u0105 przybyszow\u0105.<\/p>\n<p>Zio\u0142a i herbaty lecznicze<\/p>\n<p>platki b\u0142yskawiczne, witamina i zio\u0142o, odpowiedni poziom cukru, m\u0105ka orkiszowa typ 1850 do czego, quinoa jak gotowa\u0107, organizm bez pasozytow, ciasto lekkostrawne, gynostemma opinie, mas\u0142o orzechowe bio, syrop neera opinie, mi\u00f3d z malin\u0105, veggs, banan blue java gdzie kupi\u0107, trapa, chlorella opinie lekarzy, epson s\u00f3l<\/p>\n<p><a href=\"https:\/\/www.powietrze.com.pl\/\/produkty\/dmuchawy\" rel=\"nofollow\">https:\/\/www.powietrze.com.pl\/\/produkty\/dmuchawy<\/a><\/p>\n","protected":false},"excerpt":{"rendered":"<p>ostr\u00f3\u017ceczka. Wyst\u0119puje dziko w \u015brodkowej Europie. W Polsce jest powszechny na wszystkich r\u00f3wninach. Jest we florze Polski ro\u015blin\u0105 przybyszow\u0105. Zio\u0142a&hellip;<\/p>\n","protected":false},"featured_media":3854,"comment_status":"closed","ping_status":"open","template":"","meta":[],"product_cat":[34],"product_tag":[736,873,827,699],"class_list":["post-3853","product","type-product","status-publish","has-post-thumbnail","hentry","product_cat-perfumy-i-wody-damskie","product_tag-dojrzale-pl","product_tag-jak-przygotowac-komose-ryzowa","product_tag-naturli","product_tag-sok-z-cytryn"],"_links":{"self":[{"href":"https:\/\/wegeblw.pl\/index.php\/wp-json\/wp\/v2\/product\/3853","targetHints":{"allow":["GET"]}}],"collection":[{"href":"https:\/\/wegeblw.pl\/index.php\/wp-json\/wp\/v2\/product"}],"about":[{"href":"https:\/\/wegeblw.pl\/index.php\/wp-json\/wp\/v2\/types\/product"}],"replies":[{"embeddable":true,"href":"https:\/\/wegeblw.pl\/index.php\/wp-json\/wp\/v2\/comments?post=3853"}],"wp:featuredmedia":[{"embeddable":true,"href":"https:\/\/wegeblw.pl\/index.php\/wp-json\/wp\/v2\/media\/3854"}],"wp:attachment":[{"href":"https:\/\/wegeblw.pl\/index.php\/wp-json\/wp\/v2\/media?parent=3853"}],"wp:term":[{"taxonomy":"product_cat","embeddable":true,"href":"https:\/\/wegeblw.pl\/index.php\/wp-json\/wp\/v2\/product_cat?post=3853"},{"taxonomy":"product_tag","embeddable":true,"href":"https:\/\/wegeblw.pl\/index.php\/wp-json\/wp\/v2\/product_tag?post=3853"}],"curies":[{"name":"wp","href":"https:\/\/api.w.org\/{rel}","templated":true}]}}