{"id":3867,"date":"2014-08-29T05:38:55","date_gmt":"2014-08-29T03:38:55","guid":{"rendered":"https:\/\/wegeblw.pl\/index.php\/produkt\/rubicon-rnce49-zr105b\/"},"modified":"2026-04-07T06:44:32","modified_gmt":"2026-04-07T04:44:32","slug":"rubicon-rnce49-zr105b","status":"publish","type":"product","link":"https:\/\/wegeblw.pl\/index.php\/produkt\/rubicon-rnce49-zr105b\/","title":{"rendered":"Rubicon RNCE49 (zr105b)"},"content":{"rendered":"<p>Homeopatyczny produkt leczniczy, kt\u00f3ry nie posiada wskaza\u0144 leczniczych. Lek ten mo\u017cna stosowa\u0107 w leczeniu r\u00f3\u017cnych chor\u00f3b. Ze wzgl\u0119du na szerokie zastosowanie do leku nie dodaje si\u0119 ulotki, ani informacji zwi\u0105zanych ze sposobem dawkowania.<\/p>\n<p>Homeopatia<\/p>\n<p>yerba w\u0142a\u015bciwo\u015bci, krokiety bez mi\u0119sa, 45 9, biomarket wroc\u0142aw, s\u0119kacz sklep, sprz\u0105tanie produkcji, probiotyk naturalny<\/p>\n<p><a href=\"https:\/\/www.digitent.pl\/lezaki-reklamowe\">le\u017caki reklamowe<\/a><\/p>\n","protected":false},"excerpt":{"rendered":"<p>Homeopatyczny produkt leczniczy, kt\u00f3ry nie posiada wskaza\u0144 leczniczych. Lek ten mo\u017cna stosowa\u0107 w leczeniu r\u00f3\u017cnych chor\u00f3b. Ze wzgl\u0119du na szerokie&hellip;<\/p>\n","protected":false},"featured_media":3868,"comment_status":"closed","ping_status":"open","template":"","meta":[],"product_cat":[254],"product_tag":[787,857,822,772,756,674],"class_list":["post-3867","product","type-product","status-publish","has-post-thumbnail","hentry","product_cat-zegarki","product_tag-beyond-meet","product_tag-jablka-ekologiczne","product_tag-mleko-kozie","product_tag-ser-owczy","product_tag-sklep-ekologiczny-warszawa","product_tag-warzywa-eko"],"_links":{"self":[{"href":"https:\/\/wegeblw.pl\/index.php\/wp-json\/wp\/v2\/product\/3867","targetHints":{"allow":["GET"]}}],"collection":[{"href":"https:\/\/wegeblw.pl\/index.php\/wp-json\/wp\/v2\/product"}],"about":[{"href":"https:\/\/wegeblw.pl\/index.php\/wp-json\/wp\/v2\/types\/product"}],"replies":[{"embeddable":true,"href":"https:\/\/wegeblw.pl\/index.php\/wp-json\/wp\/v2\/comments?post=3867"}],"wp:featuredmedia":[{"embeddable":true,"href":"https:\/\/wegeblw.pl\/index.php\/wp-json\/wp\/v2\/media\/3868"}],"wp:attachment":[{"href":"https:\/\/wegeblw.pl\/index.php\/wp-json\/wp\/v2\/media?parent=3867"}],"wp:term":[{"taxonomy":"product_cat","embeddable":true,"href":"https:\/\/wegeblw.pl\/index.php\/wp-json\/wp\/v2\/product_cat?post=3867"},{"taxonomy":"product_tag","embeddable":true,"href":"https:\/\/wegeblw.pl\/index.php\/wp-json\/wp\/v2\/product_tag?post=3867"}],"curies":[{"name":"wp","href":"https:\/\/api.w.org\/{rel}","templated":true}]}}