{"id":3877,"date":"2015-03-05T09:35:41","date_gmt":"2015-03-05T08:35:41","guid":{"rendered":"https:\/\/wegeblw.pl\/index.php\/produkt\/rapport-london-rotomat-na-1-zegarek-black-rose-mono-w331\/"},"modified":"2026-04-29T01:51:29","modified_gmt":"2026-04-28T23:51:29","slug":"rapport-london-rotomat-na-1-zegarek-black-rose-mono-w331","status":"publish","type":"product","link":"https:\/\/wegeblw.pl\/index.php\/produkt\/rapport-london-rotomat-na-1-zegarek-black-rose-mono-w331\/","title":{"rendered":"Rapport London Rotomat na 1 zegarek Black Rose Mono W331"},"content":{"rendered":"<p>Zestaw 9 baton\u00f3w Milk Choco Hazelnut<\/p>\n<p>Zdrowa \u017cywno\u015b\u0107<\/p>\n<p>olejek na porost w\u0142os\u00f3w, swieza kurkuma, pojemnik 100 ml, erytrytol do ciasta<\/p>\n<p>yyyyy<\/p>\n","protected":false},"excerpt":{"rendered":"<p>Zestaw 9 baton\u00f3w Milk Choco Hazelnut Zdrowa \u017cywno\u015b\u0107 olejek na porost w\u0142os\u00f3w, swieza kurkuma, pojemnik 100 ml, erytrytol do ciasta&hellip;<\/p>\n","protected":false},"featured_media":3878,"comment_status":"closed","ping_status":"open","template":"","meta":[],"product_cat":[254],"product_tag":[759,633,691,789],"class_list":["post-3877","product","type-product","status-publish","has-post-thumbnail","hentry","product_cat-zegarki","product_tag-kurkuma","product_tag-maka-migdalowa","product_tag-olej-ryzowy-wlasciwosci","product_tag-pestki-granatu"],"_links":{"self":[{"href":"https:\/\/wegeblw.pl\/index.php\/wp-json\/wp\/v2\/product\/3877","targetHints":{"allow":["GET"]}}],"collection":[{"href":"https:\/\/wegeblw.pl\/index.php\/wp-json\/wp\/v2\/product"}],"about":[{"href":"https:\/\/wegeblw.pl\/index.php\/wp-json\/wp\/v2\/types\/product"}],"replies":[{"embeddable":true,"href":"https:\/\/wegeblw.pl\/index.php\/wp-json\/wp\/v2\/comments?post=3877"}],"wp:featuredmedia":[{"embeddable":true,"href":"https:\/\/wegeblw.pl\/index.php\/wp-json\/wp\/v2\/media\/3878"}],"wp:attachment":[{"href":"https:\/\/wegeblw.pl\/index.php\/wp-json\/wp\/v2\/media?parent=3877"}],"wp:term":[{"taxonomy":"product_cat","embeddable":true,"href":"https:\/\/wegeblw.pl\/index.php\/wp-json\/wp\/v2\/product_cat?post=3877"},{"taxonomy":"product_tag","embeddable":true,"href":"https:\/\/wegeblw.pl\/index.php\/wp-json\/wp\/v2\/product_tag?post=3877"}],"curies":[{"name":"wp","href":"https:\/\/api.w.org\/{rel}","templated":true}]}}