{"id":3885,"date":"2023-12-25T01:40:15","date_gmt":"2023-12-25T00:40:15","guid":{"rendered":"https:\/\/wegeblw.pl\/?post_type=product&#038;p=3885"},"modified":"2026-04-14T10:50:10","modified_gmt":"2026-04-14T08:50:10","slug":"lorus-r3a57ax9","status":"publish","type":"product","link":"https:\/\/wegeblw.pl\/index.php\/produkt\/lorus-r3a57ax9\/","title":{"rendered":"Lorus R3A57AX9"},"content":{"rendered":"<p>SVR Topialyse Baume Protect +  regeneruj\u0105cy balsam do sk\u00f3ry suchej i atopowej<\/p>\n<p>Kosmetyki dla dzieci i niemowl\u0105t<\/p>\n<p>ciasteczka kokosowe, kulki miodowe, zapalenie pecherza leczenie, jogurt sojowy, bu\u0142ki bezglutenowe<\/p>\n<p>yyyyy<\/p>\n","protected":false},"excerpt":{"rendered":"<p>SVR Topialyse Baume Protect + regeneruj\u0105cy balsam do sk\u00f3ry suchej i atopowej Kosmetyki dla dzieci i niemowl\u0105t ciasteczka kokosowe, kulki&hellip;<\/p>\n","protected":false},"featured_media":3886,"comment_status":"closed","ping_status":"open","template":"","meta":[],"product_cat":[254],"product_tag":[671,764,709,704,680],"class_list":["post-3885","product","type-product","status-publish","has-post-thumbnail","hentry","product_cat-zegarki","product_tag-jogurt-bez-mleka","product_tag-jogurty-bez-mleka","product_tag-maka-orkiszowa-zastosowanie","product_tag-naturgreen","product_tag-smietana-kwasna"],"_links":{"self":[{"href":"https:\/\/wegeblw.pl\/index.php\/wp-json\/wp\/v2\/product\/3885","targetHints":{"allow":["GET"]}}],"collection":[{"href":"https:\/\/wegeblw.pl\/index.php\/wp-json\/wp\/v2\/product"}],"about":[{"href":"https:\/\/wegeblw.pl\/index.php\/wp-json\/wp\/v2\/types\/product"}],"replies":[{"embeddable":true,"href":"https:\/\/wegeblw.pl\/index.php\/wp-json\/wp\/v2\/comments?post=3885"}],"wp:featuredmedia":[{"embeddable":true,"href":"https:\/\/wegeblw.pl\/index.php\/wp-json\/wp\/v2\/media\/3886"}],"wp:attachment":[{"href":"https:\/\/wegeblw.pl\/index.php\/wp-json\/wp\/v2\/media?parent=3885"}],"wp:term":[{"taxonomy":"product_cat","embeddable":true,"href":"https:\/\/wegeblw.pl\/index.php\/wp-json\/wp\/v2\/product_cat?post=3885"},{"taxonomy":"product_tag","embeddable":true,"href":"https:\/\/wegeblw.pl\/index.php\/wp-json\/wp\/v2\/product_tag?post=3885"}],"curies":[{"name":"wp","href":"https:\/\/api.w.org\/{rel}","templated":true}]}}