{"id":3887,"date":"2021-10-19T11:24:11","date_gmt":"2021-10-19T09:24:11","guid":{"rendered":"https:\/\/wegeblw.pl\/index.php\/produkt\/scatola-del-tempo-prestizowy-produkt-z-wloch-skorzana-walizka-na-16-zegarkow\/"},"modified":"2026-04-08T06:06:22","modified_gmt":"2026-04-08T04:06:22","slug":"scatola-del-tempo-prestizowy-produkt-z-wloch-skorzana-walizka-na-16-zegarkow","status":"publish","type":"product","link":"https:\/\/wegeblw.pl\/index.php\/produkt\/scatola-del-tempo-prestizowy-produkt-z-wloch-skorzana-walizka-na-16-zegarkow\/","title":{"rendered":"Scatola Del Tempo Presti\u017cowy produkt z W\u0142och sk\u00f3rzana walizka na 16 zegark\u00f3w"},"content":{"rendered":"<p>Twoja bro\u0144 przed stresem i skurczami Bolesne skurcze mi\u0119\u015bni i stres to codzienno\u015b\u0107 wielu z nas &#8211; kawa, brak dba\u0142o\u015bci o diet\u0119 i szybkie tempo \u017cycia powoduj\u0105, \u017ce magnez szybko wyp\u0142ukuje si\u0119 z naszego organizmu. Je\u015bli potrzebujesz ograniczenia napi\u0119cia nerwowego, skorzystaj z dobrze przyswajalnej formy magnezu &#8211; cytrynianu, czyli chelatu! Wraz ze zwi\u0119kszaj\u0105c\u0105 wch\u0142anianie witamin\u0105 B6 stanowi\u0105 super skuteczny duet w ochronie Twojego uk\u0142adu nerwowego. Suplement z cytrynianem polecamy z uwagi na du\u017c\u0105 przyswajalno\u015b\u0107. Uwa\u017caj na dost\u0119pne na rynku suplementy ze s\u0142abo przyswajalnymi z uk\u0142adu pokarmowego solami magnezu! O niedoborze magnezu mog\u0105 \u015bwiadczy\u0107 zaburzenia koncentracji i ograniczenia zdolno\u015bci zapami\u0119tywania, bolesne skurcze oraz dr\u017cenie mi\u0119\u015bni, nerwowo\u015b\u0107, b\u00f3le mi\u0119\u015bniowe, zaburzenia snu, ko\u0142atania serca, nadmierne wypadanie w\u0142os\u00f3w i \u0142amliwo\u015b\u0107 paznokci, a tak\u017ce zaburzenia snu. Sk\u0142adniki: cytrynian magnezu 450 mg (72 mg jon\u00f3w magnezu), substancja wype\u0142niaj\u0105ca: celuloza, substancje przeciwzbrylaj\u0105ce: sole magnezowe kwas\u00f3w t\u0142uszczowych i dwutlenek krzemu, witamina B6 (chlorowodorek pirydoksyny) 1,4 mg. Spos\u00f3b u\u017cycia: 1 tabletka 3 razy dziennie. Popi\u0107 du\u017c\u0105 ilo\u015bci\u0105 wody. Spo\u017cywa\u0107 w trakcie posi\u0142ku. 3 tabletki zawieraj\u0105: Cytrynian magnezu 1350 mg (216 mg jon\u00f3w magnezu) 57,6% RWS*, witamina B6 4,2 mg 300% RWS*. Przechowywanie: Przechowywa\u0107 w temperaturze pokojowej, w spos\u00f3b niedost\u0119pny dla ma\u0142ych dzieci. Nie przekracza\u0107 zalecanej dziennej porcji do spo\u017cycia w ci\u0105gu dnia. Suplementy diety nie mog\u0105 by\u0107 stosowane jako substytut (zamiennik) zr\u00f3\u017cnicowanej diety. Nie zaleca si\u0119 kobietom w ci\u0105\u017cy, karmi\u0105cym oraz dzieciom. Opis produktu nie zast\u0119puje wizyty u lekarza specjalisty. *RWS &#8211; referencyjna warto\u015b\u0107 spo\u017cycia Nie wiesz, gdzie kupi\u0107 dobrze przyswajalny magnez i inne suplementy, dzi\u0119ki kt\u00f3rym poprawisz swoje samopoczucie? Sprawd\u017a koniecznie nasz\u0105 ofert\u0119 suplement\u00f3w!<\/p>\n<p>Uk\u0142ad kr\u0105\u017cenia i serce<\/p>\n<p>kwiat muszkato\u0142owy, gluten gdzie, jak cz\u0119sto je\u015b\u0107 ryby, pestki daktyli, ry\u017c ekologiczny, diatomit, jem malo a tyje, kurkuma w\u0105skolistna<\/p>\n<p>yyyyy<\/p>\n","protected":false},"excerpt":{"rendered":"<p>Twoja bro\u0144 przed stresem i skurczami Bolesne skurcze mi\u0119\u015bni i stres to codzienno\u015b\u0107 wielu z nas &#8211; kawa, brak dba\u0142o\u015bci&hellip;<\/p>\n","protected":false},"featured_media":3888,"comment_status":"closed","ping_status":"open","template":"","meta":[],"product_cat":[254],"product_tag":[642,632,628,801],"class_list":["post-3887","product","type-product","status-publish","has-post-thumbnail","hentry","product_cat-zegarki","product_tag-granat","product_tag-komosa-ryzowa-jak-gotowac","product_tag-mieso-roslinne","product_tag-warzywa-ekologiczne"],"_links":{"self":[{"href":"https:\/\/wegeblw.pl\/index.php\/wp-json\/wp\/v2\/product\/3887","targetHints":{"allow":["GET"]}}],"collection":[{"href":"https:\/\/wegeblw.pl\/index.php\/wp-json\/wp\/v2\/product"}],"about":[{"href":"https:\/\/wegeblw.pl\/index.php\/wp-json\/wp\/v2\/types\/product"}],"replies":[{"embeddable":true,"href":"https:\/\/wegeblw.pl\/index.php\/wp-json\/wp\/v2\/comments?post=3887"}],"wp:featuredmedia":[{"embeddable":true,"href":"https:\/\/wegeblw.pl\/index.php\/wp-json\/wp\/v2\/media\/3888"}],"wp:attachment":[{"href":"https:\/\/wegeblw.pl\/index.php\/wp-json\/wp\/v2\/media?parent=3887"}],"wp:term":[{"taxonomy":"product_cat","embeddable":true,"href":"https:\/\/wegeblw.pl\/index.php\/wp-json\/wp\/v2\/product_cat?post=3887"},{"taxonomy":"product_tag","embeddable":true,"href":"https:\/\/wegeblw.pl\/index.php\/wp-json\/wp\/v2\/product_tag?post=3887"}],"curies":[{"name":"wp","href":"https:\/\/api.w.org\/{rel}","templated":true}]}}