{"id":3893,"date":"2023-01-05T18:40:28","date_gmt":"2023-01-05T17:40:28","guid":{"rendered":"https:\/\/wegeblw.pl\/?post_type=product&#038;p=3893"},"modified":"2026-04-09T07:23:52","modified_gmt":"2026-04-09T05:23:52","slug":"michel-herbelin-12747-ap12","status":"publish","type":"product","link":"https:\/\/wegeblw.pl\/index.php\/produkt\/michel-herbelin-12747-ap12\/","title":{"rendered":"Michel Herbelin 12747\/AP12"},"content":{"rendered":"<p>Magnez wykazuje nast\u0119puj\u0105ce dzia\u0142ania na organizm:przyczynia si\u0119 do zmniejszenia uczucia zm\u0119czenia i znu\u017cenia,pomaga w utrzymaniu r\u00f3wnowagi elektrolitowej na prawid\u0142owym poziomie,przyczynia si\u0119 do utrzymania prawid\u0142owego metabolizmu energetycznego,<\/p>\n<p>Minera\u0142y i witaminy<\/p>\n<p>ecotrade, komos\u0105 ry\u017cow\u0105 przepisy, jaki naw\u00f3z do malin, sk\u0142adniki czekolady, masla orzechowe, zdrow\u0105 \u017cywno\u015b\u0107 sklep online, w czym s\u0105 proteiny, sklep muffinki, dieta insulinow\u0105 jad\u0142ospis przepisy, make me bio hydrolat<\/p>\n<p>yyyyy<\/p>\n","protected":false},"excerpt":{"rendered":"<p>Magnez wykazuje nast\u0119puj\u0105ce dzia\u0142ania na organizm:przyczynia si\u0119 do zmniejszenia uczucia zm\u0119czenia i znu\u017cenia,pomaga w utrzymaniu r\u00f3wnowagi elektrolitowej na prawid\u0142owym poziomie,przyczynia&hellip;<\/p>\n","protected":false},"featured_media":3894,"comment_status":"closed","ping_status":"open","template":"","meta":[],"product_cat":[254],"product_tag":[653,738,757,665],"class_list":["post-3893","product","type-product","status-publish","has-post-thumbnail","hentry","product_cat-zegarki","product_tag-beyond-burger","product_tag-mieso-bio","product_tag-roslinny-qurczak","product_tag-weganskie-mieso"],"_links":{"self":[{"href":"https:\/\/wegeblw.pl\/index.php\/wp-json\/wp\/v2\/product\/3893","targetHints":{"allow":["GET"]}}],"collection":[{"href":"https:\/\/wegeblw.pl\/index.php\/wp-json\/wp\/v2\/product"}],"about":[{"href":"https:\/\/wegeblw.pl\/index.php\/wp-json\/wp\/v2\/types\/product"}],"replies":[{"embeddable":true,"href":"https:\/\/wegeblw.pl\/index.php\/wp-json\/wp\/v2\/comments?post=3893"}],"wp:featuredmedia":[{"embeddable":true,"href":"https:\/\/wegeblw.pl\/index.php\/wp-json\/wp\/v2\/media\/3894"}],"wp:attachment":[{"href":"https:\/\/wegeblw.pl\/index.php\/wp-json\/wp\/v2\/media?parent=3893"}],"wp:term":[{"taxonomy":"product_cat","embeddable":true,"href":"https:\/\/wegeblw.pl\/index.php\/wp-json\/wp\/v2\/product_cat?post=3893"},{"taxonomy":"product_tag","embeddable":true,"href":"https:\/\/wegeblw.pl\/index.php\/wp-json\/wp\/v2\/product_tag?post=3893"}],"curies":[{"name":"wp","href":"https:\/\/api.w.org\/{rel}","templated":true}]}}