{"id":3903,"date":"2018-01-20T21:16:54","date_gmt":"2018-01-20T20:16:54","guid":{"rendered":"https:\/\/wegeblw.pl\/index.php\/produkt\/heritor-zegarek-automatyczny-jefferson-w-kolorze-rozowozloto-czarno-ciemnobrazowym\/"},"modified":"2026-04-07T13:19:39","modified_gmt":"2026-04-07T11:19:39","slug":"heritor-zegarek-automatyczny-jefferson-w-kolorze-rozowozloto-czarno-ciemnobrazowym","status":"publish","type":"product","link":"https:\/\/wegeblw.pl\/index.php\/produkt\/heritor-zegarek-automatyczny-jefferson-w-kolorze-rozowozloto-czarno-ciemnobrazowym\/","title":{"rendered":"Heritor Zegarek Automatyczny &#8222;Jefferson&#8221; W Kolorze R\u00f3\u017cowoz\u0142oto-Czarno-Ciemnobr\u0105zowym"},"content":{"rendered":"<p>Oprawy okularowe Burberry<\/p>\n<p>Okulary oprawki i szk\u0142a<\/p>\n<p>syrop daktylowy indeks glikemiczny, czy mak jest zdrowy, ghee, kalendarze adwentowe s\u0142odycze<\/p>\n<p><a href=\"https:\/\/www.pracowniakreska.com\/kto-to-jest-introwertyk-czym-cechuja-sie-introwertycy\">introwertyk kto to<\/a><\/p>\n","protected":false},"excerpt":{"rendered":"<p>Oprawy okularowe Burberry Okulary oprawki i szk\u0142a syrop daktylowy indeks glikemiczny, czy mak jest zdrowy, ghee, kalendarze adwentowe s\u0142odycze introwertyk&hellip;<\/p>\n","protected":false},"featured_media":3904,"comment_status":"closed","ping_status":"open","template":"","meta":[],"product_cat":[254],"product_tag":[698,628,649,697],"class_list":["post-3903","product","type-product","status-publish","has-post-thumbnail","hentry","product_cat-zegarki","product_tag-kurczak-ekologiczny","product_tag-mieso-roslinne","product_tag-organic24","product_tag-osteoporoza-a-banany"],"_links":{"self":[{"href":"https:\/\/wegeblw.pl\/index.php\/wp-json\/wp\/v2\/product\/3903","targetHints":{"allow":["GET"]}}],"collection":[{"href":"https:\/\/wegeblw.pl\/index.php\/wp-json\/wp\/v2\/product"}],"about":[{"href":"https:\/\/wegeblw.pl\/index.php\/wp-json\/wp\/v2\/types\/product"}],"replies":[{"embeddable":true,"href":"https:\/\/wegeblw.pl\/index.php\/wp-json\/wp\/v2\/comments?post=3903"}],"wp:featuredmedia":[{"embeddable":true,"href":"https:\/\/wegeblw.pl\/index.php\/wp-json\/wp\/v2\/media\/3904"}],"wp:attachment":[{"href":"https:\/\/wegeblw.pl\/index.php\/wp-json\/wp\/v2\/media?parent=3903"}],"wp:term":[{"taxonomy":"product_cat","embeddable":true,"href":"https:\/\/wegeblw.pl\/index.php\/wp-json\/wp\/v2\/product_cat?post=3903"},{"taxonomy":"product_tag","embeddable":true,"href":"https:\/\/wegeblw.pl\/index.php\/wp-json\/wp\/v2\/product_tag?post=3903"}],"curies":[{"name":"wp","href":"https:\/\/api.w.org\/{rel}","templated":true}]}}