{"id":3907,"date":"2019-06-06T21:58:33","date_gmt":"2019-06-06T19:58:33","guid":{"rendered":"https:\/\/wegeblw.pl\/index.php\/produkt\/rapport-london-rotomat-astro-mono-w151\/"},"modified":"2026-04-10T14:29:30","modified_gmt":"2026-04-10T12:29:30","slug":"rapport-london-rotomat-astro-mono-w151","status":"publish","type":"product","link":"https:\/\/wegeblw.pl\/index.php\/produkt\/rapport-london-rotomat-astro-mono-w151\/","title":{"rendered":"Rapport London Rotomat Astro Mono W151"},"content":{"rendered":"<p>Od\u017cywki bia\u0142kowe<\/p>\n<p>ile soli fizjologicznej do inhalacji, pesto z pomidor\u00f3w, dieta lekkostrawna &#8211; co je\u015b\u0107, majom, kasza jaglana odchudzanie efekty, pasta sezamowa tahini gdzie kupi\u0107, mleka roslinne<\/p>\n<p>yyyyy<\/p>\n","protected":false},"excerpt":{"rendered":"<p>Od\u017cywki bia\u0142kowe ile soli fizjologicznej do inhalacji, pesto z pomidor\u00f3w, dieta lekkostrawna &#8211; co je\u015b\u0107, majom, kasza jaglana odchudzanie efekty,&hellip;<\/p>\n","protected":false},"featured_media":3908,"comment_status":"closed","ping_status":"open","template":"","meta":[],"product_cat":[254],"product_tag":[716,709,827,695],"class_list":["post-3907","product","type-product","status-publish","has-post-thumbnail","hentry","product_cat-zegarki","product_tag-leckers","product_tag-maka-orkiszowa-zastosowanie","product_tag-naturli","product_tag-zupa-krem-pomidorowa"],"_links":{"self":[{"href":"https:\/\/wegeblw.pl\/index.php\/wp-json\/wp\/v2\/product\/3907","targetHints":{"allow":["GET"]}}],"collection":[{"href":"https:\/\/wegeblw.pl\/index.php\/wp-json\/wp\/v2\/product"}],"about":[{"href":"https:\/\/wegeblw.pl\/index.php\/wp-json\/wp\/v2\/types\/product"}],"replies":[{"embeddable":true,"href":"https:\/\/wegeblw.pl\/index.php\/wp-json\/wp\/v2\/comments?post=3907"}],"wp:featuredmedia":[{"embeddable":true,"href":"https:\/\/wegeblw.pl\/index.php\/wp-json\/wp\/v2\/media\/3908"}],"wp:attachment":[{"href":"https:\/\/wegeblw.pl\/index.php\/wp-json\/wp\/v2\/media?parent=3907"}],"wp:term":[{"taxonomy":"product_cat","embeddable":true,"href":"https:\/\/wegeblw.pl\/index.php\/wp-json\/wp\/v2\/product_cat?post=3907"},{"taxonomy":"product_tag","embeddable":true,"href":"https:\/\/wegeblw.pl\/index.php\/wp-json\/wp\/v2\/product_tag?post=3907"}],"curies":[{"name":"wp","href":"https:\/\/api.w.org\/{rel}","templated":true}]}}