{"id":3909,"date":"2012-11-02T11:10:05","date_gmt":"2012-11-02T10:10:05","guid":{"rendered":"https:\/\/wegeblw.pl\/index.php\/produkt\/brazowy-pasek-fossil-22-mm-machine-fs4656\/"},"modified":"2026-04-07T01:09:56","modified_gmt":"2026-04-06T23:09:56","slug":"brazowy-pasek-fossil-22-mm-machine-fs4656","status":"publish","type":"product","link":"https:\/\/wegeblw.pl\/index.php\/produkt\/brazowy-pasek-fossil-22-mm-machine-fs4656\/","title":{"rendered":"Br\u0105zowy pasek Fossil 22 mm Machine FS4656"},"content":{"rendered":"<p>Homeopatyczny produkt leczniczy, kt\u00f3ry nie posiada wskaza\u0144 leczniczych. Lek ten mo\u017cna stosowa\u0107 w leczeniu r\u00f3\u017cnych chor\u00f3b. Ze wzgl\u0119du na szerokie zastosowanie do leku nie dodaje si\u0119 ulotki, ani informacji zwi\u0105zanych ze sposobem dawkowania.<\/p>\n<p>Homeopatia<\/p>\n<p>ashwagandha nasiona, w syropie o g\u0119sto\u015bci 1 1, wodorosty do jedzenia, w\u0142a\u015bciwo\u015bci papryki czerwonej, przyprawa do hummusu, kapusta zasmarzana, trufle belgijskie, dieta d\u0105browskiej ksi\u0105\u017cka, ocet jab\u0142kowy rano, serum do twarzy 30<\/p>\n<p><a href=\"https:\/\/eneroo.pl\/produkty\/steico-multi-membra-5\">elstar folie<\/a><\/p>\n","protected":false},"excerpt":{"rendered":"<p>Homeopatyczny produkt leczniczy, kt\u00f3ry nie posiada wskaza\u0144 leczniczych. Lek ten mo\u017cna stosowa\u0107 w leczeniu r\u00f3\u017cnych chor\u00f3b. Ze wzgl\u0119du na szerokie&hellip;<\/p>\n","protected":false},"featured_media":3910,"comment_status":"closed","ping_status":"open","template":"","meta":[],"product_cat":[254],"product_tag":[780,650,857,797,884],"class_list":["post-3909","product","type-product","status-publish","has-post-thumbnail","hentry","product_cat-zegarki","product_tag-b12","product_tag-biala-kielbasa","product_tag-jablka-ekologiczne","product_tag-organic-farma-zdrowia","product_tag-zestaw-do-matchy"],"_links":{"self":[{"href":"https:\/\/wegeblw.pl\/index.php\/wp-json\/wp\/v2\/product\/3909","targetHints":{"allow":["GET"]}}],"collection":[{"href":"https:\/\/wegeblw.pl\/index.php\/wp-json\/wp\/v2\/product"}],"about":[{"href":"https:\/\/wegeblw.pl\/index.php\/wp-json\/wp\/v2\/types\/product"}],"replies":[{"embeddable":true,"href":"https:\/\/wegeblw.pl\/index.php\/wp-json\/wp\/v2\/comments?post=3909"}],"wp:featuredmedia":[{"embeddable":true,"href":"https:\/\/wegeblw.pl\/index.php\/wp-json\/wp\/v2\/media\/3910"}],"wp:attachment":[{"href":"https:\/\/wegeblw.pl\/index.php\/wp-json\/wp\/v2\/media?parent=3909"}],"wp:term":[{"taxonomy":"product_cat","embeddable":true,"href":"https:\/\/wegeblw.pl\/index.php\/wp-json\/wp\/v2\/product_cat?post=3909"},{"taxonomy":"product_tag","embeddable":true,"href":"https:\/\/wegeblw.pl\/index.php\/wp-json\/wp\/v2\/product_tag?post=3909"}],"curies":[{"name":"wp","href":"https:\/\/api.w.org\/{rel}","templated":true}]}}