{"id":3915,"date":"2023-12-12T13:13:17","date_gmt":"2023-12-12T12:13:17","guid":{"rendered":"https:\/\/wegeblw.pl\/?post_type=product&#038;p=3915"},"modified":"2026-04-08T09:28:20","modified_gmt":"2026-04-08T07:28:20","slug":"casio-solar-titanium-oceanus-ocw-g1000-1ajf","status":"publish","type":"product","link":"https:\/\/wegeblw.pl\/index.php\/produkt\/casio-solar-titanium-oceanus-ocw-g1000-1ajf\/","title":{"rendered":"Casio SOLAR TITANIUM OCEANUS OCW-G1000-1AJF"},"content":{"rendered":"<p>Teraz w Aurum-Optics do ka\u017cdego zam\u00f3wienia dodajemy wyj\u0105tkowe korzy\u015bci &#8211; w zale\u017cno\u015bci od rodzaju okular\u00f3w.SPRAWD\u0179 DODATKOWE KORZY\u015aCIOkulary MJ MARC 561 RHL 56 &#8211; wysoka jako\u015b\u0107 i doskona\u0142y stylOkulary korekcyjne Marc Jacobs MJ MARC 561 RHL 56 to doskona\u0142y wyb\u00f3r dla ka\u017cdej kobiety poszukuj\u0105cej stylowego dodatku. Te oprawki korekcyjne charakteryzuje nie tylko doskona\u0142y design &#8211; gwarantuj\u0105 one tak\u017ce najwy\u017cszy komfort widzenia. Markowe okulary Marc JacobsMarc Jacobs to projektant, kt\u00f3ry zaistnia\u0142 w \u015bwiecie mody jeszcze jako student. W dniu dzisiejszym sygnowana jego nazwiskiem marka nale\u017cy do najbardziej rozpoznawalnych producent\u00f3w ekskluzywnej odzie\u017cy. Charakterystyczne po\u0142\u0105czenie ulicznego stylu z luksusowym wykonaniem znajduje swoje odzwierciedlenie r\u00f3wnie\u017c w ofercie okular\u00f3w, kt\u00f3re wyr\u00f3\u017cniaj\u0105 si\u0119 nie tylko bezkompromisowym stylem, ale r\u00f3wnie\u017c wysok\u0105 wytrzyma\u0142o\u015bci\u0105 oraz komfortem widzenia&#8230;.<\/p>\n<p>Okulary oprawki i szk\u0142a<\/p>\n<p>woda z p\u0142atk\u00f3w r\u00f3\u017cy, czekolada jogurtowa, guarani, ziele ostrozenia, tomasz kowalczyk, witamina d3 k2mk7, ser w tubce, w\u0119giel w proszku, eko warzywniak wroc\u0142aw, p\u00f3r, sok z mleczu, active liver opini\u0119, lovare herbata, co je\u015b\u0107 na drugie \u015bniadanie, d-vitum forte 2000 j.m. k2 mk-7, bio organica, sprz\u0105tania, zestaw yerba<\/p>\n<p>yyyyy<\/p>\n","protected":false},"excerpt":{"rendered":"<p>Teraz w Aurum-Optics do ka\u017cdego zam\u00f3wienia dodajemy wyj\u0105tkowe korzy\u015bci &#8211; w zale\u017cno\u015bci od rodzaju okular\u00f3w.SPRAWD\u0179 DODATKOWE KORZY\u015aCIOkulary MJ MARC 561&hellip;<\/p>\n","protected":false},"featured_media":3916,"comment_status":"closed","ping_status":"open","template":"","meta":[],"product_cat":[254],"product_tag":[748,874,683,695],"class_list":["post-3915","product","type-product","status-publish","has-post-thumbnail","hentry","product_cat-zegarki","product_tag-czerwona-soczewica","product_tag-czym-mozna-zastapic-jogurt-naturalny","product_tag-ziola-regenerujace-nadnercza","product_tag-zupa-krem-pomidorowa"],"_links":{"self":[{"href":"https:\/\/wegeblw.pl\/index.php\/wp-json\/wp\/v2\/product\/3915","targetHints":{"allow":["GET"]}}],"collection":[{"href":"https:\/\/wegeblw.pl\/index.php\/wp-json\/wp\/v2\/product"}],"about":[{"href":"https:\/\/wegeblw.pl\/index.php\/wp-json\/wp\/v2\/types\/product"}],"replies":[{"embeddable":true,"href":"https:\/\/wegeblw.pl\/index.php\/wp-json\/wp\/v2\/comments?post=3915"}],"wp:featuredmedia":[{"embeddable":true,"href":"https:\/\/wegeblw.pl\/index.php\/wp-json\/wp\/v2\/media\/3916"}],"wp:attachment":[{"href":"https:\/\/wegeblw.pl\/index.php\/wp-json\/wp\/v2\/media?parent=3915"}],"wp:term":[{"taxonomy":"product_cat","embeddable":true,"href":"https:\/\/wegeblw.pl\/index.php\/wp-json\/wp\/v2\/product_cat?post=3915"},{"taxonomy":"product_tag","embeddable":true,"href":"https:\/\/wegeblw.pl\/index.php\/wp-json\/wp\/v2\/product_tag?post=3915"}],"curies":[{"name":"wp","href":"https:\/\/api.w.org\/{rel}","templated":true}]}}