{"id":3917,"date":"2020-03-27T09:30:18","date_gmt":"2020-03-27T08:30:18","guid":{"rendered":"https:\/\/wegeblw.pl\/index.php\/produkt\/orient-fac08003a0\/"},"modified":"2026-04-10T11:16:07","modified_gmt":"2026-04-10T09:16:07","slug":"orient-fac08003a0","status":"publish","type":"product","link":"https:\/\/wegeblw.pl\/index.php\/produkt\/orient-fac08003a0\/","title":{"rendered":"Orient Fac08003A0"},"content":{"rendered":"<p>Wyci\u0105g ostropestu 190mg karczoch 100 kaps. Aliness<\/p>\n<p>Pozosta\u0142e preparaty dla sportowc\u00f3w<\/p>\n<p>zinc forte, bajgiel, zamiennik jajka, zupa tajska ostra, macerat z marchwi, jod krystaliczny, olejki relaksacyjne, mleko na keto, fasola czerwona puszka, bataty czy ziemniaki<\/p>\n<p>yyyyy<\/p>\n","protected":false},"excerpt":{"rendered":"<p>Wyci\u0105g ostropestu 190mg karczoch 100 kaps. Aliness Pozosta\u0142e preparaty dla sportowc\u00f3w zinc forte, bajgiel, zamiennik jajka, zupa tajska ostra, macerat&hellip;<\/p>\n","protected":false},"featured_media":3918,"comment_status":"closed","ping_status":"open","template":"","meta":[],"product_cat":[254],"product_tag":[690,839,726,740,699],"class_list":["post-3917","product","type-product","status-publish","has-post-thumbnail","hentry","product_cat-zegarki","product_tag-maka-z-cieciorki","product_tag-mleko-niepasteryzowane","product_tag-organic","product_tag-siemie-lniane-na-co","product_tag-sok-z-cytryn"],"_links":{"self":[{"href":"https:\/\/wegeblw.pl\/index.php\/wp-json\/wp\/v2\/product\/3917","targetHints":{"allow":["GET"]}}],"collection":[{"href":"https:\/\/wegeblw.pl\/index.php\/wp-json\/wp\/v2\/product"}],"about":[{"href":"https:\/\/wegeblw.pl\/index.php\/wp-json\/wp\/v2\/types\/product"}],"replies":[{"embeddable":true,"href":"https:\/\/wegeblw.pl\/index.php\/wp-json\/wp\/v2\/comments?post=3917"}],"wp:featuredmedia":[{"embeddable":true,"href":"https:\/\/wegeblw.pl\/index.php\/wp-json\/wp\/v2\/media\/3918"}],"wp:attachment":[{"href":"https:\/\/wegeblw.pl\/index.php\/wp-json\/wp\/v2\/media?parent=3917"}],"wp:term":[{"taxonomy":"product_cat","embeddable":true,"href":"https:\/\/wegeblw.pl\/index.php\/wp-json\/wp\/v2\/product_cat?post=3917"},{"taxonomy":"product_tag","embeddable":true,"href":"https:\/\/wegeblw.pl\/index.php\/wp-json\/wp\/v2\/product_tag?post=3917"}],"curies":[{"name":"wp","href":"https:\/\/api.w.org\/{rel}","templated":true}]}}