{"id":3923,"date":"2018-12-02T20:13:36","date_gmt":"2018-12-02T19:13:36","guid":{"rendered":"https:\/\/wegeblw.pl\/index.php\/produkt\/versace-ve3303-593-l-55\/"},"modified":"2026-04-08T10:32:59","modified_gmt":"2026-04-08T08:32:59","slug":"versace-ve3303-593-l-55","status":"publish","type":"product","link":"https:\/\/wegeblw.pl\/index.php\/produkt\/versace-ve3303-593-l-55\/","title":{"rendered":"Versace VE3303 593 L (55)"},"content":{"rendered":"<p>Lauren Ralph Lauren Okulary przeciws\u0142oneczne 0RL8201 602274 Br\u0105zowy<\/p>\n<p>Okulary przeciws\u0142oneczne damskie<\/p>\n<p>zbigniew nowak ksi\u0105\u017cki, bia\u0142y sezam, olej z czarnuszki t\u0142oczony na zimno, ocet z granatu, neura, chlorek magnezu zastosowanie<\/p>\n<p><a href=\"https:\/\/cudimiod.pl\/diety-cud-i-miod\/dieta-if\">https:\/\/cudimiod.pl\/diety-cud-i-miod\/dieta-if<\/a><\/p>\n","protected":false},"excerpt":{"rendered":"<p>Lauren Ralph Lauren Okulary przeciws\u0142oneczne 0RL8201 602274 Br\u0105zowy Okulary przeciws\u0142oneczne damskie zbigniew nowak ksi\u0105\u017cki, bia\u0142y sezam, olej z czarnuszki t\u0142oczony&hellip;<\/p>\n","protected":false},"featured_media":3924,"comment_status":"closed","ping_status":"open","template":"","meta":[],"product_cat":[249],"product_tag":[847,642,824,818,700],"class_list":["post-3923","product","type-product","status-publish","has-post-thumbnail","hentry","product_cat-okulary-oprawki-i-szkla","product_tag-czym-zastapic-nabial","product_tag-granat","product_tag-miso-pasta","product_tag-organic-sklepy","product_tag-przepis-na-sekacza"],"_links":{"self":[{"href":"https:\/\/wegeblw.pl\/index.php\/wp-json\/wp\/v2\/product\/3923","targetHints":{"allow":["GET"]}}],"collection":[{"href":"https:\/\/wegeblw.pl\/index.php\/wp-json\/wp\/v2\/product"}],"about":[{"href":"https:\/\/wegeblw.pl\/index.php\/wp-json\/wp\/v2\/types\/product"}],"replies":[{"embeddable":true,"href":"https:\/\/wegeblw.pl\/index.php\/wp-json\/wp\/v2\/comments?post=3923"}],"wp:featuredmedia":[{"embeddable":true,"href":"https:\/\/wegeblw.pl\/index.php\/wp-json\/wp\/v2\/media\/3924"}],"wp:attachment":[{"href":"https:\/\/wegeblw.pl\/index.php\/wp-json\/wp\/v2\/media?parent=3923"}],"wp:term":[{"taxonomy":"product_cat","embeddable":true,"href":"https:\/\/wegeblw.pl\/index.php\/wp-json\/wp\/v2\/product_cat?post=3923"},{"taxonomy":"product_tag","embeddable":true,"href":"https:\/\/wegeblw.pl\/index.php\/wp-json\/wp\/v2\/product_tag?post=3923"}],"curies":[{"name":"wp","href":"https:\/\/api.w.org\/{rel}","templated":true}]}}