{"id":3933,"date":"2020-12-29T06:15:25","date_gmt":"2020-12-29T05:15:25","guid":{"rendered":"https:\/\/wegeblw.pl\/index.php\/produkt\/gc-tooth-mousse-plynne-szkliwo-bez-fluoru-melon-35ml\/"},"modified":"2026-04-07T03:12:25","modified_gmt":"2026-04-07T01:12:25","slug":"gc-tooth-mousse-plynne-szkliwo-bez-fluoru-melon-35ml","status":"publish","type":"product","link":"https:\/\/wegeblw.pl\/index.php\/produkt\/gc-tooth-mousse-plynne-szkliwo-bez-fluoru-melon-35ml\/","title":{"rendered":"GC Tooth Mousse P\u0142ynne szkliwo bez fluoru melon 35ml"},"content":{"rendered":"<p>\u015awietny smak owoc\u00f3w Aromatyzowana organiczna mieszanka herbat owocowych z naturalnym aromatem porzeczki, opracowana specjalnie dla dzieci, inspiruje wspania\u0142ym smakiem i naturaln\u0105 s\u0142odycz\u0105 natury. Organiczna herbata &#8222;Bibo Beere&#8221; smakuje r\u00f3wnie\u017c na zimno. B\u00f3br BIBO, stra\u017cnik wody, pokazuje, jak wa\u017cna jest ochrona przyrody i w zabawny spos\u00f3b przybli\u017ca j\u0105 dzieciom. Ma\u0142e zagadki w opakowaniu pokazuj\u0105, jak ekscytuj\u0105ca jest przyroda. To sprawia, \u017ce picie herbaty jest przyjemno\u015bci\u0105 r\u00f3wnie\u017c dla dzieci!<\/p>\n<p>Zio\u0142a i herbaty lecznicze<\/p>\n<p>kie\u0142ki kozieradki, estragon przyprawa, sanprobi super formula opinie, barc, herbata wi\u015bnie w rumie, herbata z rzodkiewk\u0105, s\u00f3l epsom 5 kg, p\u0142ask\u00f3rka, obiady liofilizowane, sol himalajska rozowa, kudzu dzia\u0142anie, w\u0142a\u015bciwo\u015bci czosnku nied\u017awiedziego, wega\u0144ski ser ple\u015bniowy, praca mi\u0119\u015bni szkieletowych jest niezale\u017cna od naszej woli, tulsi herbata, kasza z samopszy, m\u0105ka \u017cytnia do chleba, sklep ekologiczny gliwice, \u017cywokost z gojnikiem olej, mus migda\u0142owy<\/p>\n<p><a href=\"https:\/\/https:\/\/cditn.pl\">https:\/\/https:\/\/cditn.pl<\/a><\/p>\n","protected":false},"excerpt":{"rendered":"<p>\u015awietny smak owoc\u00f3w Aromatyzowana organiczna mieszanka herbat owocowych z naturalnym aromatem porzeczki, opracowana specjalnie dla dzieci, inspiruje wspania\u0142ym smakiem i&hellip;<\/p>\n","protected":false},"featured_media":3934,"comment_status":"closed","ping_status":"open","template":"","meta":[],"product_cat":[88],"product_tag":[774,814,792],"class_list":["post-3933","product","type-product","status-publish","has-post-thumbnail","hentry","product_cat-pasty-do-zebow","product_tag-cytryny-ekologiczne","product_tag-kotlet-linda-mccartney","product_tag-vigo"],"_links":{"self":[{"href":"https:\/\/wegeblw.pl\/index.php\/wp-json\/wp\/v2\/product\/3933","targetHints":{"allow":["GET"]}}],"collection":[{"href":"https:\/\/wegeblw.pl\/index.php\/wp-json\/wp\/v2\/product"}],"about":[{"href":"https:\/\/wegeblw.pl\/index.php\/wp-json\/wp\/v2\/types\/product"}],"replies":[{"embeddable":true,"href":"https:\/\/wegeblw.pl\/index.php\/wp-json\/wp\/v2\/comments?post=3933"}],"wp:featuredmedia":[{"embeddable":true,"href":"https:\/\/wegeblw.pl\/index.php\/wp-json\/wp\/v2\/media\/3934"}],"wp:attachment":[{"href":"https:\/\/wegeblw.pl\/index.php\/wp-json\/wp\/v2\/media?parent=3933"}],"wp:term":[{"taxonomy":"product_cat","embeddable":true,"href":"https:\/\/wegeblw.pl\/index.php\/wp-json\/wp\/v2\/product_cat?post=3933"},{"taxonomy":"product_tag","embeddable":true,"href":"https:\/\/wegeblw.pl\/index.php\/wp-json\/wp\/v2\/product_tag?post=3933"}],"curies":[{"name":"wp","href":"https:\/\/api.w.org\/{rel}","templated":true}]}}