{"id":3937,"date":"2018-12-14T10:12:19","date_gmt":"2018-12-14T09:12:19","guid":{"rendered":"https:\/\/wegeblw.pl\/index.php\/produkt\/versace-eros-woda-perfumowana-100ml\/"},"modified":"2026-04-08T07:55:44","modified_gmt":"2026-04-08T05:55:44","slug":"versace-eros-woda-perfumowana-100ml","status":"publish","type":"product","link":"https:\/\/wegeblw.pl\/index.php\/produkt\/versace-eros-woda-perfumowana-100ml\/","title":{"rendered":"Versace Eros Woda Perfumowana 100Ml"},"content":{"rendered":"<p>Noble Pharma Vitamin C o smaku porzeczki suplement diety do stosowania dla os\u00f3b doros\u0142ych.<\/p>\n<p>Przezi\u0119bienie i grypa<\/p>\n<p>bezglutenowe kasze, jaja od zielonon\u00f3\u017cek, musli banan czekolada, kapusta kiszona charsznica, guarana proszek, czym zast\u0105pi\u0107 jogurt grecki, przepis na syrop z li\u015bci laurowych, mieta brazylijska, nasiona lnu, steviola, olej rafinowany kokosowy, kozieradka zastosowanie w kuchni, face body, zakupy do domu, eden sklep, deser x<\/p>\n<p><a href=\"https:\/\/www.proteka.com.pl\/protezy\/proteza-czesci-stopy\/\">protezy stopy<\/a><\/p>\n","protected":false},"excerpt":{"rendered":"<p>Noble Pharma Vitamin C o smaku porzeczki suplement diety do stosowania dla os\u00f3b doros\u0142ych. Przezi\u0119bienie i grypa bezglutenowe kasze, jaja&hellip;<\/p>\n","protected":false},"featured_media":3938,"comment_status":"closed","ping_status":"open","template":"","meta":[],"product_cat":[78],"product_tag":[747,698,731],"class_list":["post-3937","product","type-product","status-publish","has-post-thumbnail","hentry","product_cat-perfumy-i-wody-meskie","product_tag-guma-guar-co-to","product_tag-kurczak-ekologiczny","product_tag-margaryna-bez-oleju-palmowego"],"_links":{"self":[{"href":"https:\/\/wegeblw.pl\/index.php\/wp-json\/wp\/v2\/product\/3937","targetHints":{"allow":["GET"]}}],"collection":[{"href":"https:\/\/wegeblw.pl\/index.php\/wp-json\/wp\/v2\/product"}],"about":[{"href":"https:\/\/wegeblw.pl\/index.php\/wp-json\/wp\/v2\/types\/product"}],"replies":[{"embeddable":true,"href":"https:\/\/wegeblw.pl\/index.php\/wp-json\/wp\/v2\/comments?post=3937"}],"wp:featuredmedia":[{"embeddable":true,"href":"https:\/\/wegeblw.pl\/index.php\/wp-json\/wp\/v2\/media\/3938"}],"wp:attachment":[{"href":"https:\/\/wegeblw.pl\/index.php\/wp-json\/wp\/v2\/media?parent=3937"}],"wp:term":[{"taxonomy":"product_cat","embeddable":true,"href":"https:\/\/wegeblw.pl\/index.php\/wp-json\/wp\/v2\/product_cat?post=3937"},{"taxonomy":"product_tag","embeddable":true,"href":"https:\/\/wegeblw.pl\/index.php\/wp-json\/wp\/v2\/product_tag?post=3937"}],"curies":[{"name":"wp","href":"https:\/\/api.w.org\/{rel}","templated":true}]}}