{"id":3971,"date":"2017-02-14T23:57:43","date_gmt":"2017-02-14T22:57:43","guid":{"rendered":"https:\/\/wegeblw.pl\/index.php\/produkt\/juliette-has-a-gun-miss-charming-woda-perfumowana-100-ml-tester\/"},"modified":"2026-04-18T04:56:18","modified_gmt":"2026-04-18T02:56:18","slug":"juliette-has-a-gun-miss-charming-woda-perfumowana-100-ml-tester","status":"publish","type":"product","link":"https:\/\/wegeblw.pl\/index.php\/produkt\/juliette-has-a-gun-miss-charming-woda-perfumowana-100-ml-tester\/","title":{"rendered":"Juliette Has A Gun Miss Charming Woda Perfumowana 100 Ml Tester"},"content":{"rendered":"<p>Collinsonia canadensis 5 CH granulki &#8211; preparat stosowany doustnie. Wykazuje dzia\u0142anie przede wszystkim na uk\u0142ad nerwowy oraz b\u0142ony \u015bluzowe. Stosowany w zapaleniu krtani, b\u00f3l gard\u0142a, zapalenie b\u0142on \u015bluzowych \u017co\u0142\u0105dka.\u00a0<\/p>\n<p>Homeopatia<\/p>\n<p>rodzynki su\u0142tanki, patyczki bambusowe do uszu, herbata \u015bwi\u0105teczna przepis, m\u0105ka z ciecierzycy, skrzyd\u0142o z indyka, zdrowa kasza, gwiazdki any\u017cu gdzie kupi\u0107, grzyby g\u0105bczaste, skutki picia energetyk\u00f3w przez dzieci, dab kora, olejek cbd pro opinie, ogurki kiszone, chipsy z owoc\u00f3w, babka p\u0142esznik gdzie kupi\u0107, blue corn, czarne myd\u0142o z maroka, je\u017c\u00f3wka w\u0142a\u015bciwo\u015bci lecznicze, kryszta\u0142 antyperspirant<\/p>\n<p><a href=\"https:\/\/wrolety.pl\/product\/roleta-wolnowiszaca\/\">http:\/\/www.wrolety.pl\/product\/roleta-wolnowiszaca\/<\/a><\/p>\n","protected":false},"excerpt":{"rendered":"<p>Collinsonia canadensis 5 CH granulki &#8211; preparat stosowany doustnie. Wykazuje dzia\u0142anie przede wszystkim na uk\u0142ad nerwowy oraz b\u0142ony \u015bluzowe. Stosowany&hellip;<\/p>\n","protected":false},"featured_media":3972,"comment_status":"closed","ping_status":"open","template":"","meta":[],"product_cat":[34],"product_tag":[835,708,672,628],"class_list":["post-3971","product","type-product","status-publish","has-post-thumbnail","hentry","product_cat-perfumy-i-wody-damskie","product_tag-kurkuma-dzialanie","product_tag-kurkuma-przyprawa-jak-stosowac","product_tag-makaron-zero-kalorii","product_tag-mieso-roslinne"],"_links":{"self":[{"href":"https:\/\/wegeblw.pl\/index.php\/wp-json\/wp\/v2\/product\/3971","targetHints":{"allow":["GET"]}}],"collection":[{"href":"https:\/\/wegeblw.pl\/index.php\/wp-json\/wp\/v2\/product"}],"about":[{"href":"https:\/\/wegeblw.pl\/index.php\/wp-json\/wp\/v2\/types\/product"}],"replies":[{"embeddable":true,"href":"https:\/\/wegeblw.pl\/index.php\/wp-json\/wp\/v2\/comments?post=3971"}],"wp:featuredmedia":[{"embeddable":true,"href":"https:\/\/wegeblw.pl\/index.php\/wp-json\/wp\/v2\/media\/3972"}],"wp:attachment":[{"href":"https:\/\/wegeblw.pl\/index.php\/wp-json\/wp\/v2\/media?parent=3971"}],"wp:term":[{"taxonomy":"product_cat","embeddable":true,"href":"https:\/\/wegeblw.pl\/index.php\/wp-json\/wp\/v2\/product_cat?post=3971"},{"taxonomy":"product_tag","embeddable":true,"href":"https:\/\/wegeblw.pl\/index.php\/wp-json\/wp\/v2\/product_tag?post=3971"}],"curies":[{"name":"wp","href":"https:\/\/api.w.org\/{rel}","templated":true}]}}