{"id":4005,"date":"2015-08-15T21:06:26","date_gmt":"2015-08-15T19:06:26","guid":{"rendered":"https:\/\/wegeblw.pl\/index.php\/produkt\/lauren-ralph-lauren-torebka-spencer-431794999006-czarny\/"},"modified":"2026-04-29T17:41:30","modified_gmt":"2026-04-29T15:41:30","slug":"lauren-ralph-lauren-torebka-spencer-431794999006-czarny","status":"publish","type":"product","link":"https:\/\/wegeblw.pl\/index.php\/produkt\/lauren-ralph-lauren-torebka-spencer-431794999006-czarny\/","title":{"rendered":"Lauren Ralph Lauren Torebka Spencer 431794999006 Czarny"},"content":{"rendered":"<p>Samochody i motocykle<\/p>\n<p>ziele kozieradki, barszcz ukrai\u0144ski, wit d3 z lanoliny, jakie s\u0105 owoce morza, dlaczego jagody s\u0105 gorzkie, szczoteczka do z\u0119b\u00f3w bambusowa, gdzie mo\u017cna kupi\u0107 aloes, e412 szkodliwo\u015b\u0107, rose hips, vege keto, \u017celki halloween, kwiatostan kocanki, sk\u0142ad proszku do pieczenia<\/p>\n<p>yyyyy<\/p>\n","protected":false},"excerpt":{"rendered":"<p>Samochody i motocykle ziele kozieradki, barszcz ukrai\u0144ski, wit d3 z lanoliny, jakie s\u0105 owoce morza, dlaczego jagody s\u0105 gorzkie, szczoteczka&hellip;<\/p>\n","protected":false},"featured_media":4006,"comment_status":"closed","ping_status":"open","template":"","meta":[],"product_cat":[259],"product_tag":[812,763,738,757,825,622],"class_list":["post-4005","product","type-product","status-publish","has-post-thumbnail","hentry","product_cat-torebki-damskie","product_tag-bigos-wegetarianski-z-soczewica","product_tag-jak-spozywac-kurkume-leczniczo","product_tag-mieso-bio","product_tag-roslinny-qurczak","product_tag-shirataki-noodle","product_tag-vege-mieso"],"_links":{"self":[{"href":"https:\/\/wegeblw.pl\/index.php\/wp-json\/wp\/v2\/product\/4005","targetHints":{"allow":["GET"]}}],"collection":[{"href":"https:\/\/wegeblw.pl\/index.php\/wp-json\/wp\/v2\/product"}],"about":[{"href":"https:\/\/wegeblw.pl\/index.php\/wp-json\/wp\/v2\/types\/product"}],"replies":[{"embeddable":true,"href":"https:\/\/wegeblw.pl\/index.php\/wp-json\/wp\/v2\/comments?post=4005"}],"wp:featuredmedia":[{"embeddable":true,"href":"https:\/\/wegeblw.pl\/index.php\/wp-json\/wp\/v2\/media\/4006"}],"wp:attachment":[{"href":"https:\/\/wegeblw.pl\/index.php\/wp-json\/wp\/v2\/media?parent=4005"}],"wp:term":[{"taxonomy":"product_cat","embeddable":true,"href":"https:\/\/wegeblw.pl\/index.php\/wp-json\/wp\/v2\/product_cat?post=4005"},{"taxonomy":"product_tag","embeddable":true,"href":"https:\/\/wegeblw.pl\/index.php\/wp-json\/wp\/v2\/product_tag?post=4005"}],"curies":[{"name":"wp","href":"https:\/\/api.w.org\/{rel}","templated":true}]}}