{"id":4017,"date":"2019-11-05T14:08:51","date_gmt":"2019-11-05T13:08:51","guid":{"rendered":"https:\/\/wegeblw.pl\/index.php\/produkt\/lauren-ralph-lauren-plecak-skorzany-damski-kolor-czarny-maly-gladki\/"},"modified":"2026-04-09T15:54:48","modified_gmt":"2026-04-09T13:54:48","slug":"lauren-ralph-lauren-plecak-skorzany-damski-kolor-czarny-maly-gladki","status":"publish","type":"product","link":"https:\/\/wegeblw.pl\/index.php\/produkt\/lauren-ralph-lauren-plecak-skorzany-damski-kolor-czarny-maly-gladki\/","title":{"rendered":"Lauren Ralph Lauren plecak sk\u00f3rzany damski kolor czarny ma\u0142y g\u0142adki"},"content":{"rendered":"<p>Zdrowa \u017cywno\u015b\u0107<\/p>\n<p>r\u00f3\u017cd\u017cki smaku, prosty sklad, kurkuma ile dziennie, erytrol dla cukrzyka, rumianek przeciwwskazania, eco torba, maka jaglana gluten, czy sa\u0142ata lodowa jest zdrowa, ser parmezan<\/p>\n<p>yyyyy<\/p>\n","protected":false},"excerpt":{"rendered":"<p>Zdrowa \u017cywno\u015b\u0107 r\u00f3\u017cd\u017cki smaku, prosty sklad, kurkuma ile dziennie, erytrol dla cukrzyka, rumianek przeciwwskazania, eco torba, maka jaglana gluten, czy&hellip;<\/p>\n","protected":false},"featured_media":4018,"comment_status":"closed","ping_status":"open","template":"","meta":[],"product_cat":[259],"product_tag":[625,871,739,796,681],"class_list":["post-4017","product","type-product","status-publish","has-post-thumbnail","hentry","product_cat-torebki-damskie","product_tag-granat-jak-jesc","product_tag-kwaszonki","product_tag-makaron-sojowy-indeks-glikemiczny","product_tag-pasta-misi","product_tag-ser-klimek"],"_links":{"self":[{"href":"https:\/\/wegeblw.pl\/index.php\/wp-json\/wp\/v2\/product\/4017","targetHints":{"allow":["GET"]}}],"collection":[{"href":"https:\/\/wegeblw.pl\/index.php\/wp-json\/wp\/v2\/product"}],"about":[{"href":"https:\/\/wegeblw.pl\/index.php\/wp-json\/wp\/v2\/types\/product"}],"replies":[{"embeddable":true,"href":"https:\/\/wegeblw.pl\/index.php\/wp-json\/wp\/v2\/comments?post=4017"}],"wp:featuredmedia":[{"embeddable":true,"href":"https:\/\/wegeblw.pl\/index.php\/wp-json\/wp\/v2\/media\/4018"}],"wp:attachment":[{"href":"https:\/\/wegeblw.pl\/index.php\/wp-json\/wp\/v2\/media?parent=4017"}],"wp:term":[{"taxonomy":"product_cat","embeddable":true,"href":"https:\/\/wegeblw.pl\/index.php\/wp-json\/wp\/v2\/product_cat?post=4017"},{"taxonomy":"product_tag","embeddable":true,"href":"https:\/\/wegeblw.pl\/index.php\/wp-json\/wp\/v2\/product_tag?post=4017"}],"curies":[{"name":"wp","href":"https:\/\/api.w.org\/{rel}","templated":true}]}}