{"id":4019,"date":"2020-10-05T05:18:00","date_gmt":"2020-10-05T03:18:00","guid":{"rendered":"https:\/\/wegeblw.pl\/index.php\/produkt\/okulary-korekcyjne-ralph-lauren-rl-6213-5663-70495y\/"},"modified":"2026-04-07T14:58:15","modified_gmt":"2026-04-07T12:58:15","slug":"okulary-korekcyjne-ralph-lauren-rl-6213-5663-70495y","status":"publish","type":"product","link":"https:\/\/wegeblw.pl\/index.php\/produkt\/okulary-korekcyjne-ralph-lauren-rl-6213-5663-70495y\/","title":{"rendered":"Okulary korekcyjne Ralph Lauren RL 6213 5663 (70495Y)"},"content":{"rendered":"<p>Regital Forte &#8211; sk\u0142ad:Zawarto\u015b\u0107 w 1 tabletce:Skrzyp polny 150 mg,Fio\u0142ek tr\u00f3jbarwny 150 mg,Witamina C 40 mg &#8211; 50%*,Kwas hialuronowy 10 mg,Niacyna 8 mg &#8211; 50%*,Rutyna 8 mg,\u017belazo 7 mg &#8211; 50%*,Witamina E 6 mg &#8211; 50%*,Cynk 5 mg &#8211; 50%*,Kwas pantenowy 3 mg &#8211; 50%*,B-karoten 2 mg,Tiamina (witamina B1) 0,55 mg &#8211; 50%*,Ryboflawina B 20,7 mg &#8211; 50%*,Witamina B 60,7 mg &#8211; 50%*,Witamina A 733 \u00b5g &#8211; 91,6%*,Biotyna 500 \u00b5g &#8211; 1000%*,Kwas foliowy 100 \u00b5g &#8211; 50%*,Selen 27,5 \u00b5g &#8211; 50%*,Witamina D 1,25 \u00b5g &#8211; 25%*,*ZDS &#8211; zalecane dzienne spo\u017cycie.W\u0142a\u015bciwo\u015bci:W\u0142a\u015bciwo\u015bci niekt\u00f3rych sk\u0142adnik\u00f3w:Cynk &#8211; pomaga w utrzymaniu zdrowych ko\u015bci, w\u0142os\u00f3w i paznokcie,Selen pomaga zachowa\u0107 zdrowe w\u0142osy i paznokcie, wspiera prawid\u0142owe funkcjonowanie uk\u0142adu odporno\u015bciowego i tarczycy,Biotyna pomaga zachowa\u0107 zdrowe w\u0142osy i sk\u00f3r\u0119, pomaga w prawid\u0142owym funkcjonowaniu uk\u0142adu nerwowego oraz stymulacja mo\u017cliwo\u015bci pracy umys\u0142owej.Witamina D pomaga w prawid\u0142owym wch\u0142anianiu i wykorzystywaniu wapnia i fosforu, w utrzymaniu prawid\u0142owego poziomu wapnia we krwi oraz utrzymaniu zdrowych mi\u0119\u015bni, ko\u015bci i z\u0119b\u00f3w,Witamina C wspomaga prawid\u0142ow\u0105 produkcj\u0119 kolagenu w celu zapewnienia prawid\u0142owego funkcjonowania naczy\u0144 krwiono\u015bnych, ko\u015bci, dzi\u0105se\u0142, sk\u00f3ry, z\u0119b\u00f3w i chrz\u0105stek,\u017belazo &#8211; pomaga w utrzymaniu prawid\u0142owych funkcji poznawczych, produkcji czerwonych krwinek i hemoglobiny, prawid\u0142owym transporcie tlenu w organizmie oraz przyczynia si\u0119 do zmniejszenia uczucia zm\u0119czenia i znu\u017cenia, odgrywa rol\u0119 w procesie podzia\u0142u kom\u00f3rek.Przeciwwskazania:Nadwra\u017cliwo\u015b\u0107 na kt\u00f3rykolwiek ze sk\u0142adnik\u00f3w preparatu. W okresie ci\u0105\u017cy i karmienia piersi\u0105 przed zastosowaniem nale\u017cy skonsultowa\u0107 si\u0119 z lekarzem lub farmaceut\u0105.Zalecane spo\u017cycie:Doro\u015bli 1 tabletka dziennie, podczas posi\u0142ku popi\u0107 wod\u0105.Wa\u017cne informacje:Nie nale\u017cy przekracza\u0107 zalecanej porcji do spo\u017cycia w ci\u0105gu dnia. Suplement diety nie mo\u017ce by\u0107 stosowany jako substytut zr\u00f3\u017cnicowanej diety ani aktywnego trybu \u017cycia. Utrzymanie prawid\u0142owego stanu zdrowia wymaga zr\u00f3wnowa\u017conego i zr\u00f3\u017cnicowanego od\u017cywiania i prowadzenia zdrowego trybu \u017cycia. Istnieje wiele czynnik\u00f3w ryzyka choroby. Zmiana jednego z tych czynnik\u00f3w ryzyka mo\u017ce wywiera\u0107 korzystny wp\u0142yw lub nie wywiera\u0107 go. Przechowywa\u0107 w spos\u00f3b niedost\u0119pny dla ma\u0142ych dzieci w temperaturze pokojowej.Pojemno\u015b\u0107 opakowania:60 tabletek.Producent:Diagnosis S.A.Sienkiewicza 8215-005 Bia\u0142ystok<\/p>\n<p>Nutrikosmetyki<\/p>\n<p>tempeh sklep, imbir marynowany kcal, s\u00f3l k\u0142odawska gruboziarnista, kosmetyki dla m\u0119\u017cczyzn naturalne, tampeh, proszek do pieczenia cena, mi\u00f3d manuka z lidla opinie, klarowane maslo, owoc na p, jogurt wege, krem czekoladowy bez oleju palmowego<\/p>\n<p>yyyyy<\/p>\n","protected":false},"excerpt":{"rendered":"<p>Regital Forte &#8211; sk\u0142ad:Zawarto\u015b\u0107 w 1 tabletce:Skrzyp polny 150 mg,Fio\u0142ek tr\u00f3jbarwny 150 mg,Witamina C 40 mg &#8211; 50%*,Kwas hialuronowy 10&hellip;<\/p>\n","protected":false},"featured_media":4020,"comment_status":"closed","ping_status":"open","template":"","meta":[],"product_cat":[249],"product_tag":[840,647,667,851],"class_list":["post-4019","product","type-product","status-publish","has-post-thumbnail","hentry","product_cat-okulary-oprawki-i-szkla","product_tag-collagen-gold","product_tag-kurczak-bio","product_tag-makaron-sojowy-ig","product_tag-warzywa-online"],"_links":{"self":[{"href":"https:\/\/wegeblw.pl\/index.php\/wp-json\/wp\/v2\/product\/4019","targetHints":{"allow":["GET"]}}],"collection":[{"href":"https:\/\/wegeblw.pl\/index.php\/wp-json\/wp\/v2\/product"}],"about":[{"href":"https:\/\/wegeblw.pl\/index.php\/wp-json\/wp\/v2\/types\/product"}],"replies":[{"embeddable":true,"href":"https:\/\/wegeblw.pl\/index.php\/wp-json\/wp\/v2\/comments?post=4019"}],"wp:featuredmedia":[{"embeddable":true,"href":"https:\/\/wegeblw.pl\/index.php\/wp-json\/wp\/v2\/media\/4020"}],"wp:attachment":[{"href":"https:\/\/wegeblw.pl\/index.php\/wp-json\/wp\/v2\/media?parent=4019"}],"wp:term":[{"taxonomy":"product_cat","embeddable":true,"href":"https:\/\/wegeblw.pl\/index.php\/wp-json\/wp\/v2\/product_cat?post=4019"},{"taxonomy":"product_tag","embeddable":true,"href":"https:\/\/wegeblw.pl\/index.php\/wp-json\/wp\/v2\/product_tag?post=4019"}],"curies":[{"name":"wp","href":"https:\/\/api.w.org\/{rel}","templated":true}]}}