{"id":4035,"date":"2023-10-19T05:10:27","date_gmt":"2023-10-19T03:10:27","guid":{"rendered":"https:\/\/wegeblw.pl\/?post_type=product&#038;p=4035"},"modified":"2026-04-09T09:04:10","modified_gmt":"2026-04-09T07:04:10","slug":"lauren-ralph-lauren-okulary-przeciwsloneczne-0rl8201-602274-brazowy","status":"publish","type":"product","link":"https:\/\/wegeblw.pl\/index.php\/produkt\/lauren-ralph-lauren-okulary-przeciwsloneczne-0rl8201-602274-brazowy\/","title":{"rendered":"Lauren Ralph Lauren Okulary przeciws\u0142oneczne 0RL8201 602274 Br\u0105zowy"},"content":{"rendered":"<p>Od\u017cywki bia\u0142kowe<\/p>\n<p>ile soli fizjologicznej do inhalacji, pesto z pomidor\u00f3w, dieta lekkostrawna &#8211; co je\u015b\u0107, majom, kasza jaglana odchudzanie efekty, pasta sezamowa tahini gdzie kupi\u0107, mleka roslinne<\/p>\n<p>yyyyy<\/p>\n","protected":false},"excerpt":{"rendered":"<p>Od\u017cywki bia\u0142kowe ile soli fizjologicznej do inhalacji, pesto z pomidor\u00f3w, dieta lekkostrawna &#8211; co je\u015b\u0107, majom, kasza jaglana odchudzanie efekty,&hellip;<\/p>\n","protected":false},"featured_media":4036,"comment_status":"closed","ping_status":"open","template":"","meta":[],"product_cat":[250],"product_tag":[656,814,639,881,792],"class_list":["post-4035","product","type-product","status-publish","has-post-thumbnail","hentry","product_cat-okulary-przeciwsloneczne-damskie","product_tag-ekologiczne-mieso","product_tag-kotlet-linda-mccartney","product_tag-organic-farma","product_tag-sok-z-brzozy-cena","product_tag-vigo"],"_links":{"self":[{"href":"https:\/\/wegeblw.pl\/index.php\/wp-json\/wp\/v2\/product\/4035","targetHints":{"allow":["GET"]}}],"collection":[{"href":"https:\/\/wegeblw.pl\/index.php\/wp-json\/wp\/v2\/product"}],"about":[{"href":"https:\/\/wegeblw.pl\/index.php\/wp-json\/wp\/v2\/types\/product"}],"replies":[{"embeddable":true,"href":"https:\/\/wegeblw.pl\/index.php\/wp-json\/wp\/v2\/comments?post=4035"}],"wp:featuredmedia":[{"embeddable":true,"href":"https:\/\/wegeblw.pl\/index.php\/wp-json\/wp\/v2\/media\/4036"}],"wp:attachment":[{"href":"https:\/\/wegeblw.pl\/index.php\/wp-json\/wp\/v2\/media?parent=4035"}],"wp:term":[{"taxonomy":"product_cat","embeddable":true,"href":"https:\/\/wegeblw.pl\/index.php\/wp-json\/wp\/v2\/product_cat?post=4035"},{"taxonomy":"product_tag","embeddable":true,"href":"https:\/\/wegeblw.pl\/index.php\/wp-json\/wp\/v2\/product_tag?post=4035"}],"curies":[{"name":"wp","href":"https:\/\/api.w.org\/{rel}","templated":true}]}}