{"id":4039,"date":"2013-12-06T14:11:37","date_gmt":"2013-12-06T13:11:37","guid":{"rendered":"https:\/\/wegeblw.pl\/index.php\/produkt\/ralph-lauren-romance-woman-woda-perfumowana-100ml-spray\/"},"modified":"2026-04-09T13:08:21","modified_gmt":"2026-04-09T11:08:21","slug":"ralph-lauren-romance-woman-woda-perfumowana-100ml-spray","status":"publish","type":"product","link":"https:\/\/wegeblw.pl\/index.php\/produkt\/ralph-lauren-romance-woman-woda-perfumowana-100ml-spray\/","title":{"rendered":"Ralph Lauren Romance Woman Woda perfumowana 100ml spray"},"content":{"rendered":"<p>Ubichinol koenzym Q10 aktywna forma 50mg suplement diety 60 kapsu\u0142ek &#8211; Doctor Life<\/p>\n<p>Nutrikosmetyki<\/p>\n<p>herbatniki sklad, lampa solna cena, witamina darmo. pl formularz, mus kokosowy do czego, zio\u0142a szwedzkie bittner gdzie kupi\u0107, ciasteczka dietetyczne bez cukru, fasola w zalewie, ekoaleja, dania z tapioki, sklep ze zdrow\u0105 \u017cywno\u015bci\u0105 online<\/p>\n<p>yyyyy<\/p>\n","protected":false},"excerpt":{"rendered":"<p>Ubichinol koenzym Q10 aktywna forma 50mg suplement diety 60 kapsu\u0142ek &#8211; Doctor Life Nutrikosmetyki herbatniki sklad, lampa solna cena, witamina&hellip;<\/p>\n","protected":false},"featured_media":4040,"comment_status":"closed","ping_status":"open","template":"","meta":[],"product_cat":[34],"product_tag":[721,697,868],"class_list":["post-4039","product","type-product","status-publish","has-post-thumbnail","hentry","product_cat-perfumy-i-wody-damskie","product_tag-naturli-margaryna","product_tag-osteoporoza-a-banany","product_tag-siemie-lniane-jak-pic"],"_links":{"self":[{"href":"https:\/\/wegeblw.pl\/index.php\/wp-json\/wp\/v2\/product\/4039","targetHints":{"allow":["GET"]}}],"collection":[{"href":"https:\/\/wegeblw.pl\/index.php\/wp-json\/wp\/v2\/product"}],"about":[{"href":"https:\/\/wegeblw.pl\/index.php\/wp-json\/wp\/v2\/types\/product"}],"replies":[{"embeddable":true,"href":"https:\/\/wegeblw.pl\/index.php\/wp-json\/wp\/v2\/comments?post=4039"}],"wp:featuredmedia":[{"embeddable":true,"href":"https:\/\/wegeblw.pl\/index.php\/wp-json\/wp\/v2\/media\/4040"}],"wp:attachment":[{"href":"https:\/\/wegeblw.pl\/index.php\/wp-json\/wp\/v2\/media?parent=4039"}],"wp:term":[{"taxonomy":"product_cat","embeddable":true,"href":"https:\/\/wegeblw.pl\/index.php\/wp-json\/wp\/v2\/product_cat?post=4039"},{"taxonomy":"product_tag","embeddable":true,"href":"https:\/\/wegeblw.pl\/index.php\/wp-json\/wp\/v2\/product_tag?post=4039"}],"curies":[{"name":"wp","href":"https:\/\/api.w.org\/{rel}","templated":true}]}}