{"id":4045,"date":"2024-07-31T21:02:09","date_gmt":"2024-07-31T19:02:09","guid":{"rendered":"https:\/\/wegeblw.pl\/?post_type=product&#038;p=4045"},"modified":"2026-04-10T03:52:42","modified_gmt":"2026-04-10T01:52:42","slug":"lauren-ralph-lauren-pasek-skorzany","status":"publish","type":"product","link":"https:\/\/wegeblw.pl\/index.php\/produkt\/lauren-ralph-lauren-pasek-skorzany\/","title":{"rendered":"Lauren Ralph Lauren &#8211; Pasek sk\u00f3rzany"},"content":{"rendered":"<p>Akcesoria i cz\u0119\u015bci modelarskie<\/p>\n<p>acerolla, amarantus do czego, yoko napoj, panko biedronka, shitake, czarna jagoda wroc\u0142aw, groch zolty, olej \u017cywokostowy z gojnikiem wroc\u0142aw, sosy rodzaje<\/p>\n<p>yyyyy<\/p>\n","protected":false},"excerpt":{"rendered":"<p>Akcesoria i cz\u0119\u015bci modelarskie acerolla, amarantus do czego, yoko napoj, panko biedronka, shitake, czarna jagoda wroc\u0142aw, groch zolty, olej \u017cywokostowy&hellip;<\/p>\n","protected":false},"featured_media":4046,"comment_status":"closed","ping_status":"open","template":"","meta":[],"product_cat":[317],"product_tag":[753,652,715,859],"class_list":["post-4045","product","type-product","status-publish","has-post-thumbnail","hentry","product_cat-paski-damskie","product_tag-english-tea-shop-kalendarz-adwentowy","product_tag-farmy-roztocza","product_tag-jak-oczyscic-krewetki","product_tag-pasta-sezamowa"],"_links":{"self":[{"href":"https:\/\/wegeblw.pl\/index.php\/wp-json\/wp\/v2\/product\/4045","targetHints":{"allow":["GET"]}}],"collection":[{"href":"https:\/\/wegeblw.pl\/index.php\/wp-json\/wp\/v2\/product"}],"about":[{"href":"https:\/\/wegeblw.pl\/index.php\/wp-json\/wp\/v2\/types\/product"}],"replies":[{"embeddable":true,"href":"https:\/\/wegeblw.pl\/index.php\/wp-json\/wp\/v2\/comments?post=4045"}],"wp:featuredmedia":[{"embeddable":true,"href":"https:\/\/wegeblw.pl\/index.php\/wp-json\/wp\/v2\/media\/4046"}],"wp:attachment":[{"href":"https:\/\/wegeblw.pl\/index.php\/wp-json\/wp\/v2\/media?parent=4045"}],"wp:term":[{"taxonomy":"product_cat","embeddable":true,"href":"https:\/\/wegeblw.pl\/index.php\/wp-json\/wp\/v2\/product_cat?post=4045"},{"taxonomy":"product_tag","embeddable":true,"href":"https:\/\/wegeblw.pl\/index.php\/wp-json\/wp\/v2\/product_tag?post=4045"}],"curies":[{"name":"wp","href":"https:\/\/api.w.org\/{rel}","templated":true}]}}