{"id":4049,"date":"2017-10-04T08:50:10","date_gmt":"2017-10-04T06:50:10","guid":{"rendered":"https:\/\/wegeblw.pl\/index.php\/produkt\/lauren-ralph-lauren-mokasyny-brynn-802872424001-bezowy\/"},"modified":"2026-04-30T09:01:33","modified_gmt":"2026-04-30T07:01:33","slug":"lauren-ralph-lauren-mokasyny-brynn-802872424001-bezowy","status":"publish","type":"product","link":"https:\/\/wegeblw.pl\/index.php\/produkt\/lauren-ralph-lauren-mokasyny-brynn-802872424001-bezowy\/","title":{"rendered":"Lauren Ralph Lauren Mokasyny Brynn 802872424001 Be\u017cowy"},"content":{"rendered":"<p>Szyba w kolorze Prizm Road Black do okular\u00f3w Oakley Jawbreaker.W sk\u0142ad zestawu wchodzi:- szyba Prizm Road (przepuszczalno\u015b\u0107 \u015bwiat\u0142a: 11%)- fabryczny foliopak<\/p>\n<p>Akcesoria do okular\u00f3w<\/p>\n<p>olejek z brzozy, s\u00f3l gorzka w\u0142a\u015bciwo\u015bci, fasolka w zalewie, olej z zarodk\u00f3w pszennych, burger wega\u0144ski, niacyna tabletki, olej rzepakowy 5l, dyfuzor ultrad\u017awi\u0119kowy do olejk\u00f3w eterycznych, trzy cechy alfy i omegi, yerba mate sklep krak\u00f3w, podpaski gentle day, olejek z kozieradki, quinoa sklep, czy sezam jest zdrowy, dzia\u0142anie aloesu<\/p>\n<p>yyyyy<\/p>\n","protected":false},"excerpt":{"rendered":"<p>Szyba w kolorze Prizm Road Black do okular\u00f3w Oakley Jawbreaker.W sk\u0142ad zestawu wchodzi:- szyba Prizm Road (przepuszczalno\u015b\u0107 \u015bwiat\u0142a: 11%)- fabryczny&hellip;<\/p>\n","protected":false},"featured_media":4050,"comment_status":"closed","ping_status":"open","template":"","meta":[],"product_cat":[318],"product_tag":[651,729,716,710],"class_list":["post-4049","product","type-product","status-publish","has-post-thumbnail","hentry","product_cat-mokasyny-damskie","product_tag-dieta-bezbialkowa","product_tag-kurkuma-jak-stosowac","product_tag-leckers","product_tag-linda-mccartney-burger"],"_links":{"self":[{"href":"https:\/\/wegeblw.pl\/index.php\/wp-json\/wp\/v2\/product\/4049","targetHints":{"allow":["GET"]}}],"collection":[{"href":"https:\/\/wegeblw.pl\/index.php\/wp-json\/wp\/v2\/product"}],"about":[{"href":"https:\/\/wegeblw.pl\/index.php\/wp-json\/wp\/v2\/types\/product"}],"replies":[{"embeddable":true,"href":"https:\/\/wegeblw.pl\/index.php\/wp-json\/wp\/v2\/comments?post=4049"}],"wp:featuredmedia":[{"embeddable":true,"href":"https:\/\/wegeblw.pl\/index.php\/wp-json\/wp\/v2\/media\/4050"}],"wp:attachment":[{"href":"https:\/\/wegeblw.pl\/index.php\/wp-json\/wp\/v2\/media?parent=4049"}],"wp:term":[{"taxonomy":"product_cat","embeddable":true,"href":"https:\/\/wegeblw.pl\/index.php\/wp-json\/wp\/v2\/product_cat?post=4049"},{"taxonomy":"product_tag","embeddable":true,"href":"https:\/\/wegeblw.pl\/index.php\/wp-json\/wp\/v2\/product_tag?post=4049"}],"curies":[{"name":"wp","href":"https:\/\/api.w.org\/{rel}","templated":true}]}}