{"id":4057,"date":"2020-09-24T13:13:18","date_gmt":"2020-09-24T11:13:18","guid":{"rendered":"https:\/\/wegeblw.pl\/index.php\/produkt\/ralph-lauren-polo-ultra-blue-woda-toaletowa-125ml-tester\/"},"modified":"2026-04-30T11:12:58","modified_gmt":"2026-04-30T09:12:58","slug":"ralph-lauren-polo-ultra-blue-woda-toaletowa-125ml-tester","status":"publish","type":"product","link":"https:\/\/wegeblw.pl\/index.php\/produkt\/ralph-lauren-polo-ultra-blue-woda-toaletowa-125ml-tester\/","title":{"rendered":"Ralph Lauren Polo Ultra Blue Woda Toaletowa 125ml. TESTER"},"content":{"rendered":"<p>Lalique Encre Noire pour Homme:<\/p>\n<p>Tw\u00f3rczyni\u0105 tego ciep\u0142ego aromatu jest Nathalie Lorson (stworzy\u0142a m.in. Boucheron Jaipur Saphir, Chopard Wish), kt\u00f3ra po\u0142\u0105czy\u0142a w tym zapachu ciep\u0142y, aksamitny akord wetiweru Burbo\u0144skiego z tajemniczym, prawie ziemistym wetiwerem Haita\u0144skim. Duet ten uzupe\u0142niony zosta\u0142 nut\u0105 Zielonego wetiweru. Serce zapachu otwiera si\u0119 woni\u0105 Cyprysa, nadaj\u0105c mu t\u0119sknej, ognistej i wyszukanej \u015bwie\u017co\u015bci. Ciep\u0142e, zmys\u0142owe nuty Pi\u017cma i Drzewa Kaszmirowego uwodz\u0105, otulaj\u0105 i pobudzaj\u0105 zmys\u0142y. Encre Noire to elitarna kompozycja. M\u0119sko\u015b\u0107, moc i elegancja. Zapach niebywale \u015bmia\u0142y! Flakon to nawi\u0105zanie do tradycji i rodowodu marki, i jak przysta\u0142o na Lalique &#8211; fascynuj\u0105cy w swej prostocie, a jednocze\u015bnie zachwycaj\u0105cy elegancj\u0105. Masywna butelka w formie sze\u015bcianu, wykonana z czarnego szk\u0142a, do tego korek z drewna wenge, stanowi\u0105 nawi\u0105zanie do s\u0142ynnego &#8222;Ka\u0142amarzem z \u0142ani\u0105&#8221;, dzie\u0142a Lalique z 1913 roku.Nuty zapachowe:Nuta g\u0142owy: wetiwer,Nuta serca: cyprysNuta bazy: pi\u017cmo, drewno kaszmirowe<\/p>\n<p>Perfumy i wody m\u0119skie<\/p>\n<p>gard\u0142o zdrowe, m\u0105ka do chleba, nocciole, czystek w kapsu\u0142kach, jak zrobi\u0107 kulki do bubble tea bez tapioki, suplement menopauza, eko kosmetyki, supershot, herbata pokrzywa, suplement magnezu, suszone warzywa lidl, dania z grila, migda\u0142y 1 kg, bartolini, orzech brazylijskie, owoce odchudzaj\u0105ce<\/p>\n<p><a href=\"https:\/\/cudimiod.pl\/diety-cud-i-miod\/dieta-if\">https:\/\/cudimiod.pl\/diety-cud-i-miod\/dieta-if<\/a><\/p>\n","protected":false},"excerpt":{"rendered":"<p>Lalique Encre Noire pour Homme: Tw\u00f3rczyni\u0105 tego ciep\u0142ego aromatu jest Nathalie Lorson (stworzy\u0142a m.in. Boucheron Jaipur Saphir, Chopard Wish), kt\u00f3ra&hellip;<\/p>\n","protected":false},"featured_media":4058,"comment_status":"closed","ping_status":"open","template":"","meta":[],"product_cat":[78],"product_tag":[774,671,761,881,878],"class_list":["post-4057","product","type-product","status-publish","has-post-thumbnail","hentry","product_cat-perfumy-i-wody-meskie","product_tag-cytryny-ekologiczne","product_tag-jogurt-bez-mleka","product_tag-sklep-ze-zdrowa-zywnoscia-warszawa","product_tag-sok-z-brzozy-cena","product_tag-tahini-do-czego"],"_links":{"self":[{"href":"https:\/\/wegeblw.pl\/index.php\/wp-json\/wp\/v2\/product\/4057","targetHints":{"allow":["GET"]}}],"collection":[{"href":"https:\/\/wegeblw.pl\/index.php\/wp-json\/wp\/v2\/product"}],"about":[{"href":"https:\/\/wegeblw.pl\/index.php\/wp-json\/wp\/v2\/types\/product"}],"replies":[{"embeddable":true,"href":"https:\/\/wegeblw.pl\/index.php\/wp-json\/wp\/v2\/comments?post=4057"}],"wp:featuredmedia":[{"embeddable":true,"href":"https:\/\/wegeblw.pl\/index.php\/wp-json\/wp\/v2\/media\/4058"}],"wp:attachment":[{"href":"https:\/\/wegeblw.pl\/index.php\/wp-json\/wp\/v2\/media?parent=4057"}],"wp:term":[{"taxonomy":"product_cat","embeddable":true,"href":"https:\/\/wegeblw.pl\/index.php\/wp-json\/wp\/v2\/product_cat?post=4057"},{"taxonomy":"product_tag","embeddable":true,"href":"https:\/\/wegeblw.pl\/index.php\/wp-json\/wp\/v2\/product_tag?post=4057"}],"curies":[{"name":"wp","href":"https:\/\/api.w.org\/{rel}","templated":true}]}}