{"id":4059,"date":"2021-12-30T03:55:26","date_gmt":"2021-12-30T02:55:26","guid":{"rendered":"https:\/\/wegeblw.pl\/index.php\/produkt\/ralph-lauren-polo-blue-zestaw-woda-toaletowa-125ml-woda-toaletowa-40-zel-pod-prysznic-50-a-zel-pod-prysznicml\/"},"modified":"2026-04-07T03:20:14","modified_gmt":"2026-04-07T01:20:14","slug":"ralph-lauren-polo-blue-zestaw-woda-toaletowa-125ml-woda-toaletowa-40-zel-pod-prysznic-50-a-zel-pod-prysznicml","status":"publish","type":"product","link":"https:\/\/wegeblw.pl\/index.php\/produkt\/ralph-lauren-polo-blue-zestaw-woda-toaletowa-125ml-woda-toaletowa-40-zel-pod-prysznic-50-a-zel-pod-prysznicml\/","title":{"rendered":"Ralph Lauren Polo Blue Zestaw woda toaletowa 125ml + woda toaletowa 40 \u017cel pod prysznic 50 A \u017cel pod prysznicml"},"content":{"rendered":"<p>Oprawy Okularowe Burberry<\/p>\n<p>Okulary oprawki i szk\u0142a<\/p>\n<p>szare myd\u0142o, seler naciowy, plaskorka, algi do jedzenia, miodowa galaretka z zielona herbata my cafe, soda i ocet co powstaje, drzewo smoczej krwi, r\u00f3\u017cnica siarczan magnezu jednowodny a siedmiowodny, maca czerwona, vit c 1000 mg, witamina d3+k2mk7, nalesniki na sniadanie, koper w\u0142oski herbata, falafele z czym podawa\u0107, skyr co to jest, cynamon ro\u015blina, bio \u017cywno\u015b\u0107, m\u0105ka i woda ksi\u0105\u017cka<\/p>\n<p><a href=\"https:\/\/solutconstruction.pl\/walbrzych.html\">Cennik us\u0142ug wiercenia w betonie \u2013 Wa\u0142brzych<\/a><\/p>\n","protected":false},"excerpt":{"rendered":"<p>Oprawy Okularowe Burberry Okulary oprawki i szk\u0142a szare myd\u0142o, seler naciowy, plaskorka, algi do jedzenia, miodowa galaretka z zielona herbata&hellip;<\/p>\n","protected":false},"featured_media":4060,"comment_status":"closed","ping_status":"open","template":"","meta":[],"product_cat":[78],"product_tag":[734,738,822,826],"class_list":["post-4059","product","type-product","status-publish","has-post-thumbnail","hentry","product_cat-perfumy-i-wody-meskie","product_tag-derma-sklep","product_tag-mieso-bio","product_tag-mleko-kozie","product_tag-olej-kokosowy-rafinowany"],"_links":{"self":[{"href":"https:\/\/wegeblw.pl\/index.php\/wp-json\/wp\/v2\/product\/4059","targetHints":{"allow":["GET"]}}],"collection":[{"href":"https:\/\/wegeblw.pl\/index.php\/wp-json\/wp\/v2\/product"}],"about":[{"href":"https:\/\/wegeblw.pl\/index.php\/wp-json\/wp\/v2\/types\/product"}],"replies":[{"embeddable":true,"href":"https:\/\/wegeblw.pl\/index.php\/wp-json\/wp\/v2\/comments?post=4059"}],"wp:featuredmedia":[{"embeddable":true,"href":"https:\/\/wegeblw.pl\/index.php\/wp-json\/wp\/v2\/media\/4060"}],"wp:attachment":[{"href":"https:\/\/wegeblw.pl\/index.php\/wp-json\/wp\/v2\/media?parent=4059"}],"wp:term":[{"taxonomy":"product_cat","embeddable":true,"href":"https:\/\/wegeblw.pl\/index.php\/wp-json\/wp\/v2\/product_cat?post=4059"},{"taxonomy":"product_tag","embeddable":true,"href":"https:\/\/wegeblw.pl\/index.php\/wp-json\/wp\/v2\/product_tag?post=4059"}],"curies":[{"name":"wp","href":"https:\/\/api.w.org\/{rel}","templated":true}]}}