{"id":4065,"date":"2016-12-19T23:51:48","date_gmt":"2016-12-19T22:51:48","guid":{"rendered":"https:\/\/wegeblw.pl\/index.php\/produkt\/lauren-ralph-lauren-t-shirt-200862066002-bezowy-relaxed-fit\/"},"modified":"2026-04-10T04:37:18","modified_gmt":"2026-04-10T02:37:18","slug":"lauren-ralph-lauren-t-shirt-200862066002-bezowy-relaxed-fit","status":"publish","type":"product","link":"https:\/\/wegeblw.pl\/index.php\/produkt\/lauren-ralph-lauren-t-shirt-200862066002-bezowy-relaxed-fit\/","title":{"rendered":"Lauren Ralph Lauren T-Shirt 200862066002 Be\u017cowy Relaxed Fit"},"content":{"rendered":"<p>Thorne Iso-Phos Izolat Fosfatydyloseryny 60Vkaps<\/p>\n<p>Uk\u0142ad nerwowy i pami\u0119\u0107<\/p>\n<p>schab w plastrach, nerkowiec orzech, olej z pestek dyni t\u0142oczony na zimno, tu\u0144czyk po angielsku, acai jagody, piwo bezalkoholowe a zdrowie, any\u017c w ci\u0105\u017cy, m\u0105ka z semoliny<\/p>\n<p>yyyyy<\/p>\n","protected":false},"excerpt":{"rendered":"<p>Thorne Iso-Phos Izolat Fosfatydyloseryny 60Vkaps Uk\u0142ad nerwowy i pami\u0119\u0107 schab w plastrach, nerkowiec orzech, olej z pestek dyni t\u0142oczony na&hellip;<\/p>\n","protected":false},"featured_media":4066,"comment_status":"closed","ping_status":"open","template":"","meta":[],"product_cat":[299],"product_tag":[667,663,881,706],"class_list":["post-4065","product","type-product","status-publish","has-post-thumbnail","hentry","product_cat-bluzki-damskie","product_tag-makaron-sojowy-ig","product_tag-sekacz-ciasto","product_tag-sok-z-brzozy-cena","product_tag-soki-wielowarzywne"],"_links":{"self":[{"href":"https:\/\/wegeblw.pl\/index.php\/wp-json\/wp\/v2\/product\/4065","targetHints":{"allow":["GET"]}}],"collection":[{"href":"https:\/\/wegeblw.pl\/index.php\/wp-json\/wp\/v2\/product"}],"about":[{"href":"https:\/\/wegeblw.pl\/index.php\/wp-json\/wp\/v2\/types\/product"}],"replies":[{"embeddable":true,"href":"https:\/\/wegeblw.pl\/index.php\/wp-json\/wp\/v2\/comments?post=4065"}],"wp:featuredmedia":[{"embeddable":true,"href":"https:\/\/wegeblw.pl\/index.php\/wp-json\/wp\/v2\/media\/4066"}],"wp:attachment":[{"href":"https:\/\/wegeblw.pl\/index.php\/wp-json\/wp\/v2\/media?parent=4065"}],"wp:term":[{"taxonomy":"product_cat","embeddable":true,"href":"https:\/\/wegeblw.pl\/index.php\/wp-json\/wp\/v2\/product_cat?post=4065"},{"taxonomy":"product_tag","embeddable":true,"href":"https:\/\/wegeblw.pl\/index.php\/wp-json\/wp\/v2\/product_tag?post=4065"}],"curies":[{"name":"wp","href":"https:\/\/api.w.org\/{rel}","templated":true}]}}