{"id":407,"date":"2018-09-07T05:08:31","date_gmt":"2018-09-07T03:08:31","guid":{"rendered":"https:\/\/wegeblw.pl\/index.php\/produkt\/nuxe-nuxellence-eclat-pielegnacja-przeciwstarzeniowa-50ml-nuxellence-zone-regard-do-okolic-oczu-15ml\/"},"modified":"2026-04-08T14:35:12","modified_gmt":"2026-04-08T12:35:12","slug":"nuxe-nuxellence-eclat-pielegnacja-przeciwstarzeniowa-50ml-nuxellence-zone-regard-do-okolic-oczu-15ml","status":"publish","type":"product","link":"https:\/\/wegeblw.pl\/index.php\/produkt\/nuxe-nuxellence-eclat-pielegnacja-przeciwstarzeniowa-50ml-nuxellence-zone-regard-do-okolic-oczu-15ml\/","title":{"rendered":"Nuxe Nuxellence Eclat Piel\u0119gnacja przeciwstarzeniowa 50ml + Nuxellence Zone regard do okolic oczu 15ml"},"content":{"rendered":"<p>Lekki, kwiatowy zapach, kt\u00f3ry doskonale prezentuje si\u0119 na kobiecie nowoczesnej, \u015bmia\u0142ej i odwa\u017cnej. Czysty kryszta\u0142, kt\u00f3ry inspirowa\u0142 tw\u00f3rc\u00f3w tego zapachu, stanowi niezwyk\u0142\u0105 ozdob\u0119 ka\u017cdej kobiety, dodaj\u0105c jej uroku i stylu. Perfumy damskie Versace Bright Crystal s\u0105 czyste, delikatne, kobiece i bardzo luksusowe, doskona\u0142e na ka\u017cd\u0105 okazj\u0119.<\/p>\n<p>Perfumy i wody damskie<\/p>\n<p>jak poprawi\u0107 sprawno\u015b\u0107 seksualn\u0105, olejek \u017curawinowy, lakownica l\u015bni\u0105ca, glowka czosnku<\/p>\n<p><a href=\"https:\/\/wsuniterra.pl\/kierunek\/gimnastyka-korekcyjno-kompensacyjna-z-odnowa-biologiczna\/\">wsuniterra.pl<\/a><\/p>\n","protected":false},"excerpt":{"rendered":"<p>Lekki, kwiatowy zapach, kt\u00f3ry doskonale prezentuje si\u0119 na kobiecie nowoczesnej, \u015bmia\u0142ej i odwa\u017cnej. Czysty kryszta\u0142, kt\u00f3ry inspirowa\u0142 tw\u00f3rc\u00f3w tego zapachu,&hellip;<\/p>\n","protected":false},"featured_media":408,"comment_status":"closed","ping_status":"open","template":"","meta":[],"product_cat":[36],"product_tag":[656,624,664,855],"class_list":["post-407","product","type-product","status-publish","has-post-thumbnail","hentry","product_cat-dermokosmetyki","product_tag-ekologiczne-mieso","product_tag-kombucha-sklep","product_tag-komoda-ryzowa","product_tag-kozie-mleko"],"_links":{"self":[{"href":"https:\/\/wegeblw.pl\/index.php\/wp-json\/wp\/v2\/product\/407","targetHints":{"allow":["GET"]}}],"collection":[{"href":"https:\/\/wegeblw.pl\/index.php\/wp-json\/wp\/v2\/product"}],"about":[{"href":"https:\/\/wegeblw.pl\/index.php\/wp-json\/wp\/v2\/types\/product"}],"replies":[{"embeddable":true,"href":"https:\/\/wegeblw.pl\/index.php\/wp-json\/wp\/v2\/comments?post=407"}],"wp:featuredmedia":[{"embeddable":true,"href":"https:\/\/wegeblw.pl\/index.php\/wp-json\/wp\/v2\/media\/408"}],"wp:attachment":[{"href":"https:\/\/wegeblw.pl\/index.php\/wp-json\/wp\/v2\/media?parent=407"}],"wp:term":[{"taxonomy":"product_cat","embeddable":true,"href":"https:\/\/wegeblw.pl\/index.php\/wp-json\/wp\/v2\/product_cat?post=407"},{"taxonomy":"product_tag","embeddable":true,"href":"https:\/\/wegeblw.pl\/index.php\/wp-json\/wp\/v2\/product_tag?post=407"}],"curies":[{"name":"wp","href":"https:\/\/api.w.org\/{rel}","templated":true}]}}