{"id":4075,"date":"2013-03-19T01:13:26","date_gmt":"2013-03-19T00:13:26","guid":{"rendered":"https:\/\/wegeblw.pl\/index.php\/produkt\/ralph-lauren-polo-blue-gold-blend-woda-perfumowana-75ml\/"},"modified":"2026-04-10T06:55:28","modified_gmt":"2026-04-10T04:55:28","slug":"ralph-lauren-polo-blue-gold-blend-woda-perfumowana-75ml","status":"publish","type":"product","link":"https:\/\/wegeblw.pl\/index.php\/produkt\/ralph-lauren-polo-blue-gold-blend-woda-perfumowana-75ml\/","title":{"rendered":"Ralph Lauren Polo Blue Gold Blend woda perfumowana 75ml"},"content":{"rendered":"<p>Okulary do korekcji wzroku. Wada wzroku: 2,0. Kolor br\u0105zowy.<\/p>\n<p>Okulary oprawki i szk\u0142a<\/p>\n<p>palo santo jak pachnie, s\u0142odycze greckie, suszone kwiaty klitorii, sza\u0142wia chia, chleb orkiszowy sk\u0142ad, ciasto tempura, witamina 3<\/p>\n<p>yyyyy<\/p>\n","protected":false},"excerpt":{"rendered":"<p>Okulary do korekcji wzroku. Wada wzroku: 2,0. Kolor br\u0105zowy. Okulary oprawki i szk\u0142a palo santo jak pachnie, s\u0142odycze greckie, suszone&hellip;<\/p>\n","protected":false},"featured_media":4076,"comment_status":"closed","ping_status":"open","template":"","meta":[],"product_cat":[78],"product_tag":[712,806,828,884],"class_list":["post-4075","product","type-product","status-publish","has-post-thumbnail","hentry","product_cat-perfumy-i-wody-meskie","product_tag-dynia-pieczona","product_tag-mieso-ekologiczne","product_tag-zakupy-z-dostawa-do-domu","product_tag-zestaw-do-matchy"],"_links":{"self":[{"href":"https:\/\/wegeblw.pl\/index.php\/wp-json\/wp\/v2\/product\/4075","targetHints":{"allow":["GET"]}}],"collection":[{"href":"https:\/\/wegeblw.pl\/index.php\/wp-json\/wp\/v2\/product"}],"about":[{"href":"https:\/\/wegeblw.pl\/index.php\/wp-json\/wp\/v2\/types\/product"}],"replies":[{"embeddable":true,"href":"https:\/\/wegeblw.pl\/index.php\/wp-json\/wp\/v2\/comments?post=4075"}],"wp:featuredmedia":[{"embeddable":true,"href":"https:\/\/wegeblw.pl\/index.php\/wp-json\/wp\/v2\/media\/4076"}],"wp:attachment":[{"href":"https:\/\/wegeblw.pl\/index.php\/wp-json\/wp\/v2\/media?parent=4075"}],"wp:term":[{"taxonomy":"product_cat","embeddable":true,"href":"https:\/\/wegeblw.pl\/index.php\/wp-json\/wp\/v2\/product_cat?post=4075"},{"taxonomy":"product_tag","embeddable":true,"href":"https:\/\/wegeblw.pl\/index.php\/wp-json\/wp\/v2\/product_tag?post=4075"}],"curies":[{"name":"wp","href":"https:\/\/api.w.org\/{rel}","templated":true}]}}