{"id":4137,"date":"2015-05-30T22:24:59","date_gmt":"2015-05-30T20:24:59","guid":{"rendered":"https:\/\/wegeblw.pl\/index.php\/produkt\/ralph-lauren-rl-6219u-6024-7599731\/"},"modified":"2026-04-08T06:26:24","modified_gmt":"2026-04-08T04:26:24","slug":"ralph-lauren-rl-6219u-6024-7599731","status":"publish","type":"product","link":"https:\/\/wegeblw.pl\/index.php\/produkt\/ralph-lauren-rl-6219u-6024-7599731\/","title":{"rendered":"Ralph Lauren RL 6219U 6024 (7599731)"},"content":{"rendered":"<p>\u015aciereczka z mikrofibry z nadrukiem samochodu Mercedes 300 SL Gullwing. Okularnicy wiedz\u0105 doskonale, jak trudno utrzyma\u0107 w nienagannej czysto\u015bci noszone na co dzie\u0144 szk\u0142a. Idealna do czyszczenia zabrudzonych okular\u00f3w jest \u015bciereczka z mikrofibry, kt\u00f3ra nie pozostawia nieestetycznych zaciek\u00f3w i smug. \u015aciereczki do okular\u00f3w nie musz\u0105 by\u0107 nudne, lecz mog\u0105 posiada\u0107 stylowe grafiki z samochodami. Polecamy funkcjonalne i pi\u0119kne \u015bciereczki dla wszystkich, kt\u00f3rych pasj\u0105 jest motoryzacja. Samoch\u00f3d, klasyk lub legenda to ozdoba, kt\u00f3ra na \u015bciereczce prezentuje si\u0119 niezwykle szykownie i pokazuje wyczucie smaku jej w\u0142a\u015bciciela. Wszystkie grafiki s\u0105 autorstwa Krakowskiego artysty kt\u00f3ry dba o najmniejsze detale w rysowanych samochodach.<\/p>\n<p>Akcesoria do okular\u00f3w<\/p>\n<p>jak dokarmiac zakwas chlebowy, agawa, p5p swanson, wino wytrawne co to znaczy, aloes do picia w\u0142a\u015bciwo\u015bci, sklepy zdrowa \u017cywno\u015b\u0107<\/p>\n<p><a href=\"https:\/\/www.digitent.pl\/lezaki-reklamowe\">https:\/\/www.digitent.pl\/lezaki-reklamowe<\/a><\/p>\n","protected":false},"excerpt":{"rendered":"<p>\u015aciereczka z mikrofibry z nadrukiem samochodu Mercedes 300 SL Gullwing. Okularnicy wiedz\u0105 doskonale, jak trudno utrzyma\u0107 w nienagannej czysto\u015bci noszone&hellip;<\/p>\n","protected":false},"featured_media":4138,"comment_status":"closed","ping_status":"open","template":"","meta":[],"product_cat":[249],"product_tag":[876,721,728,786],"class_list":["post-4137","product","type-product","status-publish","has-post-thumbnail","hentry","product_cat-okulary-oprawki-i-szkla","product_tag-herbaty-bio","product_tag-naturli-margaryna","product_tag-roslinne-mieso","product_tag-soczewicy"],"_links":{"self":[{"href":"https:\/\/wegeblw.pl\/index.php\/wp-json\/wp\/v2\/product\/4137","targetHints":{"allow":["GET"]}}],"collection":[{"href":"https:\/\/wegeblw.pl\/index.php\/wp-json\/wp\/v2\/product"}],"about":[{"href":"https:\/\/wegeblw.pl\/index.php\/wp-json\/wp\/v2\/types\/product"}],"replies":[{"embeddable":true,"href":"https:\/\/wegeblw.pl\/index.php\/wp-json\/wp\/v2\/comments?post=4137"}],"wp:featuredmedia":[{"embeddable":true,"href":"https:\/\/wegeblw.pl\/index.php\/wp-json\/wp\/v2\/media\/4138"}],"wp:attachment":[{"href":"https:\/\/wegeblw.pl\/index.php\/wp-json\/wp\/v2\/media?parent=4137"}],"wp:term":[{"taxonomy":"product_cat","embeddable":true,"href":"https:\/\/wegeblw.pl\/index.php\/wp-json\/wp\/v2\/product_cat?post=4137"},{"taxonomy":"product_tag","embeddable":true,"href":"https:\/\/wegeblw.pl\/index.php\/wp-json\/wp\/v2\/product_tag?post=4137"}],"curies":[{"name":"wp","href":"https:\/\/api.w.org\/{rel}","templated":true}]}}