{"id":4157,"date":"2017-02-23T08:21:24","date_gmt":"2017-02-23T07:21:24","guid":{"rendered":"https:\/\/wegeblw.pl\/index.php\/produkt\/ralph-lauren-rl6174-5001\/"},"modified":"2026-04-07T01:12:56","modified_gmt":"2026-04-06T23:12:56","slug":"ralph-lauren-rl6174-5001","status":"publish","type":"product","link":"https:\/\/wegeblw.pl\/index.php\/produkt\/ralph-lauren-rl6174-5001\/","title":{"rendered":"Ralph Lauren RL6174 5001"},"content":{"rendered":"<p>Emolium A-topic Tr\u00f3jaktywna Emulsja do cia\u0142a 200ml<\/p>\n<p>Pozosta\u0142e kosmetyki do piel\u0119gnacji cia\u0142a<\/p>\n<p>ma\u0142y makaron, rzodkiew japonska, suplement maca, zdrowe cukierki, witamina cw proszku do twarzy, dynia olbrzymia nasiona, cukier waniliowy, wisiolek, yope p\u0142yn do \u0142azienki<\/p>\n<p>yyyyy<\/p>\n","protected":false},"excerpt":{"rendered":"<p>Emolium A-topic Tr\u00f3jaktywna Emulsja do cia\u0142a 200ml Pozosta\u0142e kosmetyki do piel\u0119gnacji cia\u0142a ma\u0142y makaron, rzodkiew japonska, suplement maca, zdrowe cukierki,&hellip;<\/p>\n","protected":false},"featured_media":4158,"comment_status":"closed","ping_status":"open","template":"","meta":[],"product_cat":[249],"product_tag":[721,823,750],"class_list":["post-4157","product","type-product","status-publish","has-post-thumbnail","hentry","product_cat-okulary-oprawki-i-szkla","product_tag-naturli-margaryna","product_tag-olej-z-ryzu","product_tag-pasta-tahini-do-czego"],"_links":{"self":[{"href":"https:\/\/wegeblw.pl\/index.php\/wp-json\/wp\/v2\/product\/4157","targetHints":{"allow":["GET"]}}],"collection":[{"href":"https:\/\/wegeblw.pl\/index.php\/wp-json\/wp\/v2\/product"}],"about":[{"href":"https:\/\/wegeblw.pl\/index.php\/wp-json\/wp\/v2\/types\/product"}],"replies":[{"embeddable":true,"href":"https:\/\/wegeblw.pl\/index.php\/wp-json\/wp\/v2\/comments?post=4157"}],"wp:featuredmedia":[{"embeddable":true,"href":"https:\/\/wegeblw.pl\/index.php\/wp-json\/wp\/v2\/media\/4158"}],"wp:attachment":[{"href":"https:\/\/wegeblw.pl\/index.php\/wp-json\/wp\/v2\/media?parent=4157"}],"wp:term":[{"taxonomy":"product_cat","embeddable":true,"href":"https:\/\/wegeblw.pl\/index.php\/wp-json\/wp\/v2\/product_cat?post=4157"},{"taxonomy":"product_tag","embeddable":true,"href":"https:\/\/wegeblw.pl\/index.php\/wp-json\/wp\/v2\/product_tag?post=4157"}],"curies":[{"name":"wp","href":"https:\/\/api.w.org\/{rel}","templated":true}]}}