{"id":4191,"date":"2019-09-17T07:35:52","date_gmt":"2019-09-17T05:35:52","guid":{"rendered":"https:\/\/wegeblw.pl\/index.php\/produkt\/okulary-korekcyjne-ralph-lauren-rl-6210q-5007-70462z\/"},"modified":"2026-04-18T12:43:23","modified_gmt":"2026-04-18T10:43:23","slug":"okulary-korekcyjne-ralph-lauren-rl-6210q-5007-70462z","status":"publish","type":"product","link":"https:\/\/wegeblw.pl\/index.php\/produkt\/okulary-korekcyjne-ralph-lauren-rl-6210q-5007-70462z\/","title":{"rendered":"Okulary korekcyjne Ralph Lauren RL 6210Q 5007 (70462Z)"},"content":{"rendered":"<p>Co za przestrze\u0144, jaka panorama! Jaka cisza w kru\u017cgankach wiryda\u017ca. Jak pi\u0119knie brzmi\u0105 organy w katedrze! Ile skarb\u00f3w zgromadzono w zabytkowych wn\u0119trzach! Ile emocji mo\u017cna prze\u017cy\u0107 w muzeum na elektryzuj\u0105cej wystawie, w dawnym domu wynalazcy kondensatora. Kamie\u0144 Pomorski was zachwyci, a ten przewodnik poprowadzi krok po kroku przez najciekawsze miejsca i zabytki miasta. Zawiera ponad 600 zdj\u0119\u0107 opatrzonych fachowym komentarzem &#8211; z rado\u015bci\u0105 zajrzysz do niego po powrocie do domy, by wszystko jeszcze&#8230;<\/p>\n<p>Literatura podr\u00f3\u017cnicza i przewodniki<\/p>\n<p>hydrolat kocanki, czosnek na jelita, p\u0142atki owsiane 1 kg, do wyrobu serka tofu, olejek inca inchi, clean label, olejki relaksacyjne, \u017ce\u0144 sze\u0144 syberyjski wikipedia, witamina a aliness, you are the love of my life, tempeh biedronka, \u017ce\u0144 sze\u0144 ginseng, allnutrition cookie, kwasek cytrynowy 5 kg, naturli margaryna, materii, skorka cytryny, sok z selera naciowego przeciwwskazania, k2 mk7 cena, cebula ze szczypiorem<\/p>\n<p>yyyyy<\/p>\n","protected":false},"excerpt":{"rendered":"<p>Co za przestrze\u0144, jaka panorama! Jaka cisza w kru\u017cgankach wiryda\u017ca. Jak pi\u0119knie brzmi\u0105 organy w katedrze! Ile skarb\u00f3w zgromadzono w&hellip;<\/p>\n","protected":false},"featured_media":4192,"comment_status":"closed","ping_status":"open","template":"","meta":[],"product_cat":[249],"product_tag":[833,786,745],"class_list":["post-4191","product","type-product","status-publish","has-post-thumbnail","hentry","product_cat-okulary-oprawki-i-szkla","product_tag-maka-orkiszowa","product_tag-soczewicy","product_tag-swieze-mleko"],"_links":{"self":[{"href":"https:\/\/wegeblw.pl\/index.php\/wp-json\/wp\/v2\/product\/4191","targetHints":{"allow":["GET"]}}],"collection":[{"href":"https:\/\/wegeblw.pl\/index.php\/wp-json\/wp\/v2\/product"}],"about":[{"href":"https:\/\/wegeblw.pl\/index.php\/wp-json\/wp\/v2\/types\/product"}],"replies":[{"embeddable":true,"href":"https:\/\/wegeblw.pl\/index.php\/wp-json\/wp\/v2\/comments?post=4191"}],"wp:featuredmedia":[{"embeddable":true,"href":"https:\/\/wegeblw.pl\/index.php\/wp-json\/wp\/v2\/media\/4192"}],"wp:attachment":[{"href":"https:\/\/wegeblw.pl\/index.php\/wp-json\/wp\/v2\/media?parent=4191"}],"wp:term":[{"taxonomy":"product_cat","embeddable":true,"href":"https:\/\/wegeblw.pl\/index.php\/wp-json\/wp\/v2\/product_cat?post=4191"},{"taxonomy":"product_tag","embeddable":true,"href":"https:\/\/wegeblw.pl\/index.php\/wp-json\/wp\/v2\/product_tag?post=4191"}],"curies":[{"name":"wp","href":"https:\/\/api.w.org\/{rel}","templated":true}]}}