{"id":4221,"date":"2019-07-28T19:24:58","date_gmt":"2019-07-28T17:24:58","guid":{"rendered":"https:\/\/wegeblw.pl\/index.php\/produkt\/lauren-ralph-lauren-torebka-adley-431795008011-czarny\/"},"modified":"2026-04-08T21:21:51","modified_gmt":"2026-04-08T19:21:51","slug":"lauren-ralph-lauren-torebka-adley-431795008011-czarny","status":"publish","type":"product","link":"https:\/\/wegeblw.pl\/index.php\/produkt\/lauren-ralph-lauren-torebka-adley-431795008011-czarny\/","title":{"rendered":"Lauren Ralph Lauren Torebka Adley 431795008011 Czarny"},"content":{"rendered":"<p>BISZOLIN to produkt otrzymywany z biszofitu naturalnego posiadaj\u0105cy wszystkie jego w\u0142a\u015bciwo\u015bci. Biszofit sformowa\u0142 si\u0119 kilkaset milion\u00f3w lat temu w skutek wyparowania ekologicznie czystej wody Morza Prehistorycznego i jest naturalnym koncentratem wszystkich mikroelement\u00f3w w niej rozpuszczonych.<\/p>\n<p>Preparaty medycyny naturalnej<\/p>\n<p>dobra kaloria batony, ostrovit fat burner, orzechy wlasciwosci, ciemny makaron, miod.manuka, maka sojowa, sklep naturalny, p\u0142yn lugola cena, orge, uzdrawianie tarczycy wed\u0142ug boskiego lekarza<\/p>\n<p><a href=\"https:\/\/www.wizytylekarskie-slask.pl\/kategorie\/placowka-ruda-slaska\">https:\/\/www.wizytylekarskie-slask.pl\/kategorie\/placowka-ruda-slaska<\/a><\/p>\n","protected":false},"excerpt":{"rendered":"<p>BISZOLIN to produkt otrzymywany z biszofitu naturalnego posiadaj\u0105cy wszystkie jego w\u0142a\u015bciwo\u015bci. Biszofit sformowa\u0142 si\u0119 kilkaset milion\u00f3w lat temu w skutek&hellip;<\/p>\n","protected":false},"featured_media":4222,"comment_status":"closed","ping_status":"open","template":"","meta":[],"product_cat":[259],"product_tag":[751,821,684,775,750,728],"class_list":["post-4221","product","type-product","status-publish","has-post-thumbnail","hentry","product_cat-torebki-damskie","product_tag-24-organic","product_tag-gotowanie-komosy-ryzowej","product_tag-kurkuma-korzen","product_tag-kwasna-smietana","product_tag-pasta-tahini-do-czego","product_tag-roslinne-mieso"],"_links":{"self":[{"href":"https:\/\/wegeblw.pl\/index.php\/wp-json\/wp\/v2\/product\/4221","targetHints":{"allow":["GET"]}}],"collection":[{"href":"https:\/\/wegeblw.pl\/index.php\/wp-json\/wp\/v2\/product"}],"about":[{"href":"https:\/\/wegeblw.pl\/index.php\/wp-json\/wp\/v2\/types\/product"}],"replies":[{"embeddable":true,"href":"https:\/\/wegeblw.pl\/index.php\/wp-json\/wp\/v2\/comments?post=4221"}],"wp:featuredmedia":[{"embeddable":true,"href":"https:\/\/wegeblw.pl\/index.php\/wp-json\/wp\/v2\/media\/4222"}],"wp:attachment":[{"href":"https:\/\/wegeblw.pl\/index.php\/wp-json\/wp\/v2\/media?parent=4221"}],"wp:term":[{"taxonomy":"product_cat","embeddable":true,"href":"https:\/\/wegeblw.pl\/index.php\/wp-json\/wp\/v2\/product_cat?post=4221"},{"taxonomy":"product_tag","embeddable":true,"href":"https:\/\/wegeblw.pl\/index.php\/wp-json\/wp\/v2\/product_tag?post=4221"}],"curies":[{"name":"wp","href":"https:\/\/api.w.org\/{rel}","templated":true}]}}