{"id":4243,"date":"2012-10-29T16:08:30","date_gmt":"2012-10-29T15:08:30","guid":{"rendered":"https:\/\/wegeblw.pl\/index.php\/produkt\/loreal-super-liner-black-lacquer-eyeliner-do-oczu-winylowa-czern-14g\/"},"modified":"2026-05-01T10:02:35","modified_gmt":"2026-05-01T08:02:35","slug":"loreal-super-liner-black-lacquer-eyeliner-do-oczu-winylowa-czern-14g","status":"publish","type":"product","link":"https:\/\/wegeblw.pl\/index.php\/produkt\/loreal-super-liner-black-lacquer-eyeliner-do-oczu-winylowa-czern-14g\/","title":{"rendered":"L&#8217;Oreal Super Liner Black Lacquer Eyeliner do oczu Winylowa Czer\u0144 14g"},"content":{"rendered":"<p>UrgoClean Ag jest wskazany na rany z objawami miejscowej infekcji lubz ryzykiem zaka\u017cenia, z biofilmem, z martwic\u0105 rozp\u0142ywn\u0105, a w tym w:ranach ostrych: oparzenia, rany pourazowe, rany chirurgiczne,ranach przewlek\u0142ych: odle\u017cyny, owrzodzenia ko\u0144czyn dolnych, owrzodzenia stopy cukrzycowej.CHARAKTERYSTYKAUrgoClean Ag wykazuje silne dzia\u0142anie antybiofilmowe iantybakteryjne m.in. wobec Staphylococcus aureus, MRSA, Streptococcuspyogenes i Pseudomonas aeruginosa,miejscowo zwalcza zaka\u017cenie, zmniejszaj\u0105c liczb\u0119 bakterii w ranie,UrgoClean Ag wykazuje kompleksowe dzia\u0142anie oczyszczaj\u0105ce (usuwa z rany wysi\u0119k, martwic\u0119 rozp\u0142ywn\u0105 i obumar\u0142e tkanki),usuwa z rany biofilm i zapobiega jego rekonstrukcji,mo\u017ce by\u0107 u\u017cywany w terapii kompresyjnej,pozwala na bezbolesn\u0105 i bezurazow\u0105 zmian\u0119 opatrunku, dzi\u0119ki \u017celuj\u0105cej matrycy TLC, utrzymuj\u0105cej optymalnie wilgotne \u015brodowisko,opatrunek UrgoClean Ag jest przebadany klinicznie.<\/p>\n<p>Apteczki i materia\u0142y opatrunkowe<\/p>\n<p>mas\u0142o makadamia, mas\u0142o klarowane, kasza manna na mleku kokosowym, czym zast\u0105pi\u0107 p\u0142atki owsiane, kasxa, aloes korzenie, chipsy z batatow, masc mumio, leonardyt, oczar wirginijski hydrolat<\/p>\n<p><a href=\"https:\/\/www.wizytylekarskie-slask.pl\/kategorie\/placowka-ruda-slaska\">https:\/\/www.wizytylekarskie-slask.pl\/kategorie\/placowka-ruda-slaska<\/a><\/p>\n","protected":false},"excerpt":{"rendered":"<p>UrgoClean Ag jest wskazany na rany z objawami miejscowej infekcji lubz ryzykiem zaka\u017cenia, z biofilmem, z martwic\u0105 rozp\u0142ywn\u0105, a w&hellip;<\/p>\n","protected":false},"featured_media":4244,"comment_status":"closed","ping_status":"open","template":"","meta":[],"product_cat":[327],"product_tag":[658,661,738,701,630],"class_list":["post-4243","product","type-product","status-publish","has-post-thumbnail","hentry","product_cat-eyelinery","product_tag-beyond-meat-polska","product_tag-jak-ugotowac-komose-ryzowa","product_tag-mieso-bio","product_tag-produkty-klasztorne","product_tag-vege-slodycze"],"_links":{"self":[{"href":"https:\/\/wegeblw.pl\/index.php\/wp-json\/wp\/v2\/product\/4243","targetHints":{"allow":["GET"]}}],"collection":[{"href":"https:\/\/wegeblw.pl\/index.php\/wp-json\/wp\/v2\/product"}],"about":[{"href":"https:\/\/wegeblw.pl\/index.php\/wp-json\/wp\/v2\/types\/product"}],"replies":[{"embeddable":true,"href":"https:\/\/wegeblw.pl\/index.php\/wp-json\/wp\/v2\/comments?post=4243"}],"wp:featuredmedia":[{"embeddable":true,"href":"https:\/\/wegeblw.pl\/index.php\/wp-json\/wp\/v2\/media\/4244"}],"wp:attachment":[{"href":"https:\/\/wegeblw.pl\/index.php\/wp-json\/wp\/v2\/media?parent=4243"}],"wp:term":[{"taxonomy":"product_cat","embeddable":true,"href":"https:\/\/wegeblw.pl\/index.php\/wp-json\/wp\/v2\/product_cat?post=4243"},{"taxonomy":"product_tag","embeddable":true,"href":"https:\/\/wegeblw.pl\/index.php\/wp-json\/wp\/v2\/product_tag?post=4243"}],"curies":[{"name":"wp","href":"https:\/\/api.w.org\/{rel}","templated":true}]}}