{"id":4245,"date":"2025-06-16T19:31:48","date_gmt":"2025-06-16T17:31:48","guid":{"rendered":"https:\/\/wegeblw.pl\/?post_type=product&#038;p=4245"},"modified":"2026-04-07T02:50:21","modified_gmt":"2026-04-07T00:50:21","slug":"supermicro-cse-836a-r1200b-cse-836a-r1200b","status":"publish","type":"product","link":"https:\/\/wegeblw.pl\/index.php\/produkt\/supermicro-cse-836a-r1200b-cse-836a-r1200b\/","title":{"rendered":"Supermicro CSE-836A-R1200B (CSE-836A-R1200B)"},"content":{"rendered":"<p>Od\u017cywki bia\u0142kowe<\/p>\n<p>ile soli fizjologicznej do inhalacji, pesto z pomidor\u00f3w, dieta lekkostrawna &#8211; co je\u015b\u0107, majom, kasza jaglana odchudzanie efekty, pasta sezamowa tahini gdzie kupi\u0107, mleka roslinne<\/p>\n<p>yyyyy<\/p>\n","protected":false},"excerpt":{"rendered":"<p>Od\u017cywki bia\u0142kowe ile soli fizjologicznej do inhalacji, pesto z pomidor\u00f3w, dieta lekkostrawna &#8211; co je\u015b\u0107, majom, kasza jaglana odchudzanie efekty,&hellip;<\/p>\n","protected":false},"featured_media":4246,"comment_status":"closed","ping_status":"open","template":"","meta":[],"product_cat":[328],"product_tag":[655,656,873,757,851],"class_list":["post-4245","product","type-product","status-publish","has-post-thumbnail","hentry","product_cat-obudowy-serwerowe","product_tag-eko-warzywa","product_tag-ekologiczne-mieso","product_tag-jak-przygotowac-komose-ryzowa","product_tag-roslinny-qurczak","product_tag-warzywa-online"],"_links":{"self":[{"href":"https:\/\/wegeblw.pl\/index.php\/wp-json\/wp\/v2\/product\/4245","targetHints":{"allow":["GET"]}}],"collection":[{"href":"https:\/\/wegeblw.pl\/index.php\/wp-json\/wp\/v2\/product"}],"about":[{"href":"https:\/\/wegeblw.pl\/index.php\/wp-json\/wp\/v2\/types\/product"}],"replies":[{"embeddable":true,"href":"https:\/\/wegeblw.pl\/index.php\/wp-json\/wp\/v2\/comments?post=4245"}],"wp:featuredmedia":[{"embeddable":true,"href":"https:\/\/wegeblw.pl\/index.php\/wp-json\/wp\/v2\/media\/4246"}],"wp:attachment":[{"href":"https:\/\/wegeblw.pl\/index.php\/wp-json\/wp\/v2\/media?parent=4245"}],"wp:term":[{"taxonomy":"product_cat","embeddable":true,"href":"https:\/\/wegeblw.pl\/index.php\/wp-json\/wp\/v2\/product_cat?post=4245"},{"taxonomy":"product_tag","embeddable":true,"href":"https:\/\/wegeblw.pl\/index.php\/wp-json\/wp\/v2\/product_tag?post=4245"}],"curies":[{"name":"wp","href":"https:\/\/api.w.org\/{rel}","templated":true}]}}