{"id":4255,"date":"2022-09-26T00:18:41","date_gmt":"2022-09-25T22:18:41","guid":{"rendered":"https:\/\/wegeblw.pl\/index.php\/produkt\/linoderm-omega-zel-do-mycia-ciala-250ml\/"},"modified":"2026-04-07T06:20:44","modified_gmt":"2026-04-07T04:20:44","slug":"linoderm-omega-zel-do-mycia-ciala-250ml","status":"publish","type":"product","link":"https:\/\/wegeblw.pl\/index.php\/produkt\/linoderm-omega-zel-do-mycia-ciala-250ml\/","title":{"rendered":"Linoderm Omega \u017bel do Mycia Cia\u0142a 250ml"},"content":{"rendered":"<p>Okulary S\u0142oneczne Burberry<\/p>\n<p>Okulary przeciws\u0142oneczne damskie<\/p>\n<p>tapoka, czosnek nied\u017awiedzi kiedy ro\u015bnie, placki dla cukrzyk\u00f3w, fasola mung cena, platki musli, kaczka polska, hunan, imbir na kaszel<\/p>\n<p>yyyyy<\/p>\n","protected":false},"excerpt":{"rendered":"<p>Okulary S\u0142oneczne Burberry Okulary przeciws\u0142oneczne damskie tapoka, czosnek nied\u017awiedzi kiedy ro\u015bnie, placki dla cukrzyk\u00f3w, fasola mung cena, platki musli, kaczka&hellip;<\/p>\n","protected":false},"featured_media":4256,"comment_status":"closed","ping_status":"open","template":"","meta":[],"product_cat":[70],"product_tag":[744,710,798,822,683],"class_list":["post-4255","product","type-product","status-publish","has-post-thumbnail","hentry","product_cat-zele-i-balsamy-pod-prysznic","product_tag-haagen-dazs","product_tag-linda-mccartney-burger","product_tag-makaron-pelnoziarnisty","product_tag-mleko-kozie","product_tag-ziola-regenerujace-nadnercza"],"_links":{"self":[{"href":"https:\/\/wegeblw.pl\/index.php\/wp-json\/wp\/v2\/product\/4255","targetHints":{"allow":["GET"]}}],"collection":[{"href":"https:\/\/wegeblw.pl\/index.php\/wp-json\/wp\/v2\/product"}],"about":[{"href":"https:\/\/wegeblw.pl\/index.php\/wp-json\/wp\/v2\/types\/product"}],"replies":[{"embeddable":true,"href":"https:\/\/wegeblw.pl\/index.php\/wp-json\/wp\/v2\/comments?post=4255"}],"wp:featuredmedia":[{"embeddable":true,"href":"https:\/\/wegeblw.pl\/index.php\/wp-json\/wp\/v2\/media\/4256"}],"wp:attachment":[{"href":"https:\/\/wegeblw.pl\/index.php\/wp-json\/wp\/v2\/media?parent=4255"}],"wp:term":[{"taxonomy":"product_cat","embeddable":true,"href":"https:\/\/wegeblw.pl\/index.php\/wp-json\/wp\/v2\/product_cat?post=4255"},{"taxonomy":"product_tag","embeddable":true,"href":"https:\/\/wegeblw.pl\/index.php\/wp-json\/wp\/v2\/product_tag?post=4255"}],"curies":[{"name":"wp","href":"https:\/\/api.w.org\/{rel}","templated":true}]}}