{"id":4263,"date":"2013-11-26T19:21:55","date_gmt":"2013-11-26T18:21:55","guid":{"rendered":"https:\/\/wegeblw.pl\/index.php\/produkt\/ideepharm-nivelazione-skin-therapy-expert-specjalistyczne-mydlo-do-rak-o-wlasciwosciach-antybakteryjnych-500ml\/"},"modified":"2026-04-28T05:53:42","modified_gmt":"2026-04-28T03:53:42","slug":"ideepharm-nivelazione-skin-therapy-expert-specjalistyczne-mydlo-do-rak-o-wlasciwosciach-antybakteryjnych-500ml","status":"publish","type":"product","link":"https:\/\/wegeblw.pl\/index.php\/produkt\/ideepharm-nivelazione-skin-therapy-expert-specjalistyczne-mydlo-do-rak-o-wlasciwosciach-antybakteryjnych-500ml\/","title":{"rendered":"Ideepharm Nivelazione Skin Therapy Expert Specjalistyczne Myd\u0142o Do R\u0105k O W\u0142a\u015bciwo\u015bciach Antybakteryjnych 500Ml"},"content":{"rendered":"<p>Myd\u0142o w p\u0142ynie Mleko i Mi\u00f3d Eva Natura delikatnie myje chroni\u0105c d\u0142onie przed wysuszeniem. Stworzone do piel\u0119gnacji ka\u017cdego rodzaju sk\u00f3ry.W\u0142a\u015bciwo\u015bci produktu:\u0142agodny, s\u0142odki i przyjemny zapach kremowa konsystencjamleko i mi\u00f3d &#8211; wyg\u0142adzenie, nawil\u017cenie i zmi\u0119kczenie sk\u00f3ry d\u0142oni<\/p>\n<p>Myd\u0142a<\/p>\n<p>kolostrynina, olej rzepakowy nierafinowany, sok z klonu w\u0142a\u015bciwo\u015bci, mleko organiczne, hummus z pomidorami, allos, mi\u00f3d na cere, owies cena, makaron z m\u0105ki konjac, organic warszawa, sanprobi barrier, zakupy spozywcze z dostawa, co je\u015b\u0107 przed imprez\u0105<\/p>\n<p>yyyyy<\/p>\n","protected":false},"excerpt":{"rendered":"<p>Myd\u0142o w p\u0142ynie Mleko i Mi\u00f3d Eva Natura delikatnie myje chroni\u0105c d\u0142onie przed wysuszeniem. Stworzone do piel\u0119gnacji ka\u017cdego rodzaju sk\u00f3ry.W\u0142a\u015bciwo\u015bci&hellip;<\/p>\n","protected":false},"featured_media":4264,"comment_status":"closed","ping_status":"open","template":"","meta":[],"product_cat":[330],"product_tag":[788,628,637,781,687],"class_list":["post-4263","product","type-product","status-publish","has-post-thumbnail","hentry","product_cat-mydla","product_tag-beyond-meat-burger","product_tag-mieso-roslinne","product_tag-miso-paste","product_tag-primabiotic-collagen","product_tag-produkty-bez-bialka"],"_links":{"self":[{"href":"https:\/\/wegeblw.pl\/index.php\/wp-json\/wp\/v2\/product\/4263","targetHints":{"allow":["GET"]}}],"collection":[{"href":"https:\/\/wegeblw.pl\/index.php\/wp-json\/wp\/v2\/product"}],"about":[{"href":"https:\/\/wegeblw.pl\/index.php\/wp-json\/wp\/v2\/types\/product"}],"replies":[{"embeddable":true,"href":"https:\/\/wegeblw.pl\/index.php\/wp-json\/wp\/v2\/comments?post=4263"}],"wp:featuredmedia":[{"embeddable":true,"href":"https:\/\/wegeblw.pl\/index.php\/wp-json\/wp\/v2\/media\/4264"}],"wp:attachment":[{"href":"https:\/\/wegeblw.pl\/index.php\/wp-json\/wp\/v2\/media?parent=4263"}],"wp:term":[{"taxonomy":"product_cat","embeddable":true,"href":"https:\/\/wegeblw.pl\/index.php\/wp-json\/wp\/v2\/product_cat?post=4263"},{"taxonomy":"product_tag","embeddable":true,"href":"https:\/\/wegeblw.pl\/index.php\/wp-json\/wp\/v2\/product_tag?post=4263"}],"curies":[{"name":"wp","href":"https:\/\/api.w.org\/{rel}","templated":true}]}}