{"id":4285,"date":"2023-05-17T12:37:10","date_gmt":"2023-05-17T10:37:10","guid":{"rendered":"https:\/\/wegeblw.pl\/?post_type=product&#038;p=4285"},"modified":"2026-04-07T03:11:03","modified_gmt":"2026-04-07T01:11:03","slug":"dermedic-regenist-ujedrniajacy-krem-wspomagajacy-odnowe-skory-na-noc-50-ml","status":"publish","type":"product","link":"https:\/\/wegeblw.pl\/index.php\/produkt\/dermedic-regenist-ujedrniajacy-krem-wspomagajacy-odnowe-skory-na-noc-50-ml\/","title":{"rendered":"Dermedic REGENIST Uj\u0119drniaj\u0105cy krem wspomagaj\u0105cy odnow\u0119 sk\u00f3ry na noc 50 ml"},"content":{"rendered":"<p>Dziewcz\u0119ca sp\u00f3dniczka w klasycznym jeansowym kolorze, kt\u00f3ra idealnie b\u0119dzie nadawa\u0107 si\u0119 zar\u00f3wno na co dzie\u0144 do szko\u0142y czy przedszkola jak r\u00f3wnie\u017c na specjalne okazje w ciep\u0142e letnie dni, oraz w ch\u0142odniejszy czas do rajstopek. Sp\u00f3dniczka jest w klasycznym niebieskim kolorze, z delikatnym przecieraniami w bardzo delikatne kropeczki zrobione z nitek. Z przodu i z ty\u0142u sp\u00f3dniczka ma praktyczne kieszonki. Mi\u0119kka, wykonana z wysokiej jako\u015bci bawe\u0142ny, wygodna sp\u00f3dniczka \u2013 asortyment, kt\u00f3ry musi znale\u017a\u0107 si\u0119 w ka\u017cdej szafie m\u0142odej damy \u2013 b\u0119dzie niezast\u0105piona nie tylko na wszelakie uroczysto\u015bci ale r\u00f3wnie\u017c na co dzie\u0144. Sk\u0142ad: 70% Bawe\u0142na 16% Poliester 13%Wiskoza 1% Elastan<\/p>\n<p>Sp\u00f3dnice dzieci\u0119ce<\/p>\n<p>jak dba\u0107 o cere, papryczki piri-piri ostro\u015b\u0107, gryczane.pl, mielone wo\u0142owe, p\u0142atki zbo\u017cowe, digestive ciastka, tapioki, maseczka z kurkumy i sody, chilli pieprz cayenne, kapusta kiszona czy kwaszona, hummus klasyczny, groszek konserwowy, ile to 500g maki, sklep z eko \u017cwyno\u015bci\u0105, ciastka czekoladowe bez czekolady, diabetyk, witamina c dla kobiet w ci\u0105\u017cy, soda na gardlo, wyr\u00f3\u017cniamy pi\u0119\u0107 smak\u00f3w<\/p>\n<p>yyyyy<\/p>\n","protected":false},"excerpt":{"rendered":"<p>Dziewcz\u0119ca sp\u00f3dniczka w klasycznym jeansowym kolorze, kt\u00f3ra idealnie b\u0119dzie nadawa\u0107 si\u0119 zar\u00f3wno na co dzie\u0144 do szko\u0142y czy przedszkola jak&hellip;<\/p>\n","protected":false},"featured_media":4286,"comment_status":"closed","ping_status":"open","template":"","meta":[],"product_cat":[36],"product_tag":[872,777,663,786,699,665],"class_list":["post-4285","product","type-product","status-publish","has-post-thumbnail","hentry","product_cat-dermokosmetyki","product_tag-bis-ethylhexyloxyphenol-methoxyphenyl-triazine","product_tag-mieso-wege","product_tag-sekacz-ciasto","product_tag-soczewicy","product_tag-sok-z-cytryn","product_tag-weganskie-mieso"],"_links":{"self":[{"href":"https:\/\/wegeblw.pl\/index.php\/wp-json\/wp\/v2\/product\/4285","targetHints":{"allow":["GET"]}}],"collection":[{"href":"https:\/\/wegeblw.pl\/index.php\/wp-json\/wp\/v2\/product"}],"about":[{"href":"https:\/\/wegeblw.pl\/index.php\/wp-json\/wp\/v2\/types\/product"}],"replies":[{"embeddable":true,"href":"https:\/\/wegeblw.pl\/index.php\/wp-json\/wp\/v2\/comments?post=4285"}],"wp:featuredmedia":[{"embeddable":true,"href":"https:\/\/wegeblw.pl\/index.php\/wp-json\/wp\/v2\/media\/4286"}],"wp:attachment":[{"href":"https:\/\/wegeblw.pl\/index.php\/wp-json\/wp\/v2\/media?parent=4285"}],"wp:term":[{"taxonomy":"product_cat","embeddable":true,"href":"https:\/\/wegeblw.pl\/index.php\/wp-json\/wp\/v2\/product_cat?post=4285"},{"taxonomy":"product_tag","embeddable":true,"href":"https:\/\/wegeblw.pl\/index.php\/wp-json\/wp\/v2\/product_tag?post=4285"}],"curies":[{"name":"wp","href":"https:\/\/api.w.org\/{rel}","templated":true}]}}