{"id":4331,"date":"2023-05-23T04:10:48","date_gmt":"2023-05-23T02:10:48","guid":{"rendered":"https:\/\/wegeblw.pl\/?post_type=product&#038;p=4331"},"modified":"2026-04-08T07:27:17","modified_gmt":"2026-04-08T05:27:17","slug":"vitaminum-c-200-30-tabl","status":"publish","type":"product","link":"https:\/\/wegeblw.pl\/index.php\/produkt\/vitaminum-c-200-30-tabl\/","title":{"rendered":"Vitaminum C 200 30 tabl."},"content":{"rendered":"<p>Kawa ziarnista Segafredo Espresso CasaKaw\u0119 Espresso Casa wyr\u00f3\u017cnia intensywny bukiet smakowy, powsta\u0142y w wyniku wyd\u0142u\u017conego procesu palenia, kt\u00f3ry likwiduje kwasowo\u015b\u0107, jednocze\u015bnie podkre\u015blaj\u0105c nut\u0119 goryczki.Wi\u0119ksza zawarto\u015b\u0107 Robusty podwy\u017csza poziom kofeiny i powoduje, \u017ce w fili\u017cance tworzy si\u0119 charakterystyczna dla w\u0142oskiego espresso kremowa pianka. Stworzona specjalnie po to, aby odtworzy\u0107 w domu zapach i konsystencj\u0119 Espresso przyrz\u0105dzanego w kawiarni.Kawa ziarnista Segafredo powstaje z wyselekcjonowanych ziaren Arabiki oraz Robusty, w oparciu o autentyczne, w\u0142oskie receptury. Segafredo to idealny wyb\u00f3r dla wymagaj\u0105cych mi\u0142o\u015bnik\u00f3w kawy i tych o wyrafinowanym gu\u015bcie.<\/p>\n<p>Kawa<\/p>\n<p>baton beraw, m\u0105ka pszenna, czekolady torras, czarnuszka do czego, kwiatek geranium, wieczorny, mohani, steki warszawa sklep, yerba mate taragui, pieprzyca peruwia\u0144ska, pieprz cayenne gdzie kupi\u0107, jak dba\u0107 o, dzien pieczenia, yerba mate green ilex paraguariensis, olejek z oregano, farba popielaty blond, ksm 66, zupa og\u00f3rkowa, eukaliptus cytrynowy olejek<\/p>\n<p>yyyyy<\/p>\n","protected":false},"excerpt":{"rendered":"<p>Kawa ziarnista Segafredo Espresso CasaKaw\u0119 Espresso Casa wyr\u00f3\u017cnia intensywny bukiet smakowy, powsta\u0142y w wyniku wyd\u0142u\u017conego procesu palenia, kt\u00f3ry likwiduje kwasowo\u015b\u0107,&hellip;<\/p>\n","protected":false},"featured_media":4332,"comment_status":"closed","ping_status":"open","template":"","meta":[],"product_cat":[18],"product_tag":[863,848,759,716],"class_list":["post-4331","product","type-product","status-publish","has-post-thumbnail","hentry","product_cat-mineraly-i-witaminy","product_tag-antidotum","product_tag-granat-z-pestki","product_tag-kurkuma","product_tag-leckers"],"_links":{"self":[{"href":"https:\/\/wegeblw.pl\/index.php\/wp-json\/wp\/v2\/product\/4331","targetHints":{"allow":["GET"]}}],"collection":[{"href":"https:\/\/wegeblw.pl\/index.php\/wp-json\/wp\/v2\/product"}],"about":[{"href":"https:\/\/wegeblw.pl\/index.php\/wp-json\/wp\/v2\/types\/product"}],"replies":[{"embeddable":true,"href":"https:\/\/wegeblw.pl\/index.php\/wp-json\/wp\/v2\/comments?post=4331"}],"wp:featuredmedia":[{"embeddable":true,"href":"https:\/\/wegeblw.pl\/index.php\/wp-json\/wp\/v2\/media\/4332"}],"wp:attachment":[{"href":"https:\/\/wegeblw.pl\/index.php\/wp-json\/wp\/v2\/media?parent=4331"}],"wp:term":[{"taxonomy":"product_cat","embeddable":true,"href":"https:\/\/wegeblw.pl\/index.php\/wp-json\/wp\/v2\/product_cat?post=4331"},{"taxonomy":"product_tag","embeddable":true,"href":"https:\/\/wegeblw.pl\/index.php\/wp-json\/wp\/v2\/product_tag?post=4331"}],"curies":[{"name":"wp","href":"https:\/\/api.w.org\/{rel}","templated":true}]}}