{"id":4343,"date":"2019-01-14T03:19:29","date_gmt":"2019-01-14T02:19:29","guid":{"rendered":"https:\/\/wegeblw.pl\/index.php\/produkt\/biolit-wierzbownica-drogi-moczowe-i-prostata-100g\/"},"modified":"2026-04-09T16:46:19","modified_gmt":"2026-04-09T14:46:19","slug":"biolit-wierzbownica-drogi-moczowe-i-prostata-100g","status":"publish","type":"product","link":"https:\/\/wegeblw.pl\/index.php\/produkt\/biolit-wierzbownica-drogi-moczowe-i-prostata-100g\/","title":{"rendered":"Biolit Wierzbownica Drogi Moczowe I Prostata 100G"},"content":{"rendered":"<p>Oprawy okularowe Rodenstock<\/p>\n<p>Okulary oprawki i szk\u0142a<\/p>\n<p>k\u0142odawska, olej rycynowy na brwi efekty, trzcinowy cukier, eliza m\u00f3rawska<\/p>\n<p>yyyyy<\/p>\n","protected":false},"excerpt":{"rendered":"<p>Oprawy okularowe Rodenstock Okulary oprawki i szk\u0142a k\u0142odawska, olej rycynowy na brwi efekty, trzcinowy cukier, eliza m\u00f3rawska yyyyy<\/p>\n","protected":false},"featured_media":4344,"comment_status":"closed","ping_status":"open","template":"","meta":[],"product_cat":[102],"product_tag":[858,867,868,665,683],"class_list":["post-4343","product","type-product","status-publish","has-post-thumbnail","hentry","product_cat-uklad-plciowy-i-moczowy","product_tag-majonez-vitapol","product_tag-siemie-lniane-blonnik","product_tag-siemie-lniane-jak-pic","product_tag-weganskie-mieso","product_tag-ziola-regenerujace-nadnercza"],"_links":{"self":[{"href":"https:\/\/wegeblw.pl\/index.php\/wp-json\/wp\/v2\/product\/4343","targetHints":{"allow":["GET"]}}],"collection":[{"href":"https:\/\/wegeblw.pl\/index.php\/wp-json\/wp\/v2\/product"}],"about":[{"href":"https:\/\/wegeblw.pl\/index.php\/wp-json\/wp\/v2\/types\/product"}],"replies":[{"embeddable":true,"href":"https:\/\/wegeblw.pl\/index.php\/wp-json\/wp\/v2\/comments?post=4343"}],"wp:featuredmedia":[{"embeddable":true,"href":"https:\/\/wegeblw.pl\/index.php\/wp-json\/wp\/v2\/media\/4344"}],"wp:attachment":[{"href":"https:\/\/wegeblw.pl\/index.php\/wp-json\/wp\/v2\/media?parent=4343"}],"wp:term":[{"taxonomy":"product_cat","embeddable":true,"href":"https:\/\/wegeblw.pl\/index.php\/wp-json\/wp\/v2\/product_cat?post=4343"},{"taxonomy":"product_tag","embeddable":true,"href":"https:\/\/wegeblw.pl\/index.php\/wp-json\/wp\/v2\/product_tag?post=4343"}],"curies":[{"name":"wp","href":"https:\/\/api.w.org\/{rel}","templated":true}]}}