{"id":4345,"date":"2021-06-28T20:28:11","date_gmt":"2021-06-28T18:28:11","guid":{"rendered":"https:\/\/wegeblw.pl\/index.php\/produkt\/dr-peniman-60-kaps\/"},"modified":"2026-04-08T06:37:10","modified_gmt":"2026-04-08T04:37:10","slug":"dr-peniman-60-kaps","status":"publish","type":"product","link":"https:\/\/wegeblw.pl\/index.php\/produkt\/dr-peniman-60-kaps\/","title":{"rendered":"Dr Peniman 60 kaps."},"content":{"rendered":"<p>Eva Simple Szampon do w\u0142os\u00f3w z \u0142upie\u017cem z jemio\u0142\u0105 500mlSzampon polecany do piel\u0119gnacji w\u0142os\u00f3w z tendencj\u0105 do \u0142upie\u017cu. Zawiera wyci\u0105g z jemio\u0142y o dzia\u0142aniu oczyszczaj\u0105cym i antyseptycznym. Szampon zmniejsza sk\u0142onno\u015b\u0107 do \u0142upie\u017cu oraz \u0142agodzi jego objawy. Dodatkowo chroni naturaln\u0105 flor\u0119 bakteryjn\u0105 sk\u00f3ry g\u0142owy. W\u0142osy odzyskuj\u0105 blask, \u015bwie\u017co\u015b\u0107 i zdrowy wygl\u0105d bez \u0142upie\u017cu. Pojemno\u015b\u0107: 500ml<\/p>\n<p>Szampony do w\u0142os\u00f3w<\/p>\n<p>czy li\u015bcie rzodkiewki s\u0105 jadalne, najel, kolagen beauty me, ostrovit d3 k2, sok 2 litry, vianek od\u017cywczy \u017cel myj\u0105cy do twarzy, fasola haricot, zdrowe chrupki, li\u015bcie aloesu zastosowanie<\/p>\n<p><a href=\"https:\/\/eneroo.pl\/kategorie\/izolacja-i-konstrukcja-sciany-w-systemie-steico\" rel=\"nofollow\">konstrukcja \u015bciany<\/a><\/p>\n","protected":false},"excerpt":{"rendered":"<p>Eva Simple Szampon do w\u0142os\u00f3w z \u0142upie\u017cem z jemio\u0142\u0105 500mlSzampon polecany do piel\u0119gnacji w\u0142os\u00f3w z tendencj\u0105 do \u0142upie\u017cu. Zawiera wyci\u0105g&hellip;<\/p>\n","protected":false},"featured_media":4346,"comment_status":"closed","ping_status":"open","template":"","meta":[],"product_cat":[102],"product_tag":[753,880,815,732],"class_list":["post-4345","product","type-product","status-publish","has-post-thumbnail","hentry","product_cat-uklad-plciowy-i-moczowy","product_tag-english-tea-shop-kalendarz-adwentowy","product_tag-kotlet-weganski-linda-mccartney","product_tag-margaryny-bez-oleju-palmowego","product_tag-produkty-bez-laktozy"],"_links":{"self":[{"href":"https:\/\/wegeblw.pl\/index.php\/wp-json\/wp\/v2\/product\/4345","targetHints":{"allow":["GET"]}}],"collection":[{"href":"https:\/\/wegeblw.pl\/index.php\/wp-json\/wp\/v2\/product"}],"about":[{"href":"https:\/\/wegeblw.pl\/index.php\/wp-json\/wp\/v2\/types\/product"}],"replies":[{"embeddable":true,"href":"https:\/\/wegeblw.pl\/index.php\/wp-json\/wp\/v2\/comments?post=4345"}],"wp:featuredmedia":[{"embeddable":true,"href":"https:\/\/wegeblw.pl\/index.php\/wp-json\/wp\/v2\/media\/4346"}],"wp:attachment":[{"href":"https:\/\/wegeblw.pl\/index.php\/wp-json\/wp\/v2\/media?parent=4345"}],"wp:term":[{"taxonomy":"product_cat","embeddable":true,"href":"https:\/\/wegeblw.pl\/index.php\/wp-json\/wp\/v2\/product_cat?post=4345"},{"taxonomy":"product_tag","embeddable":true,"href":"https:\/\/wegeblw.pl\/index.php\/wp-json\/wp\/v2\/product_tag?post=4345"}],"curies":[{"name":"wp","href":"https:\/\/api.w.org\/{rel}","templated":true}]}}