{"id":437,"date":"2022-08-26T06:57:24","date_gmt":"2022-08-26T04:57:24","guid":{"rendered":"https:\/\/wegeblw.pl\/index.php\/produkt\/bonatium-skrzyp-polny-herbatka-ziolowa-30-sasz\/"},"modified":"2026-04-08T04:28:43","modified_gmt":"2026-04-08T02:28:43","slug":"bonatium-skrzyp-polny-herbatka-ziolowa-30-sasz","status":"publish","type":"product","link":"https:\/\/wegeblw.pl\/index.php\/produkt\/bonatium-skrzyp-polny-herbatka-ziolowa-30-sasz\/","title":{"rendered":"Bonatium Skrzyp polny Herbatka zio\u0142owa 30 sasz"},"content":{"rendered":"<p>Literatura sensacyjna i grozy<\/p>\n<p>chlebowy do picia, barszcz z butelki, sza\u0142wia na b\u00f3l brzucha, mucha w uchu, herbata zielona z mi\u0119t\u0105, przyprawa do ryb, dieta przyk\u0142adowa, makaron duze muszle, pomys\u0142 na makaron ry\u017cowy, czym zast\u0105pi\u0107 skrobi\u0119 ziemniaczan\u0105<\/p>\n<p>yyyyy<\/p>\n","protected":false},"excerpt":{"rendered":"<p>Literatura sensacyjna i grozy chlebowy do picia, barszcz z butelki, sza\u0142wia na b\u00f3l brzucha, mucha w uchu, herbata zielona z&hellip;<\/p>\n","protected":false},"featured_media":438,"comment_status":"closed","ping_status":"open","template":"","meta":[],"product_cat":[41],"product_tag":[751,858,685,795],"class_list":["post-437","product","type-product","status-publish","has-post-thumbnail","hentry","product_cat-ziola-i-herbaty-lecznicze","product_tag-24-organic","product_tag-majonez-vitapol","product_tag-sekacz-skad-pochodzi","product_tag-wino-bez-siarczanow"],"_links":{"self":[{"href":"https:\/\/wegeblw.pl\/index.php\/wp-json\/wp\/v2\/product\/437","targetHints":{"allow":["GET"]}}],"collection":[{"href":"https:\/\/wegeblw.pl\/index.php\/wp-json\/wp\/v2\/product"}],"about":[{"href":"https:\/\/wegeblw.pl\/index.php\/wp-json\/wp\/v2\/types\/product"}],"replies":[{"embeddable":true,"href":"https:\/\/wegeblw.pl\/index.php\/wp-json\/wp\/v2\/comments?post=437"}],"wp:featuredmedia":[{"embeddable":true,"href":"https:\/\/wegeblw.pl\/index.php\/wp-json\/wp\/v2\/media\/438"}],"wp:attachment":[{"href":"https:\/\/wegeblw.pl\/index.php\/wp-json\/wp\/v2\/media?parent=437"}],"wp:term":[{"taxonomy":"product_cat","embeddable":true,"href":"https:\/\/wegeblw.pl\/index.php\/wp-json\/wp\/v2\/product_cat?post=437"},{"taxonomy":"product_tag","embeddable":true,"href":"https:\/\/wegeblw.pl\/index.php\/wp-json\/wp\/v2\/product_tag?post=437"}],"curies":[{"name":"wp","href":"https:\/\/api.w.org\/{rel}","templated":true}]}}