{"id":4411,"date":"2016-05-19T11:16:21","date_gmt":"2016-05-19T09:16:21","guid":{"rendered":"https:\/\/wegeblw.pl\/index.php\/produkt\/makita-zestaw-combo-ga90209558hn-dk0053\/"},"modified":"2026-04-07T04:39:07","modified_gmt":"2026-04-07T02:39:07","slug":"makita-zestaw-combo-ga90209558hn-dk0053","status":"publish","type":"product","link":"https:\/\/wegeblw.pl\/index.php\/produkt\/makita-zestaw-combo-ga90209558hn-dk0053\/","title":{"rendered":"Makita Zestaw Combo GA9020+9558HN DK0053"},"content":{"rendered":"<p>ETUI FUTERA\u0141 NA DZIECI\u0118CEOKULARY SC-10A<\/p>\n<p>Akcesoria do okular\u00f3w<\/p>\n<p>l theanina, sheik bananowy, chleb na proszku do pieczenia, b 50, ketchup premium, m\u0105ka razowa cena, galart, chleb orkiszowy na zakwasie<\/p>\n<p>yyyyy<\/p>\n","protected":false},"excerpt":{"rendered":"<p>ETUI FUTERA\u0141 NA DZIECI\u0118CEOKULARY SC-10A Akcesoria do okular\u00f3w l theanina, sheik bananowy, chleb na proszku do pieczenia, b 50, ketchup&hellip;<\/p>\n","protected":false},"featured_media":4412,"comment_status":"closed","ping_status":"open","template":"","meta":[],"product_cat":[335],"product_tag":[844,852,783,663,696,795],"class_list":["post-4411","product","type-product","status-publish","has-post-thumbnail","hentry","product_cat-pozostale-elektronarzedzia","product_tag-eko-mieso","product_tag-fenkul","product_tag-majonez-vita-pol","product_tag-sekacz-ciasto","product_tag-vitapol-majonez-domowy","product_tag-wino-bez-siarczanow"],"_links":{"self":[{"href":"https:\/\/wegeblw.pl\/index.php\/wp-json\/wp\/v2\/product\/4411","targetHints":{"allow":["GET"]}}],"collection":[{"href":"https:\/\/wegeblw.pl\/index.php\/wp-json\/wp\/v2\/product"}],"about":[{"href":"https:\/\/wegeblw.pl\/index.php\/wp-json\/wp\/v2\/types\/product"}],"replies":[{"embeddable":true,"href":"https:\/\/wegeblw.pl\/index.php\/wp-json\/wp\/v2\/comments?post=4411"}],"wp:featuredmedia":[{"embeddable":true,"href":"https:\/\/wegeblw.pl\/index.php\/wp-json\/wp\/v2\/media\/4412"}],"wp:attachment":[{"href":"https:\/\/wegeblw.pl\/index.php\/wp-json\/wp\/v2\/media?parent=4411"}],"wp:term":[{"taxonomy":"product_cat","embeddable":true,"href":"https:\/\/wegeblw.pl\/index.php\/wp-json\/wp\/v2\/product_cat?post=4411"},{"taxonomy":"product_tag","embeddable":true,"href":"https:\/\/wegeblw.pl\/index.php\/wp-json\/wp\/v2\/product_tag?post=4411"}],"curies":[{"name":"wp","href":"https:\/\/api.w.org\/{rel}","templated":true}]}}