{"id":4419,"date":"2014-06-17T04:48:18","date_gmt":"2014-06-17T02:48:18","guid":{"rendered":"https:\/\/wegeblw.pl\/index.php\/produkt\/haxe-termometr-bezdotykowy-hw2\/"},"modified":"2026-04-13T10:35:02","modified_gmt":"2026-04-13T08:35:02","slug":"haxe-termometr-bezdotykowy-hw2","status":"publish","type":"product","link":"https:\/\/wegeblw.pl\/index.php\/produkt\/haxe-termometr-bezdotykowy-hw2\/","title":{"rendered":"Haxe Termometr Bezdotykowy HW2"},"content":{"rendered":"<p>Suplement diety &#8211; Skrzyp Total Repair, pi\u0119kne w\u0142osy, sk\u00f3ra i paznokcie.<\/p>\n<p>Nutrikosmetyki<\/p>\n<p>w\u0142a\u015bciwo\u015bci kaszy gryczanej, pasta z wanilii, mleko owsiane sklad, citrouille, bezglutenowe pieczywo, zdrowa \u017cywno\u015b\u0107 olsztyn, popcorn w kinie cena, ciasto dro\u017cd\u017cowe bezglutenowe, fru\u017celina z bor\u00f3wek, daktyle a menopauz\u0105, na co mieta, jagoda goji cena, olejek eteryczny do inhalacji, woda utleniona do picia, w\u0119giel aktywny w kapsu\u0142kach, olej z konopii cbd<\/p>\n<p>yyyyy<\/p>\n","protected":false},"excerpt":{"rendered":"<p>Suplement diety &#8211; Skrzyp Total Repair, pi\u0119kne w\u0142osy, sk\u00f3ra i paznokcie. Nutrikosmetyki w\u0142a\u015bciwo\u015bci kaszy gryczanej, pasta z wanilii, mleko owsiane&hellip;<\/p>\n","protected":false},"featured_media":4420,"comment_status":"closed","ping_status":"open","template":"","meta":[],"product_cat":[336],"product_tag":[736,657],"class_list":["post-4419","product","type-product","status-publish","has-post-thumbnail","hentry","product_cat-termometry","product_tag-dojrzale-pl","product_tag-filet-z-indyka"],"_links":{"self":[{"href":"https:\/\/wegeblw.pl\/index.php\/wp-json\/wp\/v2\/product\/4419","targetHints":{"allow":["GET"]}}],"collection":[{"href":"https:\/\/wegeblw.pl\/index.php\/wp-json\/wp\/v2\/product"}],"about":[{"href":"https:\/\/wegeblw.pl\/index.php\/wp-json\/wp\/v2\/types\/product"}],"replies":[{"embeddable":true,"href":"https:\/\/wegeblw.pl\/index.php\/wp-json\/wp\/v2\/comments?post=4419"}],"wp:featuredmedia":[{"embeddable":true,"href":"https:\/\/wegeblw.pl\/index.php\/wp-json\/wp\/v2\/media\/4420"}],"wp:attachment":[{"href":"https:\/\/wegeblw.pl\/index.php\/wp-json\/wp\/v2\/media?parent=4419"}],"wp:term":[{"taxonomy":"product_cat","embeddable":true,"href":"https:\/\/wegeblw.pl\/index.php\/wp-json\/wp\/v2\/product_cat?post=4419"},{"taxonomy":"product_tag","embeddable":true,"href":"https:\/\/wegeblw.pl\/index.php\/wp-json\/wp\/v2\/product_tag?post=4419"}],"curies":[{"name":"wp","href":"https:\/\/api.w.org\/{rel}","templated":true}]}}