{"id":4433,"date":"2024-10-10T21:06:12","date_gmt":"2024-10-10T19:06:12","guid":{"rendered":"https:\/\/wegeblw.pl\/?post_type=product&#038;p=4433"},"modified":"2026-04-07T08:14:04","modified_gmt":"2026-04-07T06:14:04","slug":"pralka-samsung-ww60a3120we","status":"publish","type":"product","link":"https:\/\/wegeblw.pl\/index.php\/produkt\/pralka-samsung-ww60a3120we\/","title":{"rendered":"Pralka Samsung WW60A3120WE"},"content":{"rendered":"<p>BLIZCARE\u00ae RegularSilikonowy, medyczny \u017cel na blizny 15gDo stosowania na ka\u017cdy rodzaj blizn o nieregularnych kszta\u0142tach i trudno dost\u0119pnych miejscach. Wspomaga leczenie, wyg\u0142adza, zmniejsza i uelastycznia blizn\u0119, sprawia, \u017ce staje si\u0119 mniej widoczna. Prze\u017aroczysty i szybko wysychaj\u0105cy. Silikonowy, medyczny \u017cel na blizny BLIZCARE\u00ae Regular mo\u017cna stosowa\u0107 TYLKO po ca\u0142kowitym wygojeniu si\u0119 rany.                            <\/p>\n<p>OpisMedyczny, silikonowy \u017cel na blizny 15 g. BLIZCARE\u00ae Regular nale\u017cy stosowa\u0107 zewn\u0119trznie na sk\u00f3r\u0119, tylko po ca\u0142kowitym wygojeniu si\u0119 rany. Wyg\u0142adza, zmniejsza i uelastycznia blizn\u0119 sprawiaj\u0105c, \u017ce staje si\u0119 ona mniej widoczna. Silikonowy \u017cel na blizny BLIZCARE\u00ae Regular, mo\u017cna stosowa\u0107 na ka\u017cdy rodzaj blizny bez wzgl\u0119du na spos\u00f3b oraz czas jej powstania. Wskazane jest, aby przed zastosowaniem \u017celu miejsce aplikacji umy\u0107 oraz osuszy\u0107. Rozprowadzi\u0107 \u017cel na powierzchni blizny. W celu wspomagania rezultat\u00f3w mo\u017cna dodatkowo wykona\u0107 masa\u017c rozcieraj\u0105c \u017cel na bli\u017anie. Pozostawi\u0107 cienk\u0105 warstw\u0119 \u017celu do wyschni\u0119cia. Ewentualny nadmiar \u017celu mo\u017cna usun\u0105\u0107 chusteczk\u0105. Zaleca si\u0119 stosowa\u0107 \u017cel dwa razy dziennie. Na warstw\u0119 \u017celu po wyschni\u0119ciu mo\u017cna stosowa\u0107 kosmetyki. Najkorzystniej stosowa\u0107 jest \u017cel w okresie do dw\u00f3ch lat od powstania blizny. Silikonowy \u017cel na blizny BLIZCARE\u00ae Regular, mo\u017ce by\u0107 stosowany u doros\u0142ych i dzieci bez wzgl\u0119du na wiek. Jest wyrobem, kt\u00f3ry stanowi skuteczn\u0105, nowoczesn\u0105 oraz nieinwazyjn\u0105 metod\u0119 leczenia blizn. \u0141agodzi nast\u0119puj\u0105ce objawy zwi\u0105zane z bliznami:Zmniejsza widoczno\u015b\u0107 bliznyUelastycznia sk\u00f3r\u0119 w miejscu bliznyZnosi uczucie napi\u0119cia i \u015bwi\u0105duPrzynosi ulg\u0119 w odczuwaniu dyskomfortuZastosowanieSILIKONOWY \u017bEL BLIZCARE\u00ae mo\u017cna stosowa\u0107 na ka\u017cd\u0105 blizn\u0119 bez wzgl\u0119du na spos\u00f3b i czas jej powstania. \u017bel stosuje si\u0119 zewn\u0119trznie na sk\u00f3r\u0119. Wskazane jest, aby przed zastosowaniem \u017celu miejsce aplikacji umy\u0107 oraz osuszy\u0107. Rozprowadzi\u0107 \u017cel na powierzchni blizny. W celu wspomagania rezultat\u00f3w mo\u017cna dodatkowo wykona\u0107 masa\u017c rozcieraj\u0105c \u017cel na bli\u017anie. Pozostawi\u0107 cienk\u0105 warstw\u0119 \u017celu do wyschni\u0119cia. Ewentualny nadmiar \u017celu mo\u017cna usun\u0105\u0107 chusteczk\u0105. Zaleca si\u0119 stosowa\u0107 \u017cel dwa razy dziennie. Na warstw\u0119 \u017celu po wyschni\u0119ciu mo\u017cna stosowa\u0107 kosmetyki. Najkorzystniej stosowa\u0107 jest \u017cel w okresie do dw\u00f3ch lat po zamkni\u0119ciu si\u0119 rany. Mo\u017ce by\u0107 stosowany u doros\u0142ych i dzieci bez wzgl\u0119du na wiek.<\/p>\n<p>Nutrikosmetyki i leki dermatologiczne<\/p>\n<p>og\u00f3rek anulka, kalcyt lub soda, proszek matcha, witaminy dla dzieci w kroplach, wafle z kremem, siemi\u0119 lniane na refluks przepis, pektyna jablkowa, barszcz czerwony dla dzieci, co wypi\u0107 na dobry sen, kalendarz onlybio, zbyt szybki metabolizm, sernik dietetyczny dla diabetyk\u00f3w, co to odpornosc, melatonina ostrovit, zdrowe przek\u0105ski do szko\u0142y, forskolina opinie<\/p>\n<p>yyyyy<\/p>\n","protected":false},"excerpt":{"rendered":"<p>BLIZCARE\u00ae RegularSilikonowy, medyczny \u017cel na blizny 15gDo stosowania na ka\u017cdy rodzaj blizn o nieregularnych kszta\u0142tach i trudno dost\u0119pnych miejscach. Wspomaga&hellip;<\/p>\n","protected":false},"featured_media":4434,"comment_status":"closed","ping_status":"open","template":"","meta":[],"product_cat":[340],"product_tag":[811,666,629,830,741,669],"class_list":["post-4433","product","type-product","status-publish","has-post-thumbnail","hentry","product_cat-pralki","product_tag-jajka-ekologiczne","product_tag-lody-haagen-dazs","product_tag-maka-z-ciecierzycy","product_tag-organic-24","product_tag-rafinowany-olej-kokosowy","product_tag-vigo-kombucha"],"_links":{"self":[{"href":"https:\/\/wegeblw.pl\/index.php\/wp-json\/wp\/v2\/product\/4433","targetHints":{"allow":["GET"]}}],"collection":[{"href":"https:\/\/wegeblw.pl\/index.php\/wp-json\/wp\/v2\/product"}],"about":[{"href":"https:\/\/wegeblw.pl\/index.php\/wp-json\/wp\/v2\/types\/product"}],"replies":[{"embeddable":true,"href":"https:\/\/wegeblw.pl\/index.php\/wp-json\/wp\/v2\/comments?post=4433"}],"wp:featuredmedia":[{"embeddable":true,"href":"https:\/\/wegeblw.pl\/index.php\/wp-json\/wp\/v2\/media\/4434"}],"wp:attachment":[{"href":"https:\/\/wegeblw.pl\/index.php\/wp-json\/wp\/v2\/media?parent=4433"}],"wp:term":[{"taxonomy":"product_cat","embeddable":true,"href":"https:\/\/wegeblw.pl\/index.php\/wp-json\/wp\/v2\/product_cat?post=4433"},{"taxonomy":"product_tag","embeddable":true,"href":"https:\/\/wegeblw.pl\/index.php\/wp-json\/wp\/v2\/product_tag?post=4433"}],"curies":[{"name":"wp","href":"https:\/\/api.w.org\/{rel}","templated":true}]}}