{"id":4437,"date":"2017-09-19T04:18:06","date_gmt":"2017-09-19T02:18:06","guid":{"rendered":"https:\/\/wegeblw.pl\/index.php\/produkt\/smilesonic-ex-black\/"},"modified":"2026-04-08T09:17:31","modified_gmt":"2026-04-08T07:17:31","slug":"smilesonic-ex-black","status":"publish","type":"product","link":"https:\/\/wegeblw.pl\/index.php\/produkt\/smilesonic-ex-black\/","title":{"rendered":"Smilesonic EX Black"},"content":{"rendered":"<p>Jarrow Formulas Glucosamine+Chondroitin+MSM od Jarrow Formulas, to suplement wspomagaj\u0105cy regenracj\u0119 prac\u0119 staw\u00f3w i ko\u015bci. Jarrow FORMULAS Glucosamine + Chondroitin + MSM zawiera witamin\u0119 C, mangan, siarczan glukozaminy, siarczan chondroityny i metylosulfonylometan (MSM). Glucosamine + Chondroitin + MSM dostarcza skutecznej ilo\u015bci siarczanu glukozaminy, siarczanu chondroityny oraz MSM w po\u0142\u0105czeniu z witamin\u0105 C i manganem by wspomaga\u0107 zdrowe stawy. 120 kapsu\u0142ek w opakowaniu1 porcja to 4 kapsu\u0142ki30 porcji w opakowaniuWspomaga regeneracj\u0119 oraz prac\u0119 staw\u00f3w i ko\u015bciGlukozamina i siarczan chondroityny to podstawowe sk\u0142adniki tkanki staw\u00f3w bior\u0105cych udzia\u0142 w produkcji kwasu hialuronowego, kt\u00f3ry jest wa\u017cnym sk\u0142adnikiem p\u0142ynu maziowego dzia\u0142aj\u0105cego jak smar na stawy oraz jest g\u0142\u00f3wnym sk\u0142adnikiem tkanki \u0142\u0105cznej sk\u00f3ry. Metylosulfonylometan (MSM) to organiczne \u017ar\u00f3d\u0142o siarki, mineralnego przeciwutleniacza i wa\u017cnego sk\u0142adnika strukturalnych tkanek organizmu, takich jak chrz\u0105stka. Siarka pochodz\u0105ca z MSM jest wbudowywana w tkanki stawowe jako glikozaminoglikany (lub mukopolisacharydy) takie jak siarczan chondroityny i kwas hialuronowy. Witamina C I mangan s\u0105 niezb\u0119dne do syntezy kolagenu i chrz\u0105stki. Produkt dostarcza siarczanu glukozaminy bez sodu, stabilizowanego tylko chlorkiem potasu.Tkanka chrz\u0119stna jest wa\u017cnym elementem narz\u0105du ruchu. Jej uszkodzenie lub degeneracja mo\u017ce skutkowa\u0107 powa\u017cnymi zaburzeniami prawid\u0142owej pracy staw\u00f3w. Sporty wyczynowe, przewlek\u0142e reakcje zapalne czy zaburzenia hormonalne to niekt\u00f3re z przyczyn degeneracji chrz\u0105stki. Ze wzgl\u0119du na brak unaczynienia w tkance chrz\u0119stnej, choroby zwyrodnieniowe staw\u00f3w cz\u0119sto przebiegaj\u0105 pocz\u0105tkowo bezobjawowo.Siarczan glukozaminy, siarczan chondroityny i MSM to substancje zaliczane do tzw. SYSADOA (symptomatic slow acting drugs in ostheoarthritis), czyli grupy lek\u00f3w stosowanych w terapii choroby zwyrodnieniowej staw\u00f3w.Glukozamina to naturalnie wyst\u0119puj\u0105cy w organizmie zwi\u0105zek aminomonosacharydowy. Jest prekursorem do syntezy proteoglikan\u00f3w i glikozaminoglikan\u00f3w &#8211; wa\u017cnych sk\u0142adnik\u00f3w substancji mi\u0119dzykom\u00f3rkowej chrz\u0105stki stawowej.Chondrocyty (kom\u00f3rki tkanki chrz\u0119stnej) wbudowuj\u0105 glukozamin\u0119 do glikozaminoglikan\u00f3w \u2013 polisacharyd\u00f3w wchodz\u0105cych w sk\u0142ad substancji podstawowej tkanki \u0142\u0105cznej. Ponadto glukozamina wp\u0142ywa na zmniejszenie aktywno\u015bci niekt\u00f3rych metaloproteaz uczestnicz\u0105cych procesie degradacji chrz\u0105stki.Glukozamina wykazuje aktywno\u015b\u0107 przeciwzapaln\u0105. Zgodnie z wynikami bada\u0144, glukozamina mo\u017ce hamowa\u0107 cytokiny prozapalne (IL-1\u03b2) i zmniejsza\u0107 wytwarzanie prostaglandyn (PGE2), wspieraj\u0105c procesy naprawcze chrz\u0105stki stawowej.W\u0142a\u015bciwo\u015bci Jarrow Formulas Glucosamine + Chondroitin + MSMKompleksowa formu\u0142a wspieraj\u0105ca stawyWp\u0142ywa korzystnie na stan sk\u00f3ry, w\u0142os\u00f3w i paznokciPomaga zwi\u0119kszy\u0107 mobilno\u015b\u0107 staw\u00f3wRedukuje ryzyko uraz\u00f3w i kontuzjiSprzyja sprawnej regeneracji \u015bci\u0119gien i staw\u00f3wSprzyja wzmo\u017conej produkcji mazi stawowejPomaga zachowa\u0107 elastyczne i zdrowe stawyRedukuje dolegliwo\u015bci b\u00f3lowe i porann\u0105 sztywno\u015b\u0107<\/p>\n<p>Stawy mi\u0119\u015bnie i ko\u015bci<\/p>\n<p>betulina w tabletkach, boswellia na jelita, dra\u017ce, udziec wo\u0142owy, frank and oli, mleko ro\u015blinne, platki migdalowe, tabletki na wlosy, p\u0142atki bez glutenu<\/p>\n<p>yyyyy<\/p>\n","protected":false},"excerpt":{"rendered":"<p>Jarrow Formulas Glucosamine+Chondroitin+MSM od Jarrow Formulas, to suplement wspomagaj\u0105cy regenracj\u0119 prac\u0119 staw\u00f3w i ko\u015bci. Jarrow FORMULAS Glucosamine + Chondroitin +&hellip;<\/p>\n","protected":false},"featured_media":4438,"comment_status":"closed","ping_status":"open","template":"","meta":[],"product_cat":[25],"product_tag":[794,679,796],"class_list":["post-4437","product","type-product","status-publish","has-post-thumbnail","hentry","product_cat-elektryczne-szczoteczki-do-zebow","product_tag-awokado-hass","product_tag-dynia-hokkaido","product_tag-pasta-misi"],"_links":{"self":[{"href":"https:\/\/wegeblw.pl\/index.php\/wp-json\/wp\/v2\/product\/4437","targetHints":{"allow":["GET"]}}],"collection":[{"href":"https:\/\/wegeblw.pl\/index.php\/wp-json\/wp\/v2\/product"}],"about":[{"href":"https:\/\/wegeblw.pl\/index.php\/wp-json\/wp\/v2\/types\/product"}],"replies":[{"embeddable":true,"href":"https:\/\/wegeblw.pl\/index.php\/wp-json\/wp\/v2\/comments?post=4437"}],"wp:featuredmedia":[{"embeddable":true,"href":"https:\/\/wegeblw.pl\/index.php\/wp-json\/wp\/v2\/media\/4438"}],"wp:attachment":[{"href":"https:\/\/wegeblw.pl\/index.php\/wp-json\/wp\/v2\/media?parent=4437"}],"wp:term":[{"taxonomy":"product_cat","embeddable":true,"href":"https:\/\/wegeblw.pl\/index.php\/wp-json\/wp\/v2\/product_cat?post=4437"},{"taxonomy":"product_tag","embeddable":true,"href":"https:\/\/wegeblw.pl\/index.php\/wp-json\/wp\/v2\/product_tag?post=4437"}],"curies":[{"name":"wp","href":"https:\/\/api.w.org\/{rel}","templated":true}]}}