{"id":4453,"date":"2022-01-03T13:52:36","date_gmt":"2022-01-03T12:52:36","guid":{"rendered":"https:\/\/wegeblw.pl\/index.php\/produkt\/sodastream-terra-mega-pack-czarny\/"},"modified":"2026-04-08T14:29:46","modified_gmt":"2026-04-08T12:29:46","slug":"sodastream-terra-mega-pack-czarny","status":"publish","type":"product","link":"https:\/\/wegeblw.pl\/index.php\/produkt\/sodastream-terra-mega-pack-czarny\/","title":{"rendered":"Sodastream Terra Mega Pack Czarny"},"content":{"rendered":"<p>Pacjent po zastosowaniu preparatu Traumon odczuwa wyra\u017an\u0105 ulg\u0119 w b\u00f3lu, ust\u0119powanie obrz\u0119ku, a tak\u017ce popraw\u0119 ruchomo\u015bci w kontuzjowanym stawie.St\u0119\u017cenie Traumonu w uszkodzonych tkankach utrzymuje si\u0119 przez d\u0142ugi czas.Przed u\u017cyciem zapoznaj si\u0119 z ulotk\u0105, kt\u00f3ra zawiera wskazania, przeciwwskazania, dane dotycz\u0105ce dzia\u0142a\u0144 niepo\u017c\u0105danych, dawkowanie oraz informacje dotycz\u0105ce stosowania produktu leczniczego b\u0105d\u017a skonsultuj si\u0119 z lekarzem lub farmaceut\u0105, gdy\u017c ka\u017cdy lek niew\u0142a\u015bciwie stosowany zagra\u017ca Twojemu \u017cyciu lub zdrowiu.<\/p>\n<p>Przeciwb\u00f3lowe<\/p>\n<p>askorbinian sodu visanto jak stosowa\u0107, redstar shop, zakwas z burak\u00f3w zakwasownia, grzyby marnowane, kawa eko, ekologiczny sklep, witaminy do rozpuszczania w wodzie, grecki dip, najlepsze cukierki, tabletki msm, 50 g m\u0105ki ziemniaczanej, udko z kurczaka, syrop z mi\u0119ty pieprzowej, chia jak je\u015b\u0107, maslo orzechowe cena, produkty pku, mro\u017cone, orzeszki, cukier 1 kg cena<\/p>\n<p><a href=\"https:\/\/krolewskie-miody.pl\/falszywy-miod\/\">https:\/\/krolewskie-miody.pl\/falszywy-miod\/<\/a><\/p>\n","protected":false},"excerpt":{"rendered":"<p>Pacjent po zastosowaniu preparatu Traumon odczuwa wyra\u017an\u0105 ulg\u0119 w b\u00f3lu, ust\u0119powanie obrz\u0119ku, a tak\u017ce popraw\u0119 ruchomo\u015bci w kontuzjowanym stawie.St\u0119\u017cenie Traumonu&hellip;<\/p>\n","protected":false},"featured_media":4454,"comment_status":"closed","ping_status":"open","template":"","meta":[],"product_cat":[345],"product_tag":[753,848,744,716,668],"class_list":["post-4453","product","type-product","status-publish","has-post-thumbnail","hentry","product_cat-saturatory","product_tag-english-tea-shop-kalendarz-adwentowy","product_tag-granat-z-pestki","product_tag-haagen-dazs","product_tag-leckers","product_tag-wolowina-ekologiczna"],"_links":{"self":[{"href":"https:\/\/wegeblw.pl\/index.php\/wp-json\/wp\/v2\/product\/4453","targetHints":{"allow":["GET"]}}],"collection":[{"href":"https:\/\/wegeblw.pl\/index.php\/wp-json\/wp\/v2\/product"}],"about":[{"href":"https:\/\/wegeblw.pl\/index.php\/wp-json\/wp\/v2\/types\/product"}],"replies":[{"embeddable":true,"href":"https:\/\/wegeblw.pl\/index.php\/wp-json\/wp\/v2\/comments?post=4453"}],"wp:featuredmedia":[{"embeddable":true,"href":"https:\/\/wegeblw.pl\/index.php\/wp-json\/wp\/v2\/media\/4454"}],"wp:attachment":[{"href":"https:\/\/wegeblw.pl\/index.php\/wp-json\/wp\/v2\/media?parent=4453"}],"wp:term":[{"taxonomy":"product_cat","embeddable":true,"href":"https:\/\/wegeblw.pl\/index.php\/wp-json\/wp\/v2\/product_cat?post=4453"},{"taxonomy":"product_tag","embeddable":true,"href":"https:\/\/wegeblw.pl\/index.php\/wp-json\/wp\/v2\/product_tag?post=4453"}],"curies":[{"name":"wp","href":"https:\/\/api.w.org\/{rel}","templated":true}]}}